{"id":980,"date":"2020-05-14T19:45:58","date_gmt":"2020-05-14T19:45:58","guid":{"rendered":"http:\/\/34.67.86.69\/?page_id=980"},"modified":"2020-08-18T12:07:49","modified_gmt":"2020-08-18T15:07:49","slug":"afiliacion-interprovincial","status":"publish","type":"page","link":"https:\/\/osepmendoza.com.ar\/web\/tramites-y-consultas-2\/afiliacion\/afiliacion-interprovincial\/","title":{"rendered":"Afiliaci\u00f3n Interprovincial"},"content":{"rendered":"<section class=\"sh-section sh-section-827082db83664970c10192a21ca3210b fw-main-row sh-section-visibility-everywhere\">\r\n\t\r\n\t\r\n\t<div class=\"sh-section-container container\">\r\n\t\t\t<\/div>\r\n<\/section>\r\n\r\n<section class=\"sh-section sh-section-24a431f2542ef03acd45ae7c4ba5d9ca fw-main-row sh-section-visibility-everywhere\">\r\n\t\r\n\t\r\n\t<div class=\"sh-section-container container\">\r\n\t\t<div class=\"fw-row\">\n\t\r\n<div class=\"sh-column sh-column-107674e4341b6c4d4a45669c0eaec7ba fw-col-xs-12\" >\r\n\r\n\t\r\n\t<div class=\"sh-column-wrapper\">\r\n\t\t\r\n<div id=\"text-block-28191f6aa4b2ca62c7247161ad89a6ec\" class=\"sh-text-block\">\r\n\t<h2 style=\"margin-bottom: 15px; text-align: center;\"><span style=\"color: #746e80; font-size: 30px;\"><img loading=\"lazy\" decoding=\"async\" class=\"alignnone size-full wp-image-453\" src=\"http:\/\/osepmendoza.com.ar\/web\/wp-content\/uploads\/2020\/05\/t3.svg\" alt=\"prestadores\" width=\"64\" height=\"64\" \/> Afiliaci\u00f3n Interprovincial<\/span><\/h2><\/div>\r\n\t<\/div>\r\n\r\n\r\n\t\t\r\n\r\n<\/div>\r\n<\/div>\n\n<div class=\"fw-row\">\n\t\r\n<div class=\"sh-column sh-column-e8e6831fc210a0c9334ad055925c974e fw-col-xs-12 fw-col-sm-2\" >\r\n\r\n\t\r\n\t<div class=\"sh-column-wrapper\">\r\n\t\t\t<\/div>\r\n\r\n\r\n\t\t\r\n\r\n<\/div>\r\n\r\n<div class=\"sh-column sh-column-d92246163d84129f62c5eb9fa1f27e1b fw-col-xs-12 fw-col-sm-8\" >\r\n\r\n\t\r\n\t<div class=\"sh-column-wrapper\">\r\n\t\t\r\n<div id=\"text-block-9c4e4cc4733d9dcc81de7947aabbace7\" class=\"sh-text-block\">\r\n\t<p style=\"text-align: center;\"><strong>OSEP<\/strong> cuenta con <strong>convenios de reciprocidad <\/strong>con obras sociales de diferentes provincias. Por eso, si usted reside o es radicado en otra provincia puede solicitarlo presentando la documentaci\u00f3n requerida.<\/p><\/div>\r\n\t<\/div>\r\n\r\n\r\n\t\t\r\n\r\n<\/div>\r\n\r\n<div class=\"sh-column sh-column-2f1e667135ffe94285ace9625ae886a5 fw-col-xs-12 fw-col-sm-2\" >\r\n\r\n\t\r\n\t<div class=\"sh-column-wrapper\">\r\n\t\t\t<\/div>\r\n\r\n\r\n\t\t\r\n\r\n<\/div>\r\n<\/div>\n\n<div class=\"fw-row\">\n\t\r\n<div class=\"sh-column sh-column-60bce4452bd2289bd66a558c1fa43957 fw-col-xs-12\" >\r\n\r\n\t\r\n\t<div class=\"sh-column-wrapper\">\r\n\t\t\r\n<div id=\"divider-4e7f2ab55400a3fa88177f673fe59939\" class=\"sh-divider sh-divider-center sh-divider-content-none\">\r\n\t\t\t<div class=\"sh-divider-line\"><\/div>\r\n\t<\/div>\r\n\t<\/div>\r\n\r\n\r\n\t\t\r\n\r\n<\/div>\r\n<\/div>\n\n\t<\/div>\r\n<\/section>\r\n\r\n<section class=\"sh-section sh-section-3ada0692a6cad8c9d8ce792998bcaff7 fw-main-row sh-section-visibility-everywhere\">\r\n\t\r\n\t\r\n\t<div class=\"sh-section-container container\">\r\n\t\t<div class=\"fw-row\">\n\t\r\n<div class=\"sh-column sh-column-99191c2399b7e67ff7305c3847184bca fw-col-xs-12 fw-col-sm-3\" >\r\n\r\n\t\r\n\t<div class=\"sh-column-wrapper\">\r\n\t\t\r\n<div id=\"text-block-c0fec1ba49326de4562983b52c8105bc\" class=\"sh-text-block\">\r\n\t<h3><\/h3><h3 style=\"text-align: left;\">Documentaci\u00f3n requerida:<\/h3><\/div>\r\n\t<\/div>\r\n\r\n\r\n\t\t\r\n\r\n<\/div>\r\n\r\n<div class=\"sh-column sh-column-cdbdee03bb78d8901175ffb5eec8e95f fw-col-xs-12 fw-col-sm-9\" >\r\n\r\n\t\r\n\t<div class=\"sh-column-wrapper\">\r\n\t\t\r\n<ul class=\"sh-list sh-list-style4\" id=\"list-07b6fcc017372511f3e383064d48e057\">\r\n\t\t\t<li class=\"sh-list-item\">\r\n\t\t\t<span class=\"sh-list-icon\">\r\n\t\t\t\t<i class=\"ti-arrow-circle-right\"><\/i>\r\n\t\t\t<\/span>\r\n\t\t\tD.N.I con domicilio en otra provincia o certificado de residencia\t\t<\/li>\r\n\t<\/ul>\r\n\r\n<ul class=\"sh-list sh-list-style4\" id=\"list-ddd499c02fb0a860147abfcf868f94b2\">\r\n\t\t\t<li class=\"sh-list-item\">\r\n\t\t\t<span class=\"sh-list-icon\">\r\n\t\t\t\t<i class=\"ti-arrow-circle-right\"><\/i>\r\n\t\t\t<\/span>\r\n\t\t\tBono de sueldo del titular\t\t<\/li>\r\n\t<\/ul>\r\n\r\n<ul class=\"sh-list sh-list-style4\" id=\"list-cc4fbb91531aa701f815fea5f5c91818\">\r\n\t\t\t<li class=\"sh-list-item\">\r\n\t\t\t<span class=\"sh-list-icon\">\r\n\t\t\t\t<i class=\"ti-arrow-circle-right\"><\/i>\r\n\t\t\t<\/span>\r\n\t\t\tCertificado de estudios en el caso que corresponda (Hijos mayores de 18 a\u00f1os hasta los 26 a\u00f1os con estudios universitarios o terciarios)\t\t<\/li>\r\n\t<\/ul>\r\n\t<\/div>\r\n\r\n\r\n\t\t\r\n\r\n<\/div>\r\n<\/div>\n\n\t<\/div>\r\n<\/section>\r\n\r\n<section class=\"sh-section sh-section-9942d1e38d22dff98a19e57a8d241026 fw-main-row sh-section-visibility-everywhere\">\r\n\t\r\n\t\r\n\t<div class=\"sh-section-container container\">\r\n\t\t<div class=\"fw-row\">\n\t\r\n<div class=\"sh-column sh-column-d1aa278b9e04a8838f7a67d12b7eefa8 fw-col-xs-12\" >\r\n\r\n\t\r\n\t<div class=\"sh-column-wrapper\">\r\n\t\t\r\n<div id=\"divider-217bbe757428681851a3454b34e0b6d7\" class=\"sh-divider sh-divider-center sh-divider-content-none\">\r\n\t\t\t<div class=\"sh-divider-line\"><\/div>\r\n\t<\/div>\r\n\t<\/div>\r\n\r\n\r\n\t\t\r\n\r\n<\/div>\r\n<\/div>\n\n<div class=\"fw-row\">\n\t\r\n<div class=\"sh-column sh-column-d1aa278b9e04a8838f7a67d12b7eefa8 fw-col-xs-12\" >\r\n\r\n\t\r\n\t<div class=\"sh-column-wrapper\">\r\n\t\t\r\n<div id=\"text-block-9002688319bbccca38c3e2ad0616dfc3\" class=\"sh-text-block\">\r\n\t<p>Se emitir\u00e1 una carta de presentaci\u00f3n seg\u00fan cada situaci\u00f3n y deber\u00e1 ser presentada en la Obra Social de la provincia.<\/p><p>Puede <strong>solicitar la carta en OSEP <\/strong>Central, en su Sede territorial mas cercana o enviando un correo electr\u00f3nico a <strong>saiafiliaciones@gmail.com<\/strong><\/p><\/div>\r\n\t<\/div>\r\n\r\n\r\n\t\t\r\n\r\n<\/div>\r\n<\/div>\n\n<div class=\"fw-row\">\n\t\r\n<div class=\"sh-column sh-column-d1aa278b9e04a8838f7a67d12b7eefa8 fw-col-xs-12\" >\r\n\r\n\t\r\n\t<div class=\"sh-column-wrapper\">\r\n\t\t\r\n<div id=\"text-block-98bc27d6b60891da5b2d89568ae0f049\" class=\"sh-text-block\">\r\n\t<h3 style=\"text-align: left;\">Convenios vigentes<\/h3><div class=\"wptb-container-legacy\" data-table-id=\"41982\">\n    <table class=\"wptb-preview-table wptb-element-main-table_setting-997\" data-reconstraction=\"1\" style=\"border: 0px solid rgb(239, 234, 255);\" data-wptb-table-tds-sum-max-width=\"278\" data-wptb-cells-width-auto-count=\"2\" data-wptb-table-alignment=\"center\" data-table-columns=\"1\"><tbody><tr class=\"wptb-row\" style=\"background-color: rgb(243, 239, 255);\"><td class=\"wptb-cell\" style=\"border-width: 6px; border-color: rgb(239, 234, 255); border-style: solid;\" data-wptb-css-td-auto-width=\"true\"><div class=\"wptb-text-container wptb-ph-element wptb-element-text-1\" style=\"font-size: 18px;\"><div class=\"\" style=\"position: relative;\"><p>BUENOS AIRES \u2013 IOMA<br>CAPITAL FEDERAL \u2013 OSECAC<br>CATAMARCA \u2013 OSEP<br>CORRIENTES \u2013 IOSCOR<br>CHACO \u2013 INSSEP<br>ENTRE R\u00cdOS \u2013 IOSPER<br>FORMOSA \u2013 IASEP<br>JUJUY \u2013 ISJ<br>MISIONES \u2013 IPSM<br>R\u00cdO NEGRO \u2013 IPROSS<br>SALTA \u2013 IPS<br>SANTA FE \u2013 IAPOS<br><\/p><\/div><\/div><\/td><td class=\"wptb-cell\" style=\"border-width: 6px; border-color: rgb(239, 234, 255); border-style: solid;\" data-wptb-css-td-auto-width=\"true\"><div class=\"wptb-text-container wptb-ph-element wptb-element-text-2\" style=\"font-size: 18px;\"><div class=\"\" style=\"position: relative;\"><p>TUCUM\u00c1N \u2013 IPSS<br>C\u00d3RDOBA \u2013 APROSS<br>NEUQU\u00c9N \u2013 ISSM<br>LA PAMPA \u2013 SEMPRE<br>LA RIOJA \u2013 APOS<br>CHUBUT \u2013 SEROS<br>SAN LUIS \u2013 DOSEP<br>SAN JUAN \u2013 DOS<br>SANTA CRUZ \u2013 CSS<br>TIERRA DEL FUEGO \u2013 OSTDF<br>SANTIAGO DEL ESTERO \u2013 IOSEP<\/p><\/div><\/div><\/td><\/tr><\/tbody><\/table>\n<\/div><\/div>\r\n\t<\/div>\r\n\r\n\r\n\t\t\r\n\r\n<\/div>\r\n<\/div>\n\n\t<\/div>\r\n<\/section>\r\n\r\n<section class=\"sh-section sh-section-11952b1bf63d0bb8f5d9c8c07533feb1 fw-main-row sh-section-visibility-everywhere\">\r\n\t\r\n\t\r\n\t<div class=\"sh-section-container container\">\r\n\t\t<div class=\"fw-row\">\n\t\r\n<div class=\"sh-column sh-column-2be6ee00392a834d777996ec3a118ea4 fw-col-xs-12 news\" >\r\n\r\n\t\r\n\t<div class=\"sh-column-wrapper\">\r\n\t\t\r\n<div id=\"text-block-bfba8583eadd64474dcfbcb52281ea4c\" class=\"sh-text-block\">\r\n\t<p><img loading=\"lazy\" decoding=\"async\" class=\"wp-image-429 aligncenter\" src=\"http:\/\/osepmendoza.com.ar\/web\/wp-content\/uploads\/2020\/05\/helposep.svg\" alt=\"ayuda\" width=\"84\" height=\"102\" \/><\/p><h2 style=\"text-align: center;\">\u00bfNecesit\u00e1s m\u00e1s ayuda?<\/h2><p style=\"text-align: center;\"><span style=\"font-size: 18px;\">Visit\u00e1 nuestra secci\u00f3n de ayuda, preguntas frecuentes y tutoriales.<\/span><\/p><\/div>\r\n\r\n<div id=\"button-c9aa4240d46fa009c60ba4a9e9074d4a\" class=\"sh-button-container  sh-button-style-1\">\r\n\t<div class=\"sh-element-margin\">\r\n\t\t<a href=\"https:\/\/osepmendoza.com.ar\/ayuda\" target=\"_blank\" class=\"sh-button sh-button-medium \">\r\n\r\n\t\t\t\r\n\t\t\t\t\t\t\t<span class=\"sh-button-text\">\r\n\t\t\t\t\tM\u00e1s ayuda\t\t\t\t<\/span>\r\n\t\t\t\r\n\t\t\t\r\n\t\t<\/a>\r\n\t\t\t<\/div>\r\n<\/div>\r\n\t<\/div>\r\n\r\n\r\n\t\t\r\n\r\n<\/div>\r\n<\/div>\n\n\t<\/div>\r\n<\/section>\n","protected":false},"excerpt":{"rendered":"<p>Afiliaci\u00f3n Interprovincial OSEP cuenta con convenios de reciprocidad con obras&#8230;<\/p>\n","protected":false},"author":14,"featured_media":0,"parent":941,"menu_order":54,"comment_status":"closed","ping_status":"closed","template":"","meta":{"_acf_changed":false,"inline_featured_image":false,"_exactmetrics_skip_tracking":false,"_exactmetrics_sitenote_active":false,"_exactmetrics_sitenote_note":"","_exactmetrics_sitenote_category":0,"footnotes":"","_links_to":"","_links_to_target":""},"class_list":["post-980","page","type-page","status-publish","hentry"],"acf":[],"yoast_head":"<!-- This site is optimized with the Yoast SEO plugin v27.5 - https:\/\/yoast.com\/product\/yoast-seo-wordpress\/ -->\n<title>Afiliaci\u00f3n Interprovincial - OSEP Mendoza<\/title>\n<meta name=\"robots\" content=\"index, follow, max-snippet:-1, max-image-preview:large, max-video-preview:-1\" \/>\n<link rel=\"canonical\" href=\"https:\/\/osepmendoza.com.ar\/web\/tramites-y-consultas-2\/afiliacion\/afiliacion-interprovincial\/\" \/>\n<meta property=\"og:locale\" content=\"es_ES\" \/>\n<meta property=\"og:type\" content=\"article\" \/>\n<meta property=\"og:title\" content=\"Afiliaci\u00f3n Interprovincial - OSEP Mendoza\" \/>\n<meta property=\"og:description\" content=\"Afiliaci\u00f3n Interprovincial OSEP cuenta con convenios de reciprocidad con obras...\" \/>\n<meta property=\"og:url\" content=\"https:\/\/osepmendoza.com.ar\/web\/tramites-y-consultas-2\/afiliacion\/afiliacion-interprovincial\/\" \/>\n<meta property=\"og:site_name\" content=\"OSEP Mendoza\" \/>\n<meta property=\"article:publisher\" content=\"https:\/\/www.facebook.com\/OSEP.MendozaArg\/\" \/>\n<meta property=\"article:modified_time\" content=\"2020-08-18T15:07:49+00:00\" \/>\n<meta property=\"og:image\" content=\"http:\/\/osepmendoza.com.ar\/web\/wp-content\/uploads\/2020\/05\/t3.svg\" \/>\n<meta name=\"twitter:card\" content=\"summary_large_image\" \/>\n<meta name=\"twitter:site\" content=\"@OsepMza\" \/>\n<meta name=\"twitter:label1\" content=\"Tiempo de lectura\" \/>\n\t<meta name=\"twitter:data1\" content=\"1 minuto\" \/>\n<script type=\"application\/ld+json\" class=\"yoast-schema-graph\">{\"@context\":\"https:\\\/\\\/schema.org\",\"@graph\":[{\"@type\":\"WebPage\",\"@id\":\"https:\\\/\\\/osepmendoza.com.ar\\\/web\\\/tramites-y-consultas-2\\\/afiliacion\\\/afiliacion-interprovincial\\\/\",\"url\":\"https:\\\/\\\/osepmendoza.com.ar\\\/web\\\/tramites-y-consultas-2\\\/afiliacion\\\/afiliacion-interprovincial\\\/\",\"name\":\"Afiliaci\u00f3n Interprovincial - OSEP Mendoza\",\"isPartOf\":{\"@id\":\"https:\\\/\\\/osepmendoza.com.ar\\\/web\\\/#website\"},\"primaryImageOfPage\":{\"@id\":\"https:\\\/\\\/osepmendoza.com.ar\\\/web\\\/tramites-y-consultas-2\\\/afiliacion\\\/afiliacion-interprovincial\\\/#primaryimage\"},\"image\":{\"@id\":\"https:\\\/\\\/osepmendoza.com.ar\\\/web\\\/tramites-y-consultas-2\\\/afiliacion\\\/afiliacion-interprovincial\\\/#primaryimage\"},\"thumbnailUrl\":\"http:\\\/\\\/osepmendoza.com.ar\\\/web\\\/wp-content\\\/uploads\\\/2020\\\/05\\\/t3.svg\",\"datePublished\":\"2020-05-14T19:45:58+00:00\",\"dateModified\":\"2020-08-18T15:07:49+00:00\",\"breadcrumb\":{\"@id\":\"https:\\\/\\\/osepmendoza.com.ar\\\/web\\\/tramites-y-consultas-2\\\/afiliacion\\\/afiliacion-interprovincial\\\/#breadcrumb\"},\"inLanguage\":\"es\",\"potentialAction\":[{\"@type\":\"ReadAction\",\"target\":[\"https:\\\/\\\/osepmendoza.com.ar\\\/web\\\/tramites-y-consultas-2\\\/afiliacion\\\/afiliacion-interprovincial\\\/\"]}]},{\"@type\":\"ImageObject\",\"inLanguage\":\"es\",\"@id\":\"https:\\\/\\\/osepmendoza.com.ar\\\/web\\\/tramites-y-consultas-2\\\/afiliacion\\\/afiliacion-interprovincial\\\/#primaryimage\",\"url\":\"https:\\\/\\\/osepmendoza.com.ar\\\/web\\\/wp-content\\\/uploads\\\/2020\\\/05\\\/t3.svg\",\"contentUrl\":\"https:\\\/\\\/osepmendoza.com.ar\\\/web\\\/wp-content\\\/uploads\\\/2020\\\/05\\\/t3.svg\",\"width\":75,\"height\":75},{\"@type\":\"BreadcrumbList\",\"@id\":\"https:\\\/\\\/osepmendoza.com.ar\\\/web\\\/tramites-y-consultas-2\\\/afiliacion\\\/afiliacion-interprovincial\\\/#breadcrumb\",\"itemListElement\":[{\"@type\":\"ListItem\",\"position\":1,\"name\":\"Portada\",\"item\":\"https:\\\/\\\/osepmendoza.com.ar\\\/web\\\/\"},{\"@type\":\"ListItem\",\"position\":2,\"name\":\"Tr\u00e1mites y Consultas\",\"item\":\"https:\\\/\\\/osepmendoza.com.ar\\\/web\\\/tramites-y-consultas-2\\\/\"},{\"@type\":\"ListItem\",\"position\":3,\"name\":\"Afiliaci\u00f3n\",\"item\":\"https:\\\/\\\/osepmendoza.com.ar\\\/web\\\/tramites-y-consultas-2\\\/afiliacion\\\/\"},{\"@type\":\"ListItem\",\"position\":4,\"name\":\"Afiliaci\u00f3n Interprovincial\"}]},{\"@type\":\"WebSite\",\"@id\":\"https:\\\/\\\/osepmendoza.com.ar\\\/web\\\/#website\",\"url\":\"https:\\\/\\\/osepmendoza.com.ar\\\/web\\\/\",\"name\":\"OSEP Mendoza\",\"description\":\"Obra Social de los Empleados P\u00fablicos de Mendoza\",\"publisher\":{\"@id\":\"https:\\\/\\\/osepmendoza.com.ar\\\/web\\\/#organization\"},\"potentialAction\":[{\"@type\":\"SearchAction\",\"target\":{\"@type\":\"EntryPoint\",\"urlTemplate\":\"https:\\\/\\\/osepmendoza.com.ar\\\/web\\\/?s={search_term_string}\"},\"query-input\":{\"@type\":\"PropertyValueSpecification\",\"valueRequired\":true,\"valueName\":\"search_term_string\"}}],\"inLanguage\":\"es\"},{\"@type\":\"Organization\",\"@id\":\"https:\\\/\\\/osepmendoza.com.ar\\\/web\\\/#organization\",\"name\":\"OSEP - Obra Social de Empleados P\u00fablicos de Mendoza\",\"url\":\"https:\\\/\\\/osepmendoza.com.ar\\\/web\\\/\",\"logo\":{\"@type\":\"ImageObject\",\"inLanguage\":\"es\",\"@id\":\"https:\\\/\\\/osepmendoza.com.ar\\\/web\\\/#\\\/schema\\\/logo\\\/image\\\/\",\"url\":\"https:\\\/\\\/osepmendoza.com.ar\\\/web\\\/wp-content\\\/uploads\\\/2020\\\/04\\\/lkTM9T9z.jpg\",\"contentUrl\":\"https:\\\/\\\/osepmendoza.com.ar\\\/web\\\/wp-content\\\/uploads\\\/2020\\\/04\\\/lkTM9T9z.jpg\",\"width\":334,\"height\":334,\"caption\":\"OSEP - Obra Social de Empleados P\u00fablicos de Mendoza\"},\"image\":{\"@id\":\"https:\\\/\\\/osepmendoza.com.ar\\\/web\\\/#\\\/schema\\\/logo\\\/image\\\/\"},\"sameAs\":[\"https:\\\/\\\/www.facebook.com\\\/OSEP.MendozaArg\\\/\",\"https:\\\/\\\/x.com\\\/OsepMza\",\"https:\\\/\\\/www.instagram.com\\\/osep.mendoza\\\/\",\"https:\\\/\\\/www.youtube.com\\\/user\\\/osepvideos\"]}]}<\/script>\n<!-- \/ Yoast SEO plugin. -->","yoast_head_json":{"title":"Afiliaci\u00f3n Interprovincial - OSEP Mendoza","robots":{"index":"index","follow":"follow","max-snippet":"max-snippet:-1","max-image-preview":"max-image-preview:large","max-video-preview":"max-video-preview:-1"},"canonical":"https:\/\/osepmendoza.com.ar\/web\/tramites-y-consultas-2\/afiliacion\/afiliacion-interprovincial\/","og_locale":"es_ES","og_type":"article","og_title":"Afiliaci\u00f3n Interprovincial - OSEP Mendoza","og_description":"Afiliaci\u00f3n Interprovincial OSEP cuenta con convenios de reciprocidad con obras...","og_url":"https:\/\/osepmendoza.com.ar\/web\/tramites-y-consultas-2\/afiliacion\/afiliacion-interprovincial\/","og_site_name":"OSEP Mendoza","article_publisher":"https:\/\/www.facebook.com\/OSEP.MendozaArg\/","article_modified_time":"2020-08-18T15:07:49+00:00","og_image":[{"url":"http:\/\/osepmendoza.com.ar\/web\/wp-content\/uploads\/2020\/05\/t3.svg","type":"","width":"","height":""}],"twitter_card":"summary_large_image","twitter_site":"@OsepMza","twitter_misc":{"Tiempo de lectura":"1 minuto"},"schema":{"@context":"https:\/\/schema.org","@graph":[{"@type":"WebPage","@id":"https:\/\/osepmendoza.com.ar\/web\/tramites-y-consultas-2\/afiliacion\/afiliacion-interprovincial\/","url":"https:\/\/osepmendoza.com.ar\/web\/tramites-y-consultas-2\/afiliacion\/afiliacion-interprovincial\/","name":"Afiliaci\u00f3n Interprovincial - OSEP Mendoza","isPartOf":{"@id":"https:\/\/osepmendoza.com.ar\/web\/#website"},"primaryImageOfPage":{"@id":"https:\/\/osepmendoza.com.ar\/web\/tramites-y-consultas-2\/afiliacion\/afiliacion-interprovincial\/#primaryimage"},"image":{"@id":"https:\/\/osepmendoza.com.ar\/web\/tramites-y-consultas-2\/afiliacion\/afiliacion-interprovincial\/#primaryimage"},"thumbnailUrl":"http:\/\/osepmendoza.com.ar\/web\/wp-content\/uploads\/2020\/05\/t3.svg","datePublished":"2020-05-14T19:45:58+00:00","dateModified":"2020-08-18T15:07:49+00:00","breadcrumb":{"@id":"https:\/\/osepmendoza.com.ar\/web\/tramites-y-consultas-2\/afiliacion\/afiliacion-interprovincial\/#breadcrumb"},"inLanguage":"es","potentialAction":[{"@type":"ReadAction","target":["https:\/\/osepmendoza.com.ar\/web\/tramites-y-consultas-2\/afiliacion\/afiliacion-interprovincial\/"]}]},{"@type":"ImageObject","inLanguage":"es","@id":"https:\/\/osepmendoza.com.ar\/web\/tramites-y-consultas-2\/afiliacion\/afiliacion-interprovincial\/#primaryimage","url":"https:\/\/osepmendoza.com.ar\/web\/wp-content\/uploads\/2020\/05\/t3.svg","contentUrl":"https:\/\/osepmendoza.com.ar\/web\/wp-content\/uploads\/2020\/05\/t3.svg","width":75,"height":75},{"@type":"BreadcrumbList","@id":"https:\/\/osepmendoza.com.ar\/web\/tramites-y-consultas-2\/afiliacion\/afiliacion-interprovincial\/#breadcrumb","itemListElement":[{"@type":"ListItem","position":1,"name":"Portada","item":"https:\/\/osepmendoza.com.ar\/web\/"},{"@type":"ListItem","position":2,"name":"Tr\u00e1mites y Consultas","item":"https:\/\/osepmendoza.com.ar\/web\/tramites-y-consultas-2\/"},{"@type":"ListItem","position":3,"name":"Afiliaci\u00f3n","item":"https:\/\/osepmendoza.com.ar\/web\/tramites-y-consultas-2\/afiliacion\/"},{"@type":"ListItem","position":4,"name":"Afiliaci\u00f3n Interprovincial"}]},{"@type":"WebSite","@id":"https:\/\/osepmendoza.com.ar\/web\/#website","url":"https:\/\/osepmendoza.com.ar\/web\/","name":"OSEP Mendoza","description":"Obra Social de los Empleados P\u00fablicos de Mendoza","publisher":{"@id":"https:\/\/osepmendoza.com.ar\/web\/#organization"},"potentialAction":[{"@type":"SearchAction","target":{"@type":"EntryPoint","urlTemplate":"https:\/\/osepmendoza.com.ar\/web\/?s={search_term_string}"},"query-input":{"@type":"PropertyValueSpecification","valueRequired":true,"valueName":"search_term_string"}}],"inLanguage":"es"},{"@type":"Organization","@id":"https:\/\/osepmendoza.com.ar\/web\/#organization","name":"OSEP - Obra Social de Empleados P\u00fablicos de Mendoza","url":"https:\/\/osepmendoza.com.ar\/web\/","logo":{"@type":"ImageObject","inLanguage":"es","@id":"https:\/\/osepmendoza.com.ar\/web\/#\/schema\/logo\/image\/","url":"https:\/\/osepmendoza.com.ar\/web\/wp-content\/uploads\/2020\/04\/lkTM9T9z.jpg","contentUrl":"https:\/\/osepmendoza.com.ar\/web\/wp-content\/uploads\/2020\/04\/lkTM9T9z.jpg","width":334,"height":334,"caption":"OSEP - Obra Social de Empleados P\u00fablicos de Mendoza"},"image":{"@id":"https:\/\/osepmendoza.com.ar\/web\/#\/schema\/logo\/image\/"},"sameAs":["https:\/\/www.facebook.com\/OSEP.MendozaArg\/","https:\/\/x.com\/OsepMza","https:\/\/www.instagram.com\/osep.mendoza\/","https:\/\/www.youtube.com\/user\/osepvideos"]}]}},"amp_enabled":true,"_links":{"self":[{"href":"https:\/\/osepmendoza.com.ar\/web\/wp-json\/wp\/v2\/pages\/980","targetHints":{"allow":["GET"]}}],"collection":[{"href":"https:\/\/osepmendoza.com.ar\/web\/wp-json\/wp\/v2\/pages"}],"about":[{"href":"https:\/\/osepmendoza.com.ar\/web\/wp-json\/wp\/v2\/types\/page"}],"author":[{"embeddable":true,"href":"https:\/\/osepmendoza.com.ar\/web\/wp-json\/wp\/v2\/users\/14"}],"replies":[{"embeddable":true,"href":"https:\/\/osepmendoza.com.ar\/web\/wp-json\/wp\/v2\/comments?post=980"}],"version-history":[{"count":3,"href":"https:\/\/osepmendoza.com.ar\/web\/wp-json\/wp\/v2\/pages\/980\/revisions"}],"predecessor-version":[{"id":42160,"href":"https:\/\/osepmendoza.com.ar\/web\/wp-json\/wp\/v2\/pages\/980\/revisions\/42160"}],"up":[{"embeddable":true,"href":"https:\/\/osepmendoza.com.ar\/web\/wp-json\/wp\/v2\/pages\/941"}],"wp:attachment":[{"href":"https:\/\/osepmendoza.com.ar\/web\/wp-json\/wp\/v2\/media?parent=980"}],"curies":[{"name":"wp","href":"https:\/\/api.w.org\/{rel}","templated":true}]}}