{"id":934,"date":"2020-05-14T15:31:18","date_gmt":"2020-05-14T15:31:18","guid":{"rendered":"http:\/\/34.67.86.69\/?page_id=934"},"modified":"2021-07-01T11:45:35","modified_gmt":"2021-07-01T14:45:35","slug":"credencial-osep","status":"publish","type":"page","link":"https:\/\/osepmendoza.com.ar\/web\/tramites-y-consultas-2\/credencial-osep\/","title":{"rendered":"Credencial OSEP"},"content":{"rendered":"<section class=\"sh-section sh-section-827082db83664970c10192a21ca3210b fw-main-row sh-section-visibility-everywhere\">\r\n\t\r\n\t\r\n\t<div class=\"sh-section-container container\">\r\n\t\t\t<\/div>\r\n<\/section>\r\n\r\n<section class=\"sh-section sh-section-24a431f2542ef03acd45ae7c4ba5d9ca fw-main-row sh-section-visibility-everywhere\">\r\n\t\r\n\t\r\n\t<div class=\"sh-section-container container\">\r\n\t\t<div class=\"fw-row\">\n\t\r\n<div class=\"sh-column sh-column-107674e4341b6c4d4a45669c0eaec7ba fw-col-xs-12\" >\r\n\r\n\t\r\n\t<div class=\"sh-column-wrapper\">\r\n\t\t\r\n<div id=\"text-block-28191f6aa4b2ca62c7247161ad89a6ec\" class=\"sh-text-block\">\r\n\t<h2 style=\"margin-bottom: 15px; text-align: center;\"><span style=\"color: #746e80; font-size: 30px;\"><img loading=\"lazy\" decoding=\"async\" class=\"alignnone size-full wp-image-453\" src=\"http:\/\/osepmendoza.com.ar\/web\/wp-content\/uploads\/2020\/05\/credenciales-1.svg\" alt=\"prestadores\" width=\"64\" height=\"64\" \/> Credencial de Afiliado OSEP<\/span><\/h2><\/div>\r\n\t<\/div>\r\n\r\n\r\n\t\t\r\n\r\n<\/div>\r\n<\/div>\n\n\t<\/div>\r\n<\/section>\r\n\r\n<section class=\"sh-section sh-section-3ada0692a6cad8c9d8ce792998bcaff7 fw-main-row sh-section-visibility-everywhere\">\r\n\t\r\n\t\r\n\t<div class=\"sh-section-container container\">\r\n\t\t<div class=\"fw-row\">\n\t\r\n<div class=\"sh-column sh-column-6f1113f234158a41dbfb0406651a795f fw-col-xs-12\" >\r\n\r\n\t\r\n\t<div class=\"sh-column-wrapper\">\r\n\t\t\r\n<ul class=\"sh-list sh-list-style1\" id=\"list-dfbf051f9b2eb1243dea5c5648c23bd7\">\r\n\t\t\t<li class=\"sh-list-item\">\r\n\t\t\t<span class=\"sh-list-icon\">\r\n\t\t\t\t<i class=\"ti-arrow-circle-right\"><\/i>\r\n\t\t\t<\/span>\r\n\t\t\tPara utilizar los servicios asistenciales de OSEP, es obligatoria la presentaci\u00f3n de la credencial de afiliado, acompa\u00f1ada del DNI y estar al d\u00eda con las cuotas afiliatorias.\t\t<\/li>\r\n\t\t\t<li class=\"sh-list-item\">\r\n\t\t\t<span class=\"sh-list-icon\">\r\n\t\t\t\t<i class=\"ti-arrow-circle-right\"><\/i>\r\n\t\t\t<\/span>\r\n\t\t\tLa credencial es personal e intransferible y su alteraci\u00f3n, uso indebido o pr\u00e9stamo para beneficiar a terceros est\u00e1 penado por Ley y ser\u00e1 causal grave de violaci\u00f3n de la presente reglamentaci\u00f3n.\t\t<\/li>\r\n\t<\/ul>\r\n\t<\/div>\r\n\r\n\r\n\t\t\r\n\r\n<\/div>\r\n<\/div>\n\n<div class=\"fw-row\">\n\t\r\n<div class=\"sh-column sh-column-6373fc752d012885cd7e620bfe8ca23f fw-col-xs-12 sh-column-mobile-padding\" >\r\n\r\n\t\r\n\t<div class=\"sh-column-wrapper\">\r\n\t\t\r\n<div id=\"text-block-01c625137f37d93bee20f958108b3567\" class=\"sh-text-block\">\r\n\t<h3>Extrav\u00edo de credencial<\/h3><p>En caso de que el afiliado extrav\u00ede su tarjeta magn\u00e9tica, para su reposici\u00f3n deber\u00e1 abonar un arancel establecido por Resoluci\u00f3n del H.D.<\/p><p>Puede solicitar la renovaci\u00f3n de la credencial a trav\u00e9s del asistente virtual disponible en esta p\u00e1gina o en el WhatsApp <a href=\"https:\/\/wa.me\/5492612058800\" target=\"_blank\" rel=\"noopener\">2612058800<\/a>.<\/p><\/div>\r\n\r\n<div id=\"text-block-79e47678690433036338b005643be836\" class=\"sh-text-block\">\r\n\t<h3>Atenci\u00f3n<\/h3><\/div>\r\n\r\n<ul class=\"sh-list sh-list-style1\" id=\"list-d68484f014e4055363d7a1bbe452d45b\">\r\n\t\t\t<li class=\"sh-list-item\">\r\n\t\t\t<span class=\"sh-list-icon\">\r\n\t\t\t\t<i class=\"ti-alarm-clock\"><\/i>\r\n\t\t\t<\/span>\r\n\t\t\tOSEP central: Lunes a viernes, de 8 a 15 hs.\t\t<\/li>\r\n\t\t\t<li class=\"sh-list-item\">\r\n\t\t\t<span class=\"sh-list-icon\">\r\n\t\t\t\t<i class=\"ti-alarm-clock\"><\/i>\r\n\t\t\t<\/span>\r\n\t\t\tSedes territoriales: Consultar en la sede cercana a su domicilio.\t\t<\/li>\r\n\t<\/ul>\r\n\t<\/div>\r\n\r\n\r\n\t\t\r\n\r\n<\/div>\r\n<\/div>\n\n\t<\/div>\r\n<\/section>\r\n\r\n<section class=\"sh-section sh-section-11952b1bf63d0bb8f5d9c8c07533feb1 fw-main-row sh-section-visibility-everywhere\">\r\n\t\r\n\t\r\n\t<div class=\"sh-section-container container\">\r\n\t\t<div class=\"fw-row\">\n\t\r\n<div class=\"sh-column sh-column-2be6ee00392a834d777996ec3a118ea4 fw-col-xs-12 news\" >\r\n\r\n\t\r\n\t<div class=\"sh-column-wrapper\">\r\n\t\t\r\n<div id=\"text-block-bfba8583eadd64474dcfbcb52281ea4c\" class=\"sh-text-block\">\r\n\t<p><img loading=\"lazy\" decoding=\"async\" class=\"wp-image-429 aligncenter\" src=\"http:\/\/osepmendoza.com.ar\/web\/wp-content\/uploads\/2020\/05\/helposep.svg\" alt=\"ayuda\" width=\"84\" height=\"102\" \/><\/p><h2 style=\"text-align: center;\">\u00bfNecesit\u00e1s m\u00e1s ayuda?<\/h2><p style=\"text-align: center;\"><span style=\"font-size: 18px;\">Visit\u00e1 nuestra secci\u00f3n de ayuda, preguntas frecuentes y tutoriales.<\/span><\/p><\/div>\r\n\r\n<div id=\"button-c9aa4240d46fa009c60ba4a9e9074d4a\" class=\"sh-button-container  sh-button-style-1\">\r\n\t<div class=\"sh-element-margin\">\r\n\t\t<a href=\"https:\/\/osepmendoza.com.ar\/ayuda\" target=\"_blank\" class=\"sh-button sh-button-medium \">\r\n\r\n\t\t\t\r\n\t\t\t\t\t\t\t<span class=\"sh-button-text\">\r\n\t\t\t\t\tM\u00e1s ayuda\t\t\t\t<\/span>\r\n\t\t\t\r\n\t\t\t\r\n\t\t<\/a>\r\n\t\t\t<\/div>\r\n<\/div>\r\n\t<\/div>\r\n\r\n\r\n\t\t\r\n\r\n<\/div>\r\n<\/div>\n\n\t<\/div>\r\n<\/section>\n","protected":false},"excerpt":{"rendered":"<p>Credencial de Afiliado OSEP Para utilizar los servicios asistenciales de&#8230;<\/p>\n","protected":false},"author":14,"featured_media":0,"parent":41855,"menu_order":57,"comment_status":"closed","ping_status":"closed","template":"","meta":{"_acf_changed":false,"inline_featured_image":false,"_exactmetrics_skip_tracking":false,"_exactmetrics_sitenote_active":false,"_exactmetrics_sitenote_note":"","_exactmetrics_sitenote_category":0,"footnotes":"","_links_to":"","_links_to_target":""},"class_list":["post-934","page","type-page","status-publish","hentry"],"acf":[],"yoast_head":"<!-- This site is optimized with the Yoast SEO plugin v27.3 - https:\/\/yoast.com\/product\/yoast-seo-wordpress\/ -->\n<title>Credencial OSEP - OSEP Mendoza<\/title>\n<meta name=\"robots\" content=\"index, follow, max-snippet:-1, max-image-preview:large, max-video-preview:-1\" \/>\n<link rel=\"canonical\" href=\"https:\/\/osepmendoza.com.ar\/web\/tramites-y-consultas-2\/credencial-osep\/\" \/>\n<meta property=\"og:locale\" content=\"es_ES\" \/>\n<meta property=\"og:type\" content=\"article\" \/>\n<meta property=\"og:title\" content=\"Credencial OSEP - OSEP Mendoza\" \/>\n<meta property=\"og:description\" content=\"Credencial de Afiliado OSEP Para utilizar los servicios asistenciales de...\" \/>\n<meta property=\"og:url\" content=\"https:\/\/osepmendoza.com.ar\/web\/tramites-y-consultas-2\/credencial-osep\/\" \/>\n<meta property=\"og:site_name\" content=\"OSEP Mendoza\" \/>\n<meta property=\"article:publisher\" content=\"https:\/\/www.facebook.com\/OSEP.MendozaArg\/\" \/>\n<meta property=\"article:modified_time\" content=\"2021-07-01T14:45:35+00:00\" \/>\n<meta property=\"og:image\" content=\"http:\/\/osepmendoza.com.ar\/web\/wp-content\/uploads\/2020\/05\/credenciales-1.svg\" \/>\n<meta name=\"twitter:card\" content=\"summary_large_image\" \/>\n<meta name=\"twitter:site\" content=\"@OsepMza\" \/>\n<meta name=\"twitter:label1\" content=\"Tiempo de lectura\" \/>\n\t<meta name=\"twitter:data1\" content=\"1 minuto\" \/>\n<script type=\"application\/ld+json\" class=\"yoast-schema-graph\">{\"@context\":\"https:\\\/\\\/schema.org\",\"@graph\":[{\"@type\":\"WebPage\",\"@id\":\"https:\\\/\\\/osepmendoza.com.ar\\\/web\\\/tramites-y-consultas-2\\\/credencial-osep\\\/\",\"url\":\"https:\\\/\\\/osepmendoza.com.ar\\\/web\\\/tramites-y-consultas-2\\\/credencial-osep\\\/\",\"name\":\"Credencial OSEP - OSEP Mendoza\",\"isPartOf\":{\"@id\":\"https:\\\/\\\/osepmendoza.com.ar\\\/web\\\/#website\"},\"primaryImageOfPage\":{\"@id\":\"https:\\\/\\\/osepmendoza.com.ar\\\/web\\\/tramites-y-consultas-2\\\/credencial-osep\\\/#primaryimage\"},\"image\":{\"@id\":\"https:\\\/\\\/osepmendoza.com.ar\\\/web\\\/tramites-y-consultas-2\\\/credencial-osep\\\/#primaryimage\"},\"thumbnailUrl\":\"http:\\\/\\\/osepmendoza.com.ar\\\/web\\\/wp-content\\\/uploads\\\/2020\\\/05\\\/credenciales-1.svg\",\"datePublished\":\"2020-05-14T15:31:18+00:00\",\"dateModified\":\"2021-07-01T14:45:35+00:00\",\"breadcrumb\":{\"@id\":\"https:\\\/\\\/osepmendoza.com.ar\\\/web\\\/tramites-y-consultas-2\\\/credencial-osep\\\/#breadcrumb\"},\"inLanguage\":\"es\",\"potentialAction\":[{\"@type\":\"ReadAction\",\"target\":[\"https:\\\/\\\/osepmendoza.com.ar\\\/web\\\/tramites-y-consultas-2\\\/credencial-osep\\\/\"]}]},{\"@type\":\"ImageObject\",\"inLanguage\":\"es\",\"@id\":\"https:\\\/\\\/osepmendoza.com.ar\\\/web\\\/tramites-y-consultas-2\\\/credencial-osep\\\/#primaryimage\",\"url\":\"https:\\\/\\\/osepmendoza.com.ar\\\/web\\\/wp-content\\\/uploads\\\/2020\\\/05\\\/credenciales-1.svg\",\"contentUrl\":\"https:\\\/\\\/osepmendoza.com.ar\\\/web\\\/wp-content\\\/uploads\\\/2020\\\/05\\\/credenciales-1.svg\",\"width\":85,\"height\":85},{\"@type\":\"BreadcrumbList\",\"@id\":\"https:\\\/\\\/osepmendoza.com.ar\\\/web\\\/tramites-y-consultas-2\\\/credencial-osep\\\/#breadcrumb\",\"itemListElement\":[{\"@type\":\"ListItem\",\"position\":1,\"name\":\"Portada\",\"item\":\"https:\\\/\\\/osepmendoza.com.ar\\\/web\\\/\"},{\"@type\":\"ListItem\",\"position\":2,\"name\":\"Tr\u00e1mites y Consultas\",\"item\":\"https:\\\/\\\/osepmendoza.com.ar\\\/web\\\/tramites-y-consultas-2\\\/\"},{\"@type\":\"ListItem\",\"position\":3,\"name\":\"Credencial OSEP\"}]},{\"@type\":\"WebSite\",\"@id\":\"https:\\\/\\\/osepmendoza.com.ar\\\/web\\\/#website\",\"url\":\"https:\\\/\\\/osepmendoza.com.ar\\\/web\\\/\",\"name\":\"OSEP Mendoza\",\"description\":\"Obra Social de los Empleados P\u00fablicos de Mendoza\",\"publisher\":{\"@id\":\"https:\\\/\\\/osepmendoza.com.ar\\\/web\\\/#organization\"},\"potentialAction\":[{\"@type\":\"SearchAction\",\"target\":{\"@type\":\"EntryPoint\",\"urlTemplate\":\"https:\\\/\\\/osepmendoza.com.ar\\\/web\\\/?s={search_term_string}\"},\"query-input\":{\"@type\":\"PropertyValueSpecification\",\"valueRequired\":true,\"valueName\":\"search_term_string\"}}],\"inLanguage\":\"es\"},{\"@type\":\"Organization\",\"@id\":\"https:\\\/\\\/osepmendoza.com.ar\\\/web\\\/#organization\",\"name\":\"OSEP - Obra Social de Empleados P\u00fablicos de Mendoza\",\"url\":\"https:\\\/\\\/osepmendoza.com.ar\\\/web\\\/\",\"logo\":{\"@type\":\"ImageObject\",\"inLanguage\":\"es\",\"@id\":\"https:\\\/\\\/osepmendoza.com.ar\\\/web\\\/#\\\/schema\\\/logo\\\/image\\\/\",\"url\":\"https:\\\/\\\/osepmendoza.com.ar\\\/web\\\/wp-content\\\/uploads\\\/2020\\\/04\\\/lkTM9T9z.jpg\",\"contentUrl\":\"https:\\\/\\\/osepmendoza.com.ar\\\/web\\\/wp-content\\\/uploads\\\/2020\\\/04\\\/lkTM9T9z.jpg\",\"width\":334,\"height\":334,\"caption\":\"OSEP - Obra Social de Empleados P\u00fablicos de Mendoza\"},\"image\":{\"@id\":\"https:\\\/\\\/osepmendoza.com.ar\\\/web\\\/#\\\/schema\\\/logo\\\/image\\\/\"},\"sameAs\":[\"https:\\\/\\\/www.facebook.com\\\/OSEP.MendozaArg\\\/\",\"https:\\\/\\\/x.com\\\/OsepMza\",\"https:\\\/\\\/www.instagram.com\\\/osep.mendoza\\\/\",\"https:\\\/\\\/www.youtube.com\\\/user\\\/osepvideos\"]}]}<\/script>\n<!-- \/ Yoast SEO plugin. -->","yoast_head_json":{"title":"Credencial OSEP - OSEP Mendoza","robots":{"index":"index","follow":"follow","max-snippet":"max-snippet:-1","max-image-preview":"max-image-preview:large","max-video-preview":"max-video-preview:-1"},"canonical":"https:\/\/osepmendoza.com.ar\/web\/tramites-y-consultas-2\/credencial-osep\/","og_locale":"es_ES","og_type":"article","og_title":"Credencial OSEP - OSEP Mendoza","og_description":"Credencial de Afiliado OSEP Para utilizar los servicios asistenciales de...","og_url":"https:\/\/osepmendoza.com.ar\/web\/tramites-y-consultas-2\/credencial-osep\/","og_site_name":"OSEP Mendoza","article_publisher":"https:\/\/www.facebook.com\/OSEP.MendozaArg\/","article_modified_time":"2021-07-01T14:45:35+00:00","og_image":[{"url":"http:\/\/osepmendoza.com.ar\/web\/wp-content\/uploads\/2020\/05\/credenciales-1.svg","type":"","width":"","height":""}],"twitter_card":"summary_large_image","twitter_site":"@OsepMza","twitter_misc":{"Tiempo de lectura":"1 minuto"},"schema":{"@context":"https:\/\/schema.org","@graph":[{"@type":"WebPage","@id":"https:\/\/osepmendoza.com.ar\/web\/tramites-y-consultas-2\/credencial-osep\/","url":"https:\/\/osepmendoza.com.ar\/web\/tramites-y-consultas-2\/credencial-osep\/","name":"Credencial OSEP - OSEP Mendoza","isPartOf":{"@id":"https:\/\/osepmendoza.com.ar\/web\/#website"},"primaryImageOfPage":{"@id":"https:\/\/osepmendoza.com.ar\/web\/tramites-y-consultas-2\/credencial-osep\/#primaryimage"},"image":{"@id":"https:\/\/osepmendoza.com.ar\/web\/tramites-y-consultas-2\/credencial-osep\/#primaryimage"},"thumbnailUrl":"http:\/\/osepmendoza.com.ar\/web\/wp-content\/uploads\/2020\/05\/credenciales-1.svg","datePublished":"2020-05-14T15:31:18+00:00","dateModified":"2021-07-01T14:45:35+00:00","breadcrumb":{"@id":"https:\/\/osepmendoza.com.ar\/web\/tramites-y-consultas-2\/credencial-osep\/#breadcrumb"},"inLanguage":"es","potentialAction":[{"@type":"ReadAction","target":["https:\/\/osepmendoza.com.ar\/web\/tramites-y-consultas-2\/credencial-osep\/"]}]},{"@type":"ImageObject","inLanguage":"es","@id":"https:\/\/osepmendoza.com.ar\/web\/tramites-y-consultas-2\/credencial-osep\/#primaryimage","url":"https:\/\/osepmendoza.com.ar\/web\/wp-content\/uploads\/2020\/05\/credenciales-1.svg","contentUrl":"https:\/\/osepmendoza.com.ar\/web\/wp-content\/uploads\/2020\/05\/credenciales-1.svg","width":85,"height":85},{"@type":"BreadcrumbList","@id":"https:\/\/osepmendoza.com.ar\/web\/tramites-y-consultas-2\/credencial-osep\/#breadcrumb","itemListElement":[{"@type":"ListItem","position":1,"name":"Portada","item":"https:\/\/osepmendoza.com.ar\/web\/"},{"@type":"ListItem","position":2,"name":"Tr\u00e1mites y Consultas","item":"https:\/\/osepmendoza.com.ar\/web\/tramites-y-consultas-2\/"},{"@type":"ListItem","position":3,"name":"Credencial OSEP"}]},{"@type":"WebSite","@id":"https:\/\/osepmendoza.com.ar\/web\/#website","url":"https:\/\/osepmendoza.com.ar\/web\/","name":"OSEP Mendoza","description":"Obra Social de los Empleados P\u00fablicos de Mendoza","publisher":{"@id":"https:\/\/osepmendoza.com.ar\/web\/#organization"},"potentialAction":[{"@type":"SearchAction","target":{"@type":"EntryPoint","urlTemplate":"https:\/\/osepmendoza.com.ar\/web\/?s={search_term_string}"},"query-input":{"@type":"PropertyValueSpecification","valueRequired":true,"valueName":"search_term_string"}}],"inLanguage":"es"},{"@type":"Organization","@id":"https:\/\/osepmendoza.com.ar\/web\/#organization","name":"OSEP - Obra Social de Empleados P\u00fablicos de Mendoza","url":"https:\/\/osepmendoza.com.ar\/web\/","logo":{"@type":"ImageObject","inLanguage":"es","@id":"https:\/\/osepmendoza.com.ar\/web\/#\/schema\/logo\/image\/","url":"https:\/\/osepmendoza.com.ar\/web\/wp-content\/uploads\/2020\/04\/lkTM9T9z.jpg","contentUrl":"https:\/\/osepmendoza.com.ar\/web\/wp-content\/uploads\/2020\/04\/lkTM9T9z.jpg","width":334,"height":334,"caption":"OSEP - Obra Social de Empleados P\u00fablicos de Mendoza"},"image":{"@id":"https:\/\/osepmendoza.com.ar\/web\/#\/schema\/logo\/image\/"},"sameAs":["https:\/\/www.facebook.com\/OSEP.MendozaArg\/","https:\/\/x.com\/OsepMza","https:\/\/www.instagram.com\/osep.mendoza\/","https:\/\/www.youtube.com\/user\/osepvideos"]}]}},"amp_enabled":true,"_links":{"self":[{"href":"https:\/\/osepmendoza.com.ar\/web\/wp-json\/wp\/v2\/pages\/934","targetHints":{"allow":["GET"]}}],"collection":[{"href":"https:\/\/osepmendoza.com.ar\/web\/wp-json\/wp\/v2\/pages"}],"about":[{"href":"https:\/\/osepmendoza.com.ar\/web\/wp-json\/wp\/v2\/types\/page"}],"author":[{"embeddable":true,"href":"https:\/\/osepmendoza.com.ar\/web\/wp-json\/wp\/v2\/users\/14"}],"replies":[{"embeddable":true,"href":"https:\/\/osepmendoza.com.ar\/web\/wp-json\/wp\/v2\/comments?post=934"}],"version-history":[{"count":6,"href":"https:\/\/osepmendoza.com.ar\/web\/wp-json\/wp\/v2\/pages\/934\/revisions"}],"predecessor-version":[{"id":43945,"href":"https:\/\/osepmendoza.com.ar\/web\/wp-json\/wp\/v2\/pages\/934\/revisions\/43945"}],"up":[{"embeddable":true,"href":"https:\/\/osepmendoza.com.ar\/web\/wp-json\/wp\/v2\/pages\/41855"}],"wp:attachment":[{"href":"https:\/\/osepmendoza.com.ar\/web\/wp-json\/wp\/v2\/media?parent=934"}],"curies":[{"name":"wp","href":"https:\/\/api.w.org\/{rel}","templated":true}]}}