{"id":92,"date":"2018-12-03T11:36:46","date_gmt":"2018-12-03T14:36:46","guid":{"rendered":"http:\/\/138.219.42.69\/~osephost\/web\/?page_id=92"},"modified":"2023-01-31T11:48:24","modified_gmt":"2023-01-31T14:48:24","slug":"telefonos","status":"publish","type":"page","link":"https:\/\/osepmendoza.com.ar\/web\/osep\/telefonos\/","title":{"rendered":"Tel\u00e9fonos y domicilios"},"content":{"rendered":"<p>[vc_row][vc_column][vc_column_text]<\/p>\n<h2>LISTADO TELEF\u00d3NICO Y DOMICILIOS<\/h2>\n<p>[\/vc_column_text][\/vc_column][\/vc_row][vc_row][vc_column][vc_tta_tour controls_size=&#8221;20&#8243;][vc_tta_section active=&#8221;1&#8243; tab_id=&#8221;osep-central&#8221; title=&#8221;OSEP CENTRAL&#8221;][vc_column_text]<\/p>\n<table class=\"fortuna_table\" width=\"100%\">\n<tbody>\n<tr>\n<th>Efector<\/th>\n<th>Tel\u00e9fono<\/th>\n<th>Direcci\u00f3n<\/th>\n<\/tr>\n<tr>\n<td>Conmutador general<\/td>\n<td>4615000<\/td>\n<td>Jos\u00e9 Vicente Zapata 313, Ciudad<\/td>\n<\/tr>\n<tr>\n<td>Informes<\/td>\n<td>4615018\/19\/20<\/td>\n<td>Jos\u00e9 Vicente Zapata 313, Ciudad<\/td>\n<\/tr>\n<tr>\n<td>Direcci\u00f3n de Gesti\u00f3n Territorial<\/td>\n<td>4615115<\/td>\n<td>Jos\u00e9 Vicente Zapata 313, Ciudad<\/td>\n<\/tr>\n<tr>\n<td>Centro Integral \u00d3ptico (CIO)<\/td>\n<td>4615998\/5995<\/td>\n<td>Jos\u00e9 Vicente Zapata 337, Ciudad<\/td>\n<\/tr>\n<tr>\n<td valign=\"top\">Auditor\u00eda previa<\/td>\n<td valign=\"top\">4615094<\/td>\n<td valign=\"top\">Jos\u00e9 Vicente Zapata 313, Ciudad<\/td>\n<\/tr>\n<tr>\n<td valign=\"top\">Auditor\u00eda de Oftalmolog\u00eda, Bioqu\u00edmica y Fonoaudiolog\u00eda<\/td>\n<td valign=\"top\">4615081<\/td>\n<td valign=\"top\">Jos\u00e9 Vicente Zapata 313, Ciudad<\/td>\n<\/tr>\n<tr>\n<td valign=\"top\">Afiliaciones<\/td>\n<td valign=\"top\">4615071\/5024<\/td>\n<td valign=\"top\">Jos\u00e9 Vicente Zapata 313, Ciudad<\/td>\n<\/tr>\n<tr>\n<td valign=\"top\">Afiliaci\u00f3n voluntaria independiente<\/td>\n<td valign=\"top\">4615029<\/td>\n<td valign=\"top\">Jos\u00e9 Vicente Zapata 313, Ciudad<\/td>\n<\/tr>\n<tr>\n<td valign=\"top\">Afiliaciones del interior<\/td>\n<td valign=\"top\">4615024<\/td>\n<td valign=\"top\">Jos\u00e9 Vicente Zapata 313, Ciudad<\/td>\n<\/tr>\n<tr>\n<td valign=\"top\">Afiliaciones interprovinciales<\/td>\n<td valign=\"top\">4615071<\/td>\n<td valign=\"top\">Jos\u00e9 Vicente Zapata 313, Ciudad<\/td>\n<\/tr>\n<tr>\n<td valign=\"top\">Reintegro afiliaciones<\/td>\n<td valign=\"top\">4615071\/5024<\/td>\n<td valign=\"top\">Jos\u00e9 Vicente Zapata 313, Ciudad<\/td>\n<\/tr>\n<\/tbody>\n<\/table>\n<p>[\/vc_column_text][\/vc_tta_section][vc_tta_section tab_id=&#8221;Xeltahuina&#8221; title=&#8221;Xeltahuina&#8221;][vc_column_text]<\/p>\n<table class=\"fortuna_table\" width=\"100%\">\n<tbody>\n<tr>\n<th>Efector<\/th>\n<th>Tel\u00e9fono<\/th>\n<th>Direcci\u00f3n<\/th>\n<\/tr>\n<tr>\n<td>Conmutador<\/td>\n<td>3480400<\/td>\n<td>Salta 877, Ciudad<\/td>\n<\/tr>\n<tr>\n<td valign=\"top\">Informes<\/td>\n<td valign=\"top\">3480431<\/td>\n<td valign=\"top\">Salta 877, Ciudad<\/td>\n<\/tr>\n<\/tbody>\n<\/table>\n<p>[\/vc_column_text][\/vc_tta_section][vc_tta_section tab_id=&#8221;hospital-pedi\u00e1trico-alexander-fleming&#8221; title=&#8221;Hospital Pedi\u00e1trico Alexander Fleming&#8221;][vc_column_text]<\/p>\n<table class=\"fortuna_table\" width=\"100%\">\n<tbody>\n<tr>\n<th>Efector<\/th>\n<th>Tel\u00e9fono<\/th>\n<th>Direcci\u00f3n<\/th>\n<\/tr>\n<tr>\n<td>Conmutador<\/td>\n<td>4497500<\/td>\n<td>Col\u00f3n 485, Ciudad<\/td>\n<\/tr>\n<tr>\n<td valign=\"top\">Informes<\/td>\n<td valign=\"top\">4497501<\/td>\n<td valign=\"top\">Col\u00f3n 485, Ciudad<\/td>\n<\/tr>\n<tr>\n<td>Hunuc Huar-Consultorios externos<\/td>\n<td>4497541<\/td>\n<td>Chile 768, Ciudad<\/td>\n<\/tr>\n<\/tbody>\n<\/table>\n<p>[\/vc_column_text][\/vc_tta_section][vc_tta_section tab_id=&#8221;hospital-el-carmen&#8221; title=&#8221;Hospital El Carmen&#8221;][vc_column_text]<\/p>\n<table class=\"fortuna_table\" width=\"100%\">\n<tbody>\n<tr>\n<th>Efector<\/th>\n<th>Tel\u00e9fono<\/th>\n<th>Direcci\u00f3n<\/th>\n<\/tr>\n<tr>\n<td>Conmutador<\/td>\n<td>4429100<\/td>\n<td>Joaqu\u00edn V. Gonz\u00e1lez 245, Godoy Cruz<\/td>\n<\/tr>\n<tr>\n<td valign=\"top\">Informes<\/td>\n<td valign=\"top\">4429124<\/td>\n<td valign=\"top\">Joaqu\u00edn V. Gonz\u00e1lez 245, Godoy Cruz<\/td>\n<\/tr>\n<tr>\n<td>Maternidad \u201cVirgen de la Misericordia\u201d-Conmutador<\/td>\n<td>4429100<\/td>\n<td>Salta y Groussac, Godoy Cruz<\/td>\n<\/tr>\n<tr>\n<td valign=\"top\">Maternidad \u201cVirgen de la Misericordia\u201d-Admisi\u00f3n<\/td>\n<td valign=\"top\">4429195<\/td>\n<td valign=\"top\">Salta y Groussac, Godoy Cruz<\/td>\n<\/tr>\n<\/tbody>\n<\/table>\n<p>[\/vc_column_text][\/vc_tta_section][vc_tta_section tab_id=&#8221;centro-odontol\u00f3gico&#8221; title=&#8221;Centro Odontol\u00f3gico&#8221;][vc_column_text]<\/p>\n<table class=\"fortuna_table\" width=\"100%\">\n<tbody>\n<tr>\n<th>Efector<\/th>\n<th>Tel\u00e9fono<\/th>\n<th>Direcci\u00f3n<\/th>\n<\/tr>\n<tr>\n<td>Conmutador<\/td>\n<td>4252700<\/td>\n<td>Per\u00fa 1258, Ciudad<\/td>\n<\/tr>\n<\/tbody>\n<\/table>\n<p>[\/vc_column_text][\/vc_tta_section][vc_tta_section tab_id=&#8221;salud-ocupacional&#8221; title=&#8221;Salud Ocupacional&#8221;][vc_column_text]<\/p>\n<table class=\"fortuna_table\" width=\"100%\">\n<tbody>\n<tr>\n<th>Efector<\/th>\n<th>Tel\u00e9fono<\/th>\n<th>Direcci\u00f3n<\/th>\n<\/tr>\n<tr>\n<td>Salud Ocupacional<\/td>\n<td>0810 -810-0816<\/td>\n<td>Salta y Rondeau, Ciudad<\/td>\n<\/tr>\n<tr>\n<td valign=\"top\">Salud Ocupacional<\/td>\n<td valign=\"top\">4615867<\/td>\n<td valign=\"top\">Salta y Rondeau, Ciudad<\/td>\n<\/tr>\n<tr>\n<td valign=\"top\">Salud Ocupacional<\/td>\n<td valign=\"top\">4615866<\/td>\n<td valign=\"top\">Salta y Rondeau, Ciudad<\/td>\n<\/tr>\n<tr>\n<td valign=\"top\">Salud Ocupacional<\/td>\n<td valign=\"top\">4615869<\/td>\n<td valign=\"top\">Salta y Rondeau, Ciudad<\/td>\n<\/tr>\n<\/tbody>\n<\/table>\n<p>[\/vc_column_text][\/vc_tta_section][\/vc_tta_tour][\/vc_column][\/vc_row][vc_row][vc_column][vc_tta_tour controls_size=&#8221;20&#8243;][vc_tta_section tab_id=&#8221;1543848570899-5c2dbea2-b5d7&#8243; title=&#8221;Zona Centro&#8221;][vc_column_text]<\/p>\n<table class=\"fortuna_table\" width=\"100%\">\n<tbody>\n<tr>\n<th>Efector<\/th>\n<th>Tel\u00e9fono<\/th>\n<th>Direcci\u00f3n<\/th>\n<\/tr>\n<tr>\n<td>OSEP Luj\u00e1n de Cuyo<\/td>\n<td>(0261) 4981174 Turnos: 0-810-810-8537 opci\u00f3n 1<\/td>\n<td>Bustamante 456<\/td>\n<\/tr>\n<tr>\n<td>OSEP Uspallata<\/td>\n<td>(0262) 4420098<\/td>\n<td>Ej\u00e9rcito de los Andes 11<\/td>\n<\/tr>\n<tr>\n<td>OSEP Maip\u00fa<\/td>\n<td>(0261) 4972171 \u2013 4977939 Turnos: 0-810-810-8537 Opci\u00f3n 2<\/td>\n<td>Ozamis 211<\/td>\n<\/tr>\n<tr>\n<td>OSEP\u00a0Fray Luis Beltr\u00e1n<\/td>\n<td>(0261) 4921699<\/td>\n<td>Mariano Moreno 450<\/td>\n<\/tr>\n<tr>\n<td>OSEP Lavalle<\/td>\n<td>(0261) 4941829 \u2013 4941603 Turnos: 0-810-810-8537 Opci\u00f3n 3<\/td>\n<td>Remedios de Escalada 62<\/td>\n<\/tr>\n<tr>\n<td>OSEP Costa de Araujo<\/td>\n<td>(0263) 4494156 Turnos: 0-810-810-8537 Opci\u00f3n 3<\/td>\n<td>Belgrano y Alicia Moreau de Justo<\/td>\n<\/tr>\n<\/tbody>\n<\/table>\n<p>[\/vc_column_text][\/vc_tta_section][vc_tta_section tab_id=&#8221;1543848571028-7d44a5ef-e7db&#8221; title=&#8221;Zona Este&#8221;][vc_column_text]<\/p>\n<table class=\"fortuna_table\" style=\"height: 300px; width: 100%;\" width=\"100%\">\n<tbody>\n<tr style=\"height: 25px;\">\n<th style=\"height: 25px; width: 18.4644%;\">Efector<\/th>\n<th style=\"height: 25px; width: 54.8446%;\">Tel\u00e9fono<\/th>\n<th style=\"height: 25px; width: 24.8629%;\">Direcci\u00f3n<\/th>\n<\/tr>\n<tr style=\"height: 50px;\">\n<td style=\"height: 50px; width: 18.4644%;\">OSEP San Mart\u00edn<\/td>\n<td style=\"height: 50px; width: 54.8446%;\">(0263) 4420136 \u2013 4427304 Turnos: 0-810-810-8537 Opci\u00f3n 4<\/td>\n<td style=\"height: 50px; width: 24.8629%;\">Balcarce 345<\/td>\n<\/tr>\n<tr style=\"height: 50px;\">\n<td style=\"height: 50px; width: 18.4644%;\">Centro Integral \u00d3ptico (CIO) San Mart\u00edn<\/td>\n<td style=\"height: 50px; width: 54.8446%;\">(0263) 4420136 \u2013 4420486 &#8211; int. 2630<\/td>\n<td style=\"height: 50px; width: 24.8629%;\">Balcarce 345<\/td>\n<\/tr>\n<tr style=\"height: 25px;\">\n<td style=\"height: 25px; width: 18.4644%;\">OSEP Palmira<\/td>\n<td style=\"height: 25px; width: 54.8446%;\">(0263) 4463869<\/td>\n<td style=\"height: 25px; width: 24.8629%;\">25 de mayo 217<\/td>\n<\/tr>\n<tr style=\"height: 50px;\">\n<td style=\"height: 50px; width: 18.4644%;\">OSEP Jun\u00edn<\/td>\n<td style=\"height: 50px; width: 54.8446%;\">(0263) 4492232<\/td>\n<td style=\"height: 50px; width: 24.8629%;\">Luis Marc\u00f3 y Avellaneda<\/td>\n<\/tr>\n<tr style=\"height: 50px;\">\n<td style=\"height: 50px; width: 18.4644%;\">OSEP Rivadavia<\/td>\n<td style=\"height: 50px; width: 54.8446%;\">(0263) 4444451 \u2013 4442350<\/td>\n<td style=\"height: 50px; width: 24.8629%;\">Vicu\u00f1a Prado 256<\/td>\n<\/tr>\n<tr style=\"height: 50px;\">\n<td style=\"height: 50px; width: 18.4644%;\">OSEP La Paz<\/td>\n<td style=\"height: 50px; width: 54.8446%;\">(02626) 421777<\/td>\n<td style=\"height: 50px; width: 24.8629%;\">Galigniana y Bs. As.<\/td>\n<\/tr>\n<tr style=\"height: 50px;\">\n<td style=\"height: 50px; width: 18.4644%;\">OSEP Las Catitas<\/td>\n<td style=\"height: 50px; width: 54.8446%;\">(0263) 4495192<\/td>\n<td style=\"height: 50px; width: 24.8629%;\">Emilio Civit 133 Este<\/td>\n<\/tr>\n<\/tbody>\n<\/table>\n<p>[\/vc_column_text][\/vc_tta_section][vc_tta_section tab_id=&#8221;1543848571176-18e17451-2a56&#8243; title=&#8221;Valle de Uco&#8221;][vc_column_text]<\/p>\n<table class=\"fortuna_table\" width=\"100%\">\n<tbody>\n<tr>\n<th>Efector<\/th>\n<th>Tel\u00e9fono<\/th>\n<th>Direcci\u00f3n<\/th>\n<\/tr>\n<tr>\n<td>OSEP Tunuy\u00e1n<\/td>\n<td>(02622) 422979 \u2013 422615<\/td>\n<td>Dalmau 280<\/td>\n<\/tr>\n<tr>\n<td>Centro Integral \u00d3ptico (CIO) Tunuy\u00e1n<\/td>\n<td>0261 153052003<\/td>\n<td>Av. G\u00fcemes 731<\/td>\n<\/tr>\n<tr>\n<td>OSEP Tupungato<\/td>\n<td>(02622) 488850<\/td>\n<td>Beltr\u00e1n y Liniers<\/td>\n<\/tr>\n<tr>\n<td>OSEP San Carlos<\/td>\n<td>(0261) 7088649<\/td>\n<td>Ruta 40, Terminal de \u00d3mnibus de Eugenio Bustos<\/td>\n<\/tr>\n<tr>\n<td>OSEP Vista Flores<\/td>\n<td>(02622) 492083<\/td>\n<td>Centro Comunitario Pedro B. Palacios y 20 de Octubre<\/td>\n<\/tr>\n<tr>\n<td>OSEP La\u00a0Consulta<\/td>\n<td>(0261) 3051327<\/td>\n<td>Bruno Villegas 373<\/td>\n<\/tr>\n<\/tbody>\n<\/table>\n<p>[\/vc_column_text][\/vc_tta_section][vc_tta_section tab_id=&#8221;1543848571316-87d84050-bce9&#8243; title=&#8221;Zona Sur&#8221;][vc_column_text]<\/p>\n<table class=\"fortuna_table\" width=\"100%\">\n<tbody>\n<tr>\n<th>Efector<\/th>\n<th>Tel\u00e9fono<\/th>\n<th>Direcci\u00f3n<\/th>\n<\/tr>\n<tr>\n<td>OSEP San Rafael<\/td>\n<td>(02604) 425197 \u2013 421482<\/td>\n<td>Guti\u00e9rrez 341<\/td>\n<\/tr>\n<tr>\n<td>OSEP Real del Padre<\/td>\n<td>(02625) 491375<\/td>\n<td>C\u00f3rdoba 330<\/td>\n<\/tr>\n<tr>\n<td>OSEP Villa Atuel<\/td>\n<td>(02625) 470055<\/td>\n<td>Belgrano Oeste 55<\/td>\n<\/tr>\n<tr>\n<td>OSEP General Alvear<\/td>\n<td>(02625) 422965 \u2013 423272<\/td>\n<td>Libertador Norte 165<\/td>\n<\/tr>\n<tr>\n<td>OSEP Bowen<\/td>\n<td>(02625) 480469<\/td>\n<td>Pasaje Argentina 78 casa n\u00ba3, B\u00ba Amaya<\/td>\n<\/tr>\n<tr>\n<td>OSEP Carmensa<\/td>\n<td>(02625) 493088<\/td>\n<td>Pedro Cristhopersen y Buenos Aires<\/td>\n<\/tr>\n<\/tbody>\n<\/table>\n<p>[\/vc_column_text][\/vc_tta_section][vc_tta_section tab_id=&#8221;1543848571466-1271a3c5-7c0b&#8221; title=&#8221;OSEP Malarg\u00fce&#8221;][vc_column_text]<\/p>\n<table class=\"fortuna_table\" width=\"100%\">\n<tbody>\n<tr>\n<th>Efector<\/th>\n<th>Tel\u00e9fono<\/th>\n<th>Direcci\u00f3n<\/th>\n<\/tr>\n<tr>\n<td>Sede Central<\/td>\n<td>(0260) 4470283 \u2013 4470302<\/td>\n<td>Av J. A. Roca 277 esq E. Civit<\/td>\n<\/tr>\n<tr>\n<td>Centro Odontol\u00f3gico<\/td>\n<td>(0260) 4471043 \u00b7 4471738<\/td>\n<td>Uriburu 233<\/td>\n<\/tr>\n<\/tbody>\n<\/table>\n<p>[\/vc_column_text][\/vc_tta_section][\/vc_tta_tour][\/vc_column][\/vc_row]<\/p>\n","protected":false},"excerpt":{"rendered":"<p>[vc_row][vc_column][vc_column_text] LISTADO TELEF\u00d3NICO Y DOMICILIOS [\/vc_column_text][\/vc_column][\/vc_row][vc_row][vc_column][vc_tta_tour controls_size=&#8221;20&#8243;][vc_tta_section active=&#8221;1&#8243; tab_id=&#8221;osep-central&#8221; title=&#8221;OSEP&#8230;<\/p>\n","protected":false},"author":16,"featured_media":0,"parent":67,"menu_order":94,"comment_status":"closed","ping_status":"closed","template":"","meta":{"_acf_changed":false,"inline_featured_image":false,"_exactmetrics_skip_tracking":false,"_exactmetrics_sitenote_active":false,"_exactmetrics_sitenote_note":"","_exactmetrics_sitenote_category":0,"footnotes":""},"class_list":["post-92","page","type-page","status-publish","hentry"],"acf":[],"yoast_head":"<!-- This site is optimized with the Yoast SEO plugin v27.3 - https:\/\/yoast.com\/product\/yoast-seo-wordpress\/ -->\n<title>Tel\u00e9fonos y domicilios - OSEP Mendoza<\/title>\n<meta name=\"robots\" content=\"index, follow, max-snippet:-1, max-image-preview:large, max-video-preview:-1\" \/>\n<link rel=\"canonical\" href=\"https:\/\/osepmendoza.com.ar\/web\/osep\/telefonos\/\" \/>\n<meta property=\"og:locale\" content=\"es_ES\" \/>\n<meta property=\"og:type\" content=\"article\" \/>\n<meta property=\"og:title\" content=\"Tel\u00e9fonos y domicilios - OSEP Mendoza\" \/>\n<meta property=\"og:description\" content=\"[vc_row][vc_column][vc_column_text] LISTADO TELEF\u00d3NICO Y DOMICILIOS [\/vc_column_text][\/vc_column][\/vc_row][vc_row][vc_column][vc_tta_tour controls_size=&#8221;20&#8243;][vc_tta_section active=&#8221;1&#8243; tab_id=&#8221;osep-central&#8221; title=&#8221;OSEP...\" \/>\n<meta property=\"og:url\" content=\"https:\/\/osepmendoza.com.ar\/web\/osep\/telefonos\/\" \/>\n<meta property=\"og:site_name\" content=\"OSEP Mendoza\" \/>\n<meta property=\"article:publisher\" content=\"https:\/\/www.facebook.com\/OSEP.MendozaArg\/\" \/>\n<meta property=\"article:modified_time\" content=\"2023-01-31T14:48:24+00:00\" \/>\n<meta name=\"twitter:card\" content=\"summary_large_image\" \/>\n<meta name=\"twitter:site\" content=\"@OsepMza\" \/>\n<meta name=\"twitter:label1\" content=\"Tiempo de lectura\" \/>\n\t<meta name=\"twitter:data1\" content=\"3 minutos\" \/>\n<script type=\"application\/ld+json\" class=\"yoast-schema-graph\">{\"@context\":\"https:\\\/\\\/schema.org\",\"@graph\":[{\"@type\":\"WebPage\",\"@id\":\"https:\\\/\\\/osepmendoza.com.ar\\\/web\\\/osep\\\/telefonos\\\/\",\"url\":\"https:\\\/\\\/osepmendoza.com.ar\\\/web\\\/osep\\\/telefonos\\\/\",\"name\":\"Tel\u00e9fonos y domicilios - OSEP Mendoza\",\"isPartOf\":{\"@id\":\"https:\\\/\\\/osepmendoza.com.ar\\\/web\\\/#website\"},\"datePublished\":\"2018-12-03T14:36:46+00:00\",\"dateModified\":\"2023-01-31T14:48:24+00:00\",\"breadcrumb\":{\"@id\":\"https:\\\/\\\/osepmendoza.com.ar\\\/web\\\/osep\\\/telefonos\\\/#breadcrumb\"},\"inLanguage\":\"es\",\"potentialAction\":[{\"@type\":\"ReadAction\",\"target\":[\"https:\\\/\\\/osepmendoza.com.ar\\\/web\\\/osep\\\/telefonos\\\/\"]}]},{\"@type\":\"BreadcrumbList\",\"@id\":\"https:\\\/\\\/osepmendoza.com.ar\\\/web\\\/osep\\\/telefonos\\\/#breadcrumb\",\"itemListElement\":[{\"@type\":\"ListItem\",\"position\":1,\"name\":\"Portada\",\"item\":\"https:\\\/\\\/osepmendoza.com.ar\\\/web\\\/\"},{\"@type\":\"ListItem\",\"position\":2,\"name\":\"OSEP\",\"item\":\"https:\\\/\\\/osepmendoza.com.ar\\\/web\\\/osep\\\/\"},{\"@type\":\"ListItem\",\"position\":3,\"name\":\"Tel\u00e9fonos y domicilios\"}]},{\"@type\":\"WebSite\",\"@id\":\"https:\\\/\\\/osepmendoza.com.ar\\\/web\\\/#website\",\"url\":\"https:\\\/\\\/osepmendoza.com.ar\\\/web\\\/\",\"name\":\"OSEP Mendoza\",\"description\":\"Obra Social de los Empleados P\u00fablicos de Mendoza\",\"publisher\":{\"@id\":\"https:\\\/\\\/osepmendoza.com.ar\\\/web\\\/#organization\"},\"potentialAction\":[{\"@type\":\"SearchAction\",\"target\":{\"@type\":\"EntryPoint\",\"urlTemplate\":\"https:\\\/\\\/osepmendoza.com.ar\\\/web\\\/?s={search_term_string}\"},\"query-input\":{\"@type\":\"PropertyValueSpecification\",\"valueRequired\":true,\"valueName\":\"search_term_string\"}}],\"inLanguage\":\"es\"},{\"@type\":\"Organization\",\"@id\":\"https:\\\/\\\/osepmendoza.com.ar\\\/web\\\/#organization\",\"name\":\"OSEP - Obra Social de Empleados P\u00fablicos de Mendoza\",\"url\":\"https:\\\/\\\/osepmendoza.com.ar\\\/web\\\/\",\"logo\":{\"@type\":\"ImageObject\",\"inLanguage\":\"es\",\"@id\":\"https:\\\/\\\/osepmendoza.com.ar\\\/web\\\/#\\\/schema\\\/logo\\\/image\\\/\",\"url\":\"https:\\\/\\\/osepmendoza.com.ar\\\/web\\\/wp-content\\\/uploads\\\/2020\\\/04\\\/lkTM9T9z.jpg\",\"contentUrl\":\"https:\\\/\\\/osepmendoza.com.ar\\\/web\\\/wp-content\\\/uploads\\\/2020\\\/04\\\/lkTM9T9z.jpg\",\"width\":334,\"height\":334,\"caption\":\"OSEP - Obra Social de Empleados P\u00fablicos de Mendoza\"},\"image\":{\"@id\":\"https:\\\/\\\/osepmendoza.com.ar\\\/web\\\/#\\\/schema\\\/logo\\\/image\\\/\"},\"sameAs\":[\"https:\\\/\\\/www.facebook.com\\\/OSEP.MendozaArg\\\/\",\"https:\\\/\\\/x.com\\\/OsepMza\",\"https:\\\/\\\/www.instagram.com\\\/osep.mendoza\\\/\",\"https:\\\/\\\/www.youtube.com\\\/user\\\/osepvideos\"]}]}<\/script>\n<!-- \/ Yoast SEO plugin. -->","yoast_head_json":{"title":"Tel\u00e9fonos y domicilios - OSEP Mendoza","robots":{"index":"index","follow":"follow","max-snippet":"max-snippet:-1","max-image-preview":"max-image-preview:large","max-video-preview":"max-video-preview:-1"},"canonical":"https:\/\/osepmendoza.com.ar\/web\/osep\/telefonos\/","og_locale":"es_ES","og_type":"article","og_title":"Tel\u00e9fonos y domicilios - OSEP Mendoza","og_description":"[vc_row][vc_column][vc_column_text] LISTADO TELEF\u00d3NICO Y DOMICILIOS [\/vc_column_text][\/vc_column][\/vc_row][vc_row][vc_column][vc_tta_tour controls_size=&#8221;20&#8243;][vc_tta_section active=&#8221;1&#8243; tab_id=&#8221;osep-central&#8221; title=&#8221;OSEP...","og_url":"https:\/\/osepmendoza.com.ar\/web\/osep\/telefonos\/","og_site_name":"OSEP Mendoza","article_publisher":"https:\/\/www.facebook.com\/OSEP.MendozaArg\/","article_modified_time":"2023-01-31T14:48:24+00:00","twitter_card":"summary_large_image","twitter_site":"@OsepMza","twitter_misc":{"Tiempo de lectura":"3 minutos"},"schema":{"@context":"https:\/\/schema.org","@graph":[{"@type":"WebPage","@id":"https:\/\/osepmendoza.com.ar\/web\/osep\/telefonos\/","url":"https:\/\/osepmendoza.com.ar\/web\/osep\/telefonos\/","name":"Tel\u00e9fonos y domicilios - OSEP Mendoza","isPartOf":{"@id":"https:\/\/osepmendoza.com.ar\/web\/#website"},"datePublished":"2018-12-03T14:36:46+00:00","dateModified":"2023-01-31T14:48:24+00:00","breadcrumb":{"@id":"https:\/\/osepmendoza.com.ar\/web\/osep\/telefonos\/#breadcrumb"},"inLanguage":"es","potentialAction":[{"@type":"ReadAction","target":["https:\/\/osepmendoza.com.ar\/web\/osep\/telefonos\/"]}]},{"@type":"BreadcrumbList","@id":"https:\/\/osepmendoza.com.ar\/web\/osep\/telefonos\/#breadcrumb","itemListElement":[{"@type":"ListItem","position":1,"name":"Portada","item":"https:\/\/osepmendoza.com.ar\/web\/"},{"@type":"ListItem","position":2,"name":"OSEP","item":"https:\/\/osepmendoza.com.ar\/web\/osep\/"},{"@type":"ListItem","position":3,"name":"Tel\u00e9fonos y domicilios"}]},{"@type":"WebSite","@id":"https:\/\/osepmendoza.com.ar\/web\/#website","url":"https:\/\/osepmendoza.com.ar\/web\/","name":"OSEP Mendoza","description":"Obra Social de los Empleados P\u00fablicos de Mendoza","publisher":{"@id":"https:\/\/osepmendoza.com.ar\/web\/#organization"},"potentialAction":[{"@type":"SearchAction","target":{"@type":"EntryPoint","urlTemplate":"https:\/\/osepmendoza.com.ar\/web\/?s={search_term_string}"},"query-input":{"@type":"PropertyValueSpecification","valueRequired":true,"valueName":"search_term_string"}}],"inLanguage":"es"},{"@type":"Organization","@id":"https:\/\/osepmendoza.com.ar\/web\/#organization","name":"OSEP - Obra Social de Empleados P\u00fablicos de Mendoza","url":"https:\/\/osepmendoza.com.ar\/web\/","logo":{"@type":"ImageObject","inLanguage":"es","@id":"https:\/\/osepmendoza.com.ar\/web\/#\/schema\/logo\/image\/","url":"https:\/\/osepmendoza.com.ar\/web\/wp-content\/uploads\/2020\/04\/lkTM9T9z.jpg","contentUrl":"https:\/\/osepmendoza.com.ar\/web\/wp-content\/uploads\/2020\/04\/lkTM9T9z.jpg","width":334,"height":334,"caption":"OSEP - Obra Social de Empleados P\u00fablicos de Mendoza"},"image":{"@id":"https:\/\/osepmendoza.com.ar\/web\/#\/schema\/logo\/image\/"},"sameAs":["https:\/\/www.facebook.com\/OSEP.MendozaArg\/","https:\/\/x.com\/OsepMza","https:\/\/www.instagram.com\/osep.mendoza\/","https:\/\/www.youtube.com\/user\/osepvideos"]}]}},"amp_enabled":true,"_links":{"self":[{"href":"https:\/\/osepmendoza.com.ar\/web\/wp-json\/wp\/v2\/pages\/92","targetHints":{"allow":["GET"]}}],"collection":[{"href":"https:\/\/osepmendoza.com.ar\/web\/wp-json\/wp\/v2\/pages"}],"about":[{"href":"https:\/\/osepmendoza.com.ar\/web\/wp-json\/wp\/v2\/types\/page"}],"author":[{"embeddable":true,"href":"https:\/\/osepmendoza.com.ar\/web\/wp-json\/wp\/v2\/users\/16"}],"replies":[{"embeddable":true,"href":"https:\/\/osepmendoza.com.ar\/web\/wp-json\/wp\/v2\/comments?post=92"}],"version-history":[{"count":18,"href":"https:\/\/osepmendoza.com.ar\/web\/wp-json\/wp\/v2\/pages\/92\/revisions"}],"predecessor-version":[{"id":48662,"href":"https:\/\/osepmendoza.com.ar\/web\/wp-json\/wp\/v2\/pages\/92\/revisions\/48662"}],"up":[{"embeddable":true,"href":"https:\/\/osepmendoza.com.ar\/web\/wp-json\/wp\/v2\/pages\/67"}],"wp:attachment":[{"href":"https:\/\/osepmendoza.com.ar\/web\/wp-json\/wp\/v2\/media?parent=92"}],"curies":[{"name":"wp","href":"https:\/\/api.w.org\/{rel}","templated":true}]}}