{"id":45919,"date":"2022-04-21T12:07:46","date_gmt":"2022-04-21T15:07:46","guid":{"rendered":"https:\/\/osepmendoza.com.ar\/web\/?page_id=45919"},"modified":"2026-03-13T16:02:59","modified_gmt":"2026-03-13T19:02:59","slug":"coseguros-actualizados","status":"publish","type":"page","link":"https:\/\/osepmendoza.com.ar\/web\/coseguros-actualizados\/","title":{"rendered":"Coseguros actualizados"},"content":{"rendered":"<p>Valor de los coseguros para consultas m\u00e9dicas, oftalmol\u00f3gicas, ORL, de Guardia, cardiol\u00f3gicas, pedi\u00e1tricas y de Prestadores Por Programa en centros privados con convenio con OSEP, actualizados a febrero de 2026.<\/p>\n<p><b>Consulta de Guardia<\/b><\/p>\n<p>Gran Mendoza \u2013 $8800<\/p>\n<p>Interior \u2013 $8800<\/p>\n<p><b>Consulta m\u00e9dica com\u00fan<\/b><\/p>\n<p>Gran Mendoza \u2013 $7000<\/p>\n<p>Interior \u2013 $7000<\/p>\n<p><b>Prestadores Por Programa<\/b><\/p>\n<p>Gran Mendoza \u2013 $7000<\/p>\n<p>PPP Interior \u2013 $7000<\/p>\n<p>PPP y PP en Sede interior \u2013 $0<\/p>\n<p>PPP y PP en Sede territorio cr\u00edtico (Gral. Alvear y Malarg\u00fce) \u2013 $0<\/p>\n<p><b>Consulta oftalmol\u00f3gica<\/b><\/p>\n<p>Gran Mendoza \u2013 $7000<\/p>\n<p>Universitario &#8211; $7000<\/p>\n<p>Interior \u2013 $7000<\/p>\n<p>Interior en Sede &#8211; $0<\/p>\n<p><b>Consulta O.R.L.<\/b><\/p>\n<p>Gran Mendoza \u2013 $7000<\/p>\n<p>Interior \u2013 $7000<\/p>\n<p><b>Consulta cardiol\u00f3gica <\/b><b>pedi\u00e1trica<\/b> \u2013 $7000<\/p>\n<p align=\"left\"><strong>M\u00e9dica Interior Programa (PRF) <\/strong>&#8211; $7000<\/p>\n<p align=\"left\"><b>C<\/b><b>onsulta m\u00e9dica Cuidados Paliativos<\/b>\u00a0&#8211; $0<\/p>\n<p align=\"left\"><b>Teleconsulta<\/b> &#8211; $9000<\/p>\n<p>Afiliados y afiliadas de OSEP tienen que pagar solo el valor acordado y cualquier irregularidad debe denunciarse al 0810-810-6737 o en la secci\u00f3n Reclamos y Sugerencias de <a href=\"https:\/\/osepmendoza.com.ar\/web\/mi-osep\/\">Mi OSEP<\/a>.<\/p>\n","protected":false},"excerpt":{"rendered":"<p>Valor de los coseguros para consultas m\u00e9dicas, oftalmol\u00f3gicas, ORL, de&#8230;<\/p>\n","protected":false},"author":6,"featured_media":0,"parent":0,"menu_order":3,"comment_status":"closed","ping_status":"closed","template":"","meta":{"_acf_changed":false,"inline_featured_image":false,"_exactmetrics_skip_tracking":false,"_exactmetrics_sitenote_active":false,"_exactmetrics_sitenote_note":"","_exactmetrics_sitenote_category":0,"footnotes":"","_links_to":"","_links_to_target":""},"class_list":["post-45919","page","type-page","status-publish","hentry"],"acf":[],"yoast_head":"<!-- This site is optimized with the Yoast SEO plugin v27.5 - https:\/\/yoast.com\/product\/yoast-seo-wordpress\/ -->\n<title>Coseguros actualizados - OSEP Mendoza<\/title>\n<meta name=\"robots\" content=\"index, follow, max-snippet:-1, max-image-preview:large, max-video-preview:-1\" \/>\n<link rel=\"canonical\" href=\"https:\/\/osepmendoza.com.ar\/web\/coseguros-actualizados\/\" \/>\n<meta property=\"og:locale\" content=\"es_ES\" \/>\n<meta property=\"og:type\" content=\"article\" \/>\n<meta property=\"og:title\" content=\"Coseguros actualizados - OSEP Mendoza\" \/>\n<meta property=\"og:description\" content=\"Valor de los coseguros para consultas m\u00e9dicas, oftalmol\u00f3gicas, ORL, de...\" \/>\n<meta property=\"og:url\" content=\"https:\/\/osepmendoza.com.ar\/web\/coseguros-actualizados\/\" \/>\n<meta property=\"og:site_name\" content=\"OSEP Mendoza\" \/>\n<meta property=\"article:publisher\" content=\"https:\/\/www.facebook.com\/OSEP.MendozaArg\/\" \/>\n<meta property=\"article:modified_time\" content=\"2026-03-13T19:02:59+00:00\" \/>\n<meta name=\"twitter:card\" content=\"summary_large_image\" \/>\n<meta name=\"twitter:site\" content=\"@OsepMza\" \/>\n<meta name=\"twitter:label1\" content=\"Tiempo de lectura\" \/>\n\t<meta name=\"twitter:data1\" content=\"1 minuto\" \/>\n<script type=\"application\/ld+json\" class=\"yoast-schema-graph\">{\"@context\":\"https:\\\/\\\/schema.org\",\"@graph\":[{\"@type\":\"WebPage\",\"@id\":\"https:\\\/\\\/osepmendoza.com.ar\\\/web\\\/coseguros-actualizados\\\/\",\"url\":\"https:\\\/\\\/osepmendoza.com.ar\\\/web\\\/coseguros-actualizados\\\/\",\"name\":\"Coseguros actualizados - OSEP Mendoza\",\"isPartOf\":{\"@id\":\"https:\\\/\\\/osepmendoza.com.ar\\\/web\\\/#website\"},\"datePublished\":\"2022-04-21T15:07:46+00:00\",\"dateModified\":\"2026-03-13T19:02:59+00:00\",\"breadcrumb\":{\"@id\":\"https:\\\/\\\/osepmendoza.com.ar\\\/web\\\/coseguros-actualizados\\\/#breadcrumb\"},\"inLanguage\":\"es\",\"potentialAction\":[{\"@type\":\"ReadAction\",\"target\":[\"https:\\\/\\\/osepmendoza.com.ar\\\/web\\\/coseguros-actualizados\\\/\"]}]},{\"@type\":\"BreadcrumbList\",\"@id\":\"https:\\\/\\\/osepmendoza.com.ar\\\/web\\\/coseguros-actualizados\\\/#breadcrumb\",\"itemListElement\":[{\"@type\":\"ListItem\",\"position\":1,\"name\":\"Portada\",\"item\":\"https:\\\/\\\/osepmendoza.com.ar\\\/web\\\/\"},{\"@type\":\"ListItem\",\"position\":2,\"name\":\"Coseguros actualizados\"}]},{\"@type\":\"WebSite\",\"@id\":\"https:\\\/\\\/osepmendoza.com.ar\\\/web\\\/#website\",\"url\":\"https:\\\/\\\/osepmendoza.com.ar\\\/web\\\/\",\"name\":\"OSEP Mendoza\",\"description\":\"Obra Social de los Empleados P\u00fablicos de Mendoza\",\"publisher\":{\"@id\":\"https:\\\/\\\/osepmendoza.com.ar\\\/web\\\/#organization\"},\"potentialAction\":[{\"@type\":\"SearchAction\",\"target\":{\"@type\":\"EntryPoint\",\"urlTemplate\":\"https:\\\/\\\/osepmendoza.com.ar\\\/web\\\/?s={search_term_string}\"},\"query-input\":{\"@type\":\"PropertyValueSpecification\",\"valueRequired\":true,\"valueName\":\"search_term_string\"}}],\"inLanguage\":\"es\"},{\"@type\":\"Organization\",\"@id\":\"https:\\\/\\\/osepmendoza.com.ar\\\/web\\\/#organization\",\"name\":\"OSEP - Obra Social de Empleados P\u00fablicos de Mendoza\",\"url\":\"https:\\\/\\\/osepmendoza.com.ar\\\/web\\\/\",\"logo\":{\"@type\":\"ImageObject\",\"inLanguage\":\"es\",\"@id\":\"https:\\\/\\\/osepmendoza.com.ar\\\/web\\\/#\\\/schema\\\/logo\\\/image\\\/\",\"url\":\"https:\\\/\\\/osepmendoza.com.ar\\\/web\\\/wp-content\\\/uploads\\\/2020\\\/04\\\/lkTM9T9z.jpg\",\"contentUrl\":\"https:\\\/\\\/osepmendoza.com.ar\\\/web\\\/wp-content\\\/uploads\\\/2020\\\/04\\\/lkTM9T9z.jpg\",\"width\":334,\"height\":334,\"caption\":\"OSEP - Obra Social de Empleados P\u00fablicos de Mendoza\"},\"image\":{\"@id\":\"https:\\\/\\\/osepmendoza.com.ar\\\/web\\\/#\\\/schema\\\/logo\\\/image\\\/\"},\"sameAs\":[\"https:\\\/\\\/www.facebook.com\\\/OSEP.MendozaArg\\\/\",\"https:\\\/\\\/x.com\\\/OsepMza\",\"https:\\\/\\\/www.instagram.com\\\/osep.mendoza\\\/\",\"https:\\\/\\\/www.youtube.com\\\/user\\\/osepvideos\"]}]}<\/script>\n<!-- \/ Yoast SEO plugin. -->","yoast_head_json":{"title":"Coseguros actualizados - OSEP Mendoza","robots":{"index":"index","follow":"follow","max-snippet":"max-snippet:-1","max-image-preview":"max-image-preview:large","max-video-preview":"max-video-preview:-1"},"canonical":"https:\/\/osepmendoza.com.ar\/web\/coseguros-actualizados\/","og_locale":"es_ES","og_type":"article","og_title":"Coseguros actualizados - OSEP Mendoza","og_description":"Valor de los coseguros para consultas m\u00e9dicas, oftalmol\u00f3gicas, ORL, de...","og_url":"https:\/\/osepmendoza.com.ar\/web\/coseguros-actualizados\/","og_site_name":"OSEP Mendoza","article_publisher":"https:\/\/www.facebook.com\/OSEP.MendozaArg\/","article_modified_time":"2026-03-13T19:02:59+00:00","twitter_card":"summary_large_image","twitter_site":"@OsepMza","twitter_misc":{"Tiempo de lectura":"1 minuto"},"schema":{"@context":"https:\/\/schema.org","@graph":[{"@type":"WebPage","@id":"https:\/\/osepmendoza.com.ar\/web\/coseguros-actualizados\/","url":"https:\/\/osepmendoza.com.ar\/web\/coseguros-actualizados\/","name":"Coseguros actualizados - OSEP Mendoza","isPartOf":{"@id":"https:\/\/osepmendoza.com.ar\/web\/#website"},"datePublished":"2022-04-21T15:07:46+00:00","dateModified":"2026-03-13T19:02:59+00:00","breadcrumb":{"@id":"https:\/\/osepmendoza.com.ar\/web\/coseguros-actualizados\/#breadcrumb"},"inLanguage":"es","potentialAction":[{"@type":"ReadAction","target":["https:\/\/osepmendoza.com.ar\/web\/coseguros-actualizados\/"]}]},{"@type":"BreadcrumbList","@id":"https:\/\/osepmendoza.com.ar\/web\/coseguros-actualizados\/#breadcrumb","itemListElement":[{"@type":"ListItem","position":1,"name":"Portada","item":"https:\/\/osepmendoza.com.ar\/web\/"},{"@type":"ListItem","position":2,"name":"Coseguros actualizados"}]},{"@type":"WebSite","@id":"https:\/\/osepmendoza.com.ar\/web\/#website","url":"https:\/\/osepmendoza.com.ar\/web\/","name":"OSEP Mendoza","description":"Obra Social de los Empleados P\u00fablicos de Mendoza","publisher":{"@id":"https:\/\/osepmendoza.com.ar\/web\/#organization"},"potentialAction":[{"@type":"SearchAction","target":{"@type":"EntryPoint","urlTemplate":"https:\/\/osepmendoza.com.ar\/web\/?s={search_term_string}"},"query-input":{"@type":"PropertyValueSpecification","valueRequired":true,"valueName":"search_term_string"}}],"inLanguage":"es"},{"@type":"Organization","@id":"https:\/\/osepmendoza.com.ar\/web\/#organization","name":"OSEP - Obra Social de Empleados P\u00fablicos de Mendoza","url":"https:\/\/osepmendoza.com.ar\/web\/","logo":{"@type":"ImageObject","inLanguage":"es","@id":"https:\/\/osepmendoza.com.ar\/web\/#\/schema\/logo\/image\/","url":"https:\/\/osepmendoza.com.ar\/web\/wp-content\/uploads\/2020\/04\/lkTM9T9z.jpg","contentUrl":"https:\/\/osepmendoza.com.ar\/web\/wp-content\/uploads\/2020\/04\/lkTM9T9z.jpg","width":334,"height":334,"caption":"OSEP - Obra Social de Empleados P\u00fablicos de Mendoza"},"image":{"@id":"https:\/\/osepmendoza.com.ar\/web\/#\/schema\/logo\/image\/"},"sameAs":["https:\/\/www.facebook.com\/OSEP.MendozaArg\/","https:\/\/x.com\/OsepMza","https:\/\/www.instagram.com\/osep.mendoza\/","https:\/\/www.youtube.com\/user\/osepvideos"]}]}},"amp_enabled":true,"_links":{"self":[{"href":"https:\/\/osepmendoza.com.ar\/web\/wp-json\/wp\/v2\/pages\/45919","targetHints":{"allow":["GET"]}}],"collection":[{"href":"https:\/\/osepmendoza.com.ar\/web\/wp-json\/wp\/v2\/pages"}],"about":[{"href":"https:\/\/osepmendoza.com.ar\/web\/wp-json\/wp\/v2\/types\/page"}],"author":[{"embeddable":true,"href":"https:\/\/osepmendoza.com.ar\/web\/wp-json\/wp\/v2\/users\/6"}],"replies":[{"embeddable":true,"href":"https:\/\/osepmendoza.com.ar\/web\/wp-json\/wp\/v2\/comments?post=45919"}],"version-history":[{"count":48,"href":"https:\/\/osepmendoza.com.ar\/web\/wp-json\/wp\/v2\/pages\/45919\/revisions"}],"predecessor-version":[{"id":60149,"href":"https:\/\/osepmendoza.com.ar\/web\/wp-json\/wp\/v2\/pages\/45919\/revisions\/60149"}],"wp:attachment":[{"href":"https:\/\/osepmendoza.com.ar\/web\/wp-json\/wp\/v2\/media?parent=45919"}],"curies":[{"name":"wp","href":"https:\/\/api.w.org\/{rel}","templated":true}]}}