{"id":45687,"date":"2022-03-02T12:25:22","date_gmt":"2022-03-02T15:25:22","guid":{"rendered":"https:\/\/osepmendoza.com.ar\/web\/?page_id=45687"},"modified":"2022-03-09T13:56:39","modified_gmt":"2022-03-09T16:56:39","slug":"inicio-expediente-facturacion","status":"publish","type":"page","link":"https:\/\/osepmendoza.com.ar\/web\/inicio-expediente-facturacion\/","title":{"rendered":"Inicio Expediente Facturaci\u00f3n"},"content":{"rendered":"<p>[vc_row][vc_column][vc_column_text]<\/p>\n<h3>Presentaciones de SISAO por Asistente Virtual<\/h3>\n<p>Desde el 1\/3\/2022 se deber\u00e1 realizar el expediente mensual de facturaci\u00f3n de prestaciones generadas por SISAO a trav\u00e9s del Asistente Virtual de OSEP 2612058800.<\/p>\n<p>En la opci\u00f3n &#8220;Prestadores&#8221; se inicia el expediente para el cobro de las presentaciones que SOLO se emiten por SISAO.<\/p>\n<p>Durante la gesti\u00f3n virtual se solicitar\u00e1n los datos habituales:<\/p>\n<p>&#8211; CUIT<br \/>\n&#8211; Tel\u00e9fono<br \/>\n&#8211; Correo electr\u00f3nico<br \/>\n&#8211; Planilla de PRESENTACIONES de SISAO en formato PDF<br \/>\n&#8211; Periodo e Importe a facturar<\/p>\n<p>Una vez cargada la informaci\u00f3n se bridar\u00e1 el n\u00famero de expediente para su seguimiento.<\/p>\n<p>El tr\u00e1mite se debe realizar del 1 al 15 de casa mes. Recordar que la la presentaci\u00f3n es mensual, se solicita UN expediente por mes.[\/vc_column_text][vc_raw_html]JTNDJTIxLS0lMjBTVEFSVCUyMEJvdG1ha2VyJTIwV2ViQ2hhdC0tJTNFJTBBJTNDc2NyaXB0JTNFJTBBJTIwJTIwJTIwJTIwJTI4ZnVuY3Rpb24lMjAlMjglMjklMjAlN0IlMEElMjAlMjAlMjAlMjAlMjAlMjAlMjAlMjBsZXQlMjBqcyUyMCUzRCUyMGRvY3VtZW50LmNyZWF0ZUVsZW1lbnQlMjglMjdzY3JpcHQlMjclMjklM0IlMEElMjAlMjAlMjAlMjAlMjAlMjAlMjAlMjBqcy50eXBlJTIwJTNEJTIwJTI3dGV4dCUyRmphdmFzY3JpcHQlMjclM0IlMEElMjAlMjAlMjAlMjAlMjAlMjAlMjAlMjBqcy5hc3luYyUyMCUzRCUyMDElM0IlMEElMjAlMjAlMjAlMjAlMjAlMjAlMjAlMjBqcy5zcmMlMjAlM0QlMjAlMjdodHRwcyUzQSUyRiUyRmdvLmJvdG1ha2VyLmNvbSUyRnJlc3QlMkZ3ZWJjaGF0JTJGcCUyRjdURUNYRVpHWE8lMkZpbml0LmpzJTI3JTNCJTBBJTIwJTIwJTIwJTIwJTIwJTIwJTIwJTIwZG9jdW1lbnQuYm9keS5hcHBlbmRDaGlsZCUyOGpzJTI5JTNCJTBBJTIwJTIwJTIwJTIwJTdEJTI5JTI4JTI5JTNCJTBBJTNDJTJGc2NyaXB0JTNFJTBBJTNDJTIxLS0lMjBFTkQlMjBCb3RtYWtlciUyMFdlYkNoYXQtLSUzRQ==[\/vc_raw_html][\/vc_column][\/vc_row]<\/p>\n","protected":false},"excerpt":{"rendered":"<p>[vc_row][vc_column][vc_column_text] Presentaciones de SISAO por Asistente Virtual Desde el 1\/3\/2022&#8230;<\/p>\n","protected":false},"author":6,"featured_media":0,"parent":0,"menu_order":9,"comment_status":"closed","ping_status":"closed","template":"","meta":{"_acf_changed":false,"inline_featured_image":false,"_exactmetrics_skip_tracking":false,"_exactmetrics_sitenote_active":false,"_exactmetrics_sitenote_note":"","_exactmetrics_sitenote_category":0,"footnotes":"","_links_to":"","_links_to_target":""},"class_list":["post-45687","page","type-page","status-publish","hentry"],"acf":[],"yoast_head":"<!-- This site is optimized with the Yoast SEO plugin v27.3 - https:\/\/yoast.com\/product\/yoast-seo-wordpress\/ -->\n<title>Inicio Expediente Facturaci\u00f3n - OSEP Mendoza<\/title>\n<meta name=\"robots\" content=\"index, follow, max-snippet:-1, max-image-preview:large, max-video-preview:-1\" \/>\n<link rel=\"canonical\" href=\"https:\/\/osepmendoza.com.ar\/web\/inicio-expediente-facturacion\/\" \/>\n<meta property=\"og:locale\" content=\"es_ES\" \/>\n<meta property=\"og:type\" content=\"article\" \/>\n<meta property=\"og:title\" content=\"Inicio Expediente Facturaci\u00f3n - OSEP Mendoza\" \/>\n<meta property=\"og:description\" content=\"[vc_row][vc_column][vc_column_text] Presentaciones de SISAO por Asistente Virtual Desde el 1\/3\/2022...\" \/>\n<meta property=\"og:url\" content=\"https:\/\/osepmendoza.com.ar\/web\/inicio-expediente-facturacion\/\" \/>\n<meta property=\"og:site_name\" content=\"OSEP Mendoza\" \/>\n<meta property=\"article:publisher\" content=\"https:\/\/www.facebook.com\/OSEP.MendozaArg\/\" \/>\n<meta property=\"article:modified_time\" content=\"2022-03-09T16:56:39+00:00\" \/>\n<meta name=\"twitter:card\" content=\"summary_large_image\" \/>\n<meta name=\"twitter:site\" content=\"@OsepMza\" \/>\n<meta name=\"twitter:label1\" content=\"Tiempo de lectura\" \/>\n\t<meta name=\"twitter:data1\" content=\"1 minuto\" \/>\n<script type=\"application\/ld+json\" class=\"yoast-schema-graph\">{\"@context\":\"https:\\\/\\\/schema.org\",\"@graph\":[{\"@type\":\"WebPage\",\"@id\":\"https:\\\/\\\/osepmendoza.com.ar\\\/web\\\/inicio-expediente-facturacion\\\/\",\"url\":\"https:\\\/\\\/osepmendoza.com.ar\\\/web\\\/inicio-expediente-facturacion\\\/\",\"name\":\"Inicio Expediente Facturaci\u00f3n - OSEP Mendoza\",\"isPartOf\":{\"@id\":\"https:\\\/\\\/osepmendoza.com.ar\\\/web\\\/#website\"},\"datePublished\":\"2022-03-02T15:25:22+00:00\",\"dateModified\":\"2022-03-09T16:56:39+00:00\",\"breadcrumb\":{\"@id\":\"https:\\\/\\\/osepmendoza.com.ar\\\/web\\\/inicio-expediente-facturacion\\\/#breadcrumb\"},\"inLanguage\":\"es\",\"potentialAction\":[{\"@type\":\"ReadAction\",\"target\":[\"https:\\\/\\\/osepmendoza.com.ar\\\/web\\\/inicio-expediente-facturacion\\\/\"]}]},{\"@type\":\"BreadcrumbList\",\"@id\":\"https:\\\/\\\/osepmendoza.com.ar\\\/web\\\/inicio-expediente-facturacion\\\/#breadcrumb\",\"itemListElement\":[{\"@type\":\"ListItem\",\"position\":1,\"name\":\"Portada\",\"item\":\"https:\\\/\\\/osepmendoza.com.ar\\\/web\\\/\"},{\"@type\":\"ListItem\",\"position\":2,\"name\":\"Inicio Expediente Facturaci\u00f3n\"}]},{\"@type\":\"WebSite\",\"@id\":\"https:\\\/\\\/osepmendoza.com.ar\\\/web\\\/#website\",\"url\":\"https:\\\/\\\/osepmendoza.com.ar\\\/web\\\/\",\"name\":\"OSEP Mendoza\",\"description\":\"Obra Social de los Empleados P\u00fablicos de Mendoza\",\"publisher\":{\"@id\":\"https:\\\/\\\/osepmendoza.com.ar\\\/web\\\/#organization\"},\"potentialAction\":[{\"@type\":\"SearchAction\",\"target\":{\"@type\":\"EntryPoint\",\"urlTemplate\":\"https:\\\/\\\/osepmendoza.com.ar\\\/web\\\/?s={search_term_string}\"},\"query-input\":{\"@type\":\"PropertyValueSpecification\",\"valueRequired\":true,\"valueName\":\"search_term_string\"}}],\"inLanguage\":\"es\"},{\"@type\":\"Organization\",\"@id\":\"https:\\\/\\\/osepmendoza.com.ar\\\/web\\\/#organization\",\"name\":\"OSEP - Obra Social de Empleados P\u00fablicos de Mendoza\",\"url\":\"https:\\\/\\\/osepmendoza.com.ar\\\/web\\\/\",\"logo\":{\"@type\":\"ImageObject\",\"inLanguage\":\"es\",\"@id\":\"https:\\\/\\\/osepmendoza.com.ar\\\/web\\\/#\\\/schema\\\/logo\\\/image\\\/\",\"url\":\"https:\\\/\\\/osepmendoza.com.ar\\\/web\\\/wp-content\\\/uploads\\\/2020\\\/04\\\/lkTM9T9z.jpg\",\"contentUrl\":\"https:\\\/\\\/osepmendoza.com.ar\\\/web\\\/wp-content\\\/uploads\\\/2020\\\/04\\\/lkTM9T9z.jpg\",\"width\":334,\"height\":334,\"caption\":\"OSEP - Obra Social de Empleados P\u00fablicos de Mendoza\"},\"image\":{\"@id\":\"https:\\\/\\\/osepmendoza.com.ar\\\/web\\\/#\\\/schema\\\/logo\\\/image\\\/\"},\"sameAs\":[\"https:\\\/\\\/www.facebook.com\\\/OSEP.MendozaArg\\\/\",\"https:\\\/\\\/x.com\\\/OsepMza\",\"https:\\\/\\\/www.instagram.com\\\/osep.mendoza\\\/\",\"https:\\\/\\\/www.youtube.com\\\/user\\\/osepvideos\"]}]}<\/script>\n<!-- \/ Yoast SEO plugin. -->","yoast_head_json":{"title":"Inicio Expediente Facturaci\u00f3n - OSEP Mendoza","robots":{"index":"index","follow":"follow","max-snippet":"max-snippet:-1","max-image-preview":"max-image-preview:large","max-video-preview":"max-video-preview:-1"},"canonical":"https:\/\/osepmendoza.com.ar\/web\/inicio-expediente-facturacion\/","og_locale":"es_ES","og_type":"article","og_title":"Inicio Expediente Facturaci\u00f3n - OSEP Mendoza","og_description":"[vc_row][vc_column][vc_column_text] Presentaciones de SISAO por Asistente Virtual Desde el 1\/3\/2022...","og_url":"https:\/\/osepmendoza.com.ar\/web\/inicio-expediente-facturacion\/","og_site_name":"OSEP Mendoza","article_publisher":"https:\/\/www.facebook.com\/OSEP.MendozaArg\/","article_modified_time":"2022-03-09T16:56:39+00:00","twitter_card":"summary_large_image","twitter_site":"@OsepMza","twitter_misc":{"Tiempo de lectura":"1 minuto"},"schema":{"@context":"https:\/\/schema.org","@graph":[{"@type":"WebPage","@id":"https:\/\/osepmendoza.com.ar\/web\/inicio-expediente-facturacion\/","url":"https:\/\/osepmendoza.com.ar\/web\/inicio-expediente-facturacion\/","name":"Inicio Expediente Facturaci\u00f3n - OSEP Mendoza","isPartOf":{"@id":"https:\/\/osepmendoza.com.ar\/web\/#website"},"datePublished":"2022-03-02T15:25:22+00:00","dateModified":"2022-03-09T16:56:39+00:00","breadcrumb":{"@id":"https:\/\/osepmendoza.com.ar\/web\/inicio-expediente-facturacion\/#breadcrumb"},"inLanguage":"es","potentialAction":[{"@type":"ReadAction","target":["https:\/\/osepmendoza.com.ar\/web\/inicio-expediente-facturacion\/"]}]},{"@type":"BreadcrumbList","@id":"https:\/\/osepmendoza.com.ar\/web\/inicio-expediente-facturacion\/#breadcrumb","itemListElement":[{"@type":"ListItem","position":1,"name":"Portada","item":"https:\/\/osepmendoza.com.ar\/web\/"},{"@type":"ListItem","position":2,"name":"Inicio Expediente Facturaci\u00f3n"}]},{"@type":"WebSite","@id":"https:\/\/osepmendoza.com.ar\/web\/#website","url":"https:\/\/osepmendoza.com.ar\/web\/","name":"OSEP Mendoza","description":"Obra Social de los Empleados P\u00fablicos de Mendoza","publisher":{"@id":"https:\/\/osepmendoza.com.ar\/web\/#organization"},"potentialAction":[{"@type":"SearchAction","target":{"@type":"EntryPoint","urlTemplate":"https:\/\/osepmendoza.com.ar\/web\/?s={search_term_string}"},"query-input":{"@type":"PropertyValueSpecification","valueRequired":true,"valueName":"search_term_string"}}],"inLanguage":"es"},{"@type":"Organization","@id":"https:\/\/osepmendoza.com.ar\/web\/#organization","name":"OSEP - Obra Social de Empleados P\u00fablicos de Mendoza","url":"https:\/\/osepmendoza.com.ar\/web\/","logo":{"@type":"ImageObject","inLanguage":"es","@id":"https:\/\/osepmendoza.com.ar\/web\/#\/schema\/logo\/image\/","url":"https:\/\/osepmendoza.com.ar\/web\/wp-content\/uploads\/2020\/04\/lkTM9T9z.jpg","contentUrl":"https:\/\/osepmendoza.com.ar\/web\/wp-content\/uploads\/2020\/04\/lkTM9T9z.jpg","width":334,"height":334,"caption":"OSEP - Obra Social de Empleados P\u00fablicos de Mendoza"},"image":{"@id":"https:\/\/osepmendoza.com.ar\/web\/#\/schema\/logo\/image\/"},"sameAs":["https:\/\/www.facebook.com\/OSEP.MendozaArg\/","https:\/\/x.com\/OsepMza","https:\/\/www.instagram.com\/osep.mendoza\/","https:\/\/www.youtube.com\/user\/osepvideos"]}]}},"amp_enabled":true,"_links":{"self":[{"href":"https:\/\/osepmendoza.com.ar\/web\/wp-json\/wp\/v2\/pages\/45687","targetHints":{"allow":["GET"]}}],"collection":[{"href":"https:\/\/osepmendoza.com.ar\/web\/wp-json\/wp\/v2\/pages"}],"about":[{"href":"https:\/\/osepmendoza.com.ar\/web\/wp-json\/wp\/v2\/types\/page"}],"author":[{"embeddable":true,"href":"https:\/\/osepmendoza.com.ar\/web\/wp-json\/wp\/v2\/users\/6"}],"replies":[{"embeddable":true,"href":"https:\/\/osepmendoza.com.ar\/web\/wp-json\/wp\/v2\/comments?post=45687"}],"version-history":[{"count":17,"href":"https:\/\/osepmendoza.com.ar\/web\/wp-json\/wp\/v2\/pages\/45687\/revisions"}],"predecessor-version":[{"id":45692,"href":"https:\/\/osepmendoza.com.ar\/web\/wp-json\/wp\/v2\/pages\/45687\/revisions\/45692"}],"wp:attachment":[{"href":"https:\/\/osepmendoza.com.ar\/web\/wp-json\/wp\/v2\/media?parent=45687"}],"curies":[{"name":"wp","href":"https:\/\/api.w.org\/{rel}","templated":true}]}}