{"id":43979,"date":"2021-08-03T12:39:47","date_gmt":"2021-08-03T15:39:47","guid":{"rendered":"https:\/\/osepmendoza.com.ar\/web\/?page_id=43979"},"modified":"2021-09-01T12:05:17","modified_gmt":"2021-09-01T15:05:17","slug":"test-de-findrisk","status":"publish","type":"page","link":"https:\/\/osepmendoza.com.ar\/web\/test-de-findrisk\/","title":{"rendered":"Riesgo Cardiometab\u00f3lico &#8211; TEST DE FINDRISK"},"content":{"rendered":"<p><img loading=\"lazy\" decoding=\"async\" class=\"aligncenter wp-image-44254 size-full\" src=\"https:\/\/osepmendoza.com.ar\/web\/wp-content\/uploads\/2021\/08\/portada_test.jpeg\" alt=\"\" width=\"1280\" height=\"467\" srcset=\"https:\/\/osepmendoza.com.ar\/web\/wp-content\/uploads\/2021\/08\/portada_test.jpeg 1280w, https:\/\/osepmendoza.com.ar\/web\/wp-content\/uploads\/2021\/08\/portada_test-300x109.jpeg 300w, https:\/\/osepmendoza.com.ar\/web\/wp-content\/uploads\/2021\/08\/portada_test-1024x374.jpeg 1024w, https:\/\/osepmendoza.com.ar\/web\/wp-content\/uploads\/2021\/08\/portada_test-768x280.jpeg 768w\" sizes=\"auto, (max-width: 1280px) 100vw, 1280px\" \/><\/p>\n<p>&nbsp;<\/p>\n<p>La patolog\u00eda cardiovascular es la principal causa de muerte, mientras que los pacientes con diabetes que sufren un Infarto Agudo de Miocardio tienen peor pron\u00f3stico y mayor riesgo de mortalidad que los no diab\u00e9ticos.<\/p>\n<p>Eliminando los factores de riesgo modificables con h\u00e1bitos saludables es posible prevenir estas enfermedades y sus consecuencias graves .<\/p>\n<p>Si sos mayor de 18 a\u00f1os, te invitamos a realizar el siguiente test para conocer el riesgo que ten\u00e9s de desarrollar diabetes tipo 2 en los pr\u00f3ximos 10 a\u00f1os. Seg\u00fan el resultado, nuestro equipo de salud te brindar\u00e1 recomendaciones.<\/p>\n<h2>TEST DE FINDRISK<\/h2>\n<form action=\"https:\/\/osepmendoza.com.ar\/web\/recepcion-encuesta-de-findrisk\/\" method=\"post\"><label> 1. Indique su edad :<br \/>\n<input name=\"edad\" size=\"2\" type=\"number\" \/><\/label><label> <\/label><label>2. Indique su peso en Kg ( ej : 73 )<\/label><br \/>\n<input name=\"peso\" size=\"3\" step=\"any\" type=\"number\" \/><label><\/label><label>3. Indique su altura en metros ( ej : 1.71 ) <\/label><br \/>\n<input name=\"altura\" size=\"3\" step=\"any\" type=\"number\" \/><label><\/label><label>4. Hombre &#8211; Per\u00edmetro de la cintura (cm) medido debajo de las costillas (normalmente a la altura del ombligo)<\/label><br \/>\n<input name=\"imch\" size=\"2\" type=\"number\" \/><label><\/label><label>5. Mujer &#8211; Per\u00edmetro de la cintura (cm) medido debajo de las costillas (normalmente a la altura del ombligo) <\/label><br \/>\n<input name=\"imcm\" size=\"2\" type=\"number\" \/><\/p>\n<p><label> 6. Normalmente \u00bfPractica 30 minutos cada d\u00eda de actividad f\u00edsica en el trabajo y\/o en su tiempo libre? <\/label><\/p>\n<p><label for=\"SI\"><input id=\"si-actividad\" name=\"actividad\" required=\"\" type=\"radio\" value=\"0\" \/> Si <\/label><\/p>\n<p><label for=\"NO\"><input id=\"no-actividad\" name=\"actividad\" type=\"radio\" value=\"2\" \/> No <\/label><\/p>\n<p><label> 7. \u00bfCon cu\u00e1nta frecuencia come vegetales o frutas? <\/label><\/p>\n<p><label for=\"si\"><input id=\"si-vegetales\" name=\"vegetales\" required=\"\" type=\"radio\" value=\"0\" \/> Todos los d\u00edas <\/label><\/p>\n<p><label for=\"NO\"><input id=\"no-vegetales\" name=\"vegetales\" type=\"radio\" value=\"1\" \/> No todos los d\u00edas <\/label><\/p>\n<p><label> 8. \u00bfHa tomado medicaci\u00f3n para la <strong>hipertensi\u00f3n<\/strong> con regularidad? <\/label><\/p>\n<p><label for=\"si\"><input id=\"si-hipertensi\u00f3n\" name=\"hipertensi\u00f3n\" required=\"\" type=\"radio\" value=\"2\" \/> si<br \/>\n<\/label><\/p>\n<p><label for=\"NO\"><input id=\"no-hipertensi\u00f3n\" name=\"hipertensi\u00f3n\" type=\"radio\" value=\"0\" \/> no <\/label><\/p>\n<p><label> 9. \u00bfLe han encontrado alguna vez niveles altos de glucosa en sangre? <\/label><\/p>\n<p><label for=\"si\"><input id=\"si-glucosa\" name=\"glucosa\" required=\"\" type=\"radio\" value=\"5\" \/>si <\/label><\/p>\n<p><label for=\"NO\"><input id=\"no-glucosa\" name=\"glucosa\" type=\"radio\" value=\"0\" \/> no <\/label><\/p>\n<p><label> 10. \u00bfAlg\u00fan miembro de su familia tiene diabetes ? <\/label><\/p>\n<p><label for=\"si\"><input id=\"diabetes-3\" name=\"diabetes\" required=\"\" type=\"radio\" value=\"3\" \/> S\u00ed: abuelos, t\u00edos o primos<\/label><\/p>\n<p><label for=\"si\"><input id=\"diabetes-5\" name=\"diabetes\" required=\"\" type=\"radio\" value=\"5\" \/> S\u00ed: padres, hermanos o hijos propios <\/label><\/p>\n<p><label for=\"NO\"><input id=\"diabetes0\" name=\"diabetes\" type=\"radio\" value=\"0\" \/> No <\/label><\/p>\n<p><input type=\"submit\" value=\"Enviar\" \/><\/p>\n<\/form>\n<pre><\/pre>\n","protected":false},"excerpt":{"rendered":"<p>&nbsp; La patolog\u00eda cardiovascular es la principal causa de muerte,&#8230;<\/p>\n","protected":false},"author":14,"featured_media":0,"parent":0,"menu_order":10,"comment_status":"closed","ping_status":"closed","template":"","meta":{"_acf_changed":false,"inline_featured_image":false,"_exactmetrics_skip_tracking":false,"_exactmetrics_sitenote_active":false,"_exactmetrics_sitenote_note":"","_exactmetrics_sitenote_category":0,"footnotes":"","_links_to":"","_links_to_target":""},"class_list":["post-43979","page","type-page","status-publish","hentry"],"acf":[],"yoast_head":"<!-- This site is optimized with the Yoast SEO plugin v27.3 - https:\/\/yoast.com\/product\/yoast-seo-wordpress\/ -->\n<title>Riesgo Cardiometab\u00f3lico - TEST DE FINDRISK - OSEP Mendoza<\/title>\n<meta name=\"robots\" content=\"index, follow, max-snippet:-1, max-image-preview:large, max-video-preview:-1\" \/>\n<link rel=\"canonical\" href=\"https:\/\/osepmendoza.com.ar\/web\/test-de-findrisk\/\" \/>\n<meta property=\"og:locale\" content=\"es_ES\" \/>\n<meta property=\"og:type\" content=\"article\" \/>\n<meta property=\"og:title\" content=\"Riesgo Cardiometab\u00f3lico - TEST DE FINDRISK - OSEP Mendoza\" \/>\n<meta property=\"og:description\" content=\"&nbsp; La patolog\u00eda cardiovascular es la principal causa de muerte,...\" \/>\n<meta property=\"og:url\" content=\"https:\/\/osepmendoza.com.ar\/web\/test-de-findrisk\/\" \/>\n<meta property=\"og:site_name\" content=\"OSEP Mendoza\" \/>\n<meta property=\"article:publisher\" content=\"https:\/\/www.facebook.com\/OSEP.MendozaArg\/\" \/>\n<meta property=\"article:modified_time\" content=\"2021-09-01T15:05:17+00:00\" \/>\n<meta property=\"og:image\" content=\"https:\/\/osepmendoza.com.ar\/web\/wp-content\/uploads\/2021\/08\/portada_test.jpeg\" \/>\n<meta name=\"twitter:card\" content=\"summary_large_image\" \/>\n<meta name=\"twitter:site\" content=\"@OsepMza\" \/>\n<meta name=\"twitter:label1\" content=\"Tiempo de lectura\" \/>\n\t<meta name=\"twitter:data1\" content=\"2 minutos\" \/>\n<script type=\"application\/ld+json\" class=\"yoast-schema-graph\">{\"@context\":\"https:\\\/\\\/schema.org\",\"@graph\":[{\"@type\":\"WebPage\",\"@id\":\"https:\\\/\\\/osepmendoza.com.ar\\\/web\\\/test-de-findrisk\\\/\",\"url\":\"https:\\\/\\\/osepmendoza.com.ar\\\/web\\\/test-de-findrisk\\\/\",\"name\":\"Riesgo Cardiometab\u00f3lico - TEST DE FINDRISK - OSEP Mendoza\",\"isPartOf\":{\"@id\":\"https:\\\/\\\/osepmendoza.com.ar\\\/web\\\/#website\"},\"primaryImageOfPage\":{\"@id\":\"https:\\\/\\\/osepmendoza.com.ar\\\/web\\\/test-de-findrisk\\\/#primaryimage\"},\"image\":{\"@id\":\"https:\\\/\\\/osepmendoza.com.ar\\\/web\\\/test-de-findrisk\\\/#primaryimage\"},\"thumbnailUrl\":\"https:\\\/\\\/osepmendoza.com.ar\\\/web\\\/wp-content\\\/uploads\\\/2021\\\/08\\\/portada_test.jpeg\",\"datePublished\":\"2021-08-03T15:39:47+00:00\",\"dateModified\":\"2021-09-01T15:05:17+00:00\",\"breadcrumb\":{\"@id\":\"https:\\\/\\\/osepmendoza.com.ar\\\/web\\\/test-de-findrisk\\\/#breadcrumb\"},\"inLanguage\":\"es\",\"potentialAction\":[{\"@type\":\"ReadAction\",\"target\":[\"https:\\\/\\\/osepmendoza.com.ar\\\/web\\\/test-de-findrisk\\\/\"]}]},{\"@type\":\"ImageObject\",\"inLanguage\":\"es\",\"@id\":\"https:\\\/\\\/osepmendoza.com.ar\\\/web\\\/test-de-findrisk\\\/#primaryimage\",\"url\":\"https:\\\/\\\/osepmendoza.com.ar\\\/web\\\/wp-content\\\/uploads\\\/2021\\\/08\\\/portada_test.jpeg\",\"contentUrl\":\"https:\\\/\\\/osepmendoza.com.ar\\\/web\\\/wp-content\\\/uploads\\\/2021\\\/08\\\/portada_test.jpeg\",\"width\":1280,\"height\":467},{\"@type\":\"BreadcrumbList\",\"@id\":\"https:\\\/\\\/osepmendoza.com.ar\\\/web\\\/test-de-findrisk\\\/#breadcrumb\",\"itemListElement\":[{\"@type\":\"ListItem\",\"position\":1,\"name\":\"Portada\",\"item\":\"https:\\\/\\\/osepmendoza.com.ar\\\/web\\\/\"},{\"@type\":\"ListItem\",\"position\":2,\"name\":\"Riesgo Cardiometab\u00f3lico &#8211; TEST DE FINDRISK\"}]},{\"@type\":\"WebSite\",\"@id\":\"https:\\\/\\\/osepmendoza.com.ar\\\/web\\\/#website\",\"url\":\"https:\\\/\\\/osepmendoza.com.ar\\\/web\\\/\",\"name\":\"OSEP Mendoza\",\"description\":\"Obra Social de los Empleados P\u00fablicos de Mendoza\",\"publisher\":{\"@id\":\"https:\\\/\\\/osepmendoza.com.ar\\\/web\\\/#organization\"},\"potentialAction\":[{\"@type\":\"SearchAction\",\"target\":{\"@type\":\"EntryPoint\",\"urlTemplate\":\"https:\\\/\\\/osepmendoza.com.ar\\\/web\\\/?s={search_term_string}\"},\"query-input\":{\"@type\":\"PropertyValueSpecification\",\"valueRequired\":true,\"valueName\":\"search_term_string\"}}],\"inLanguage\":\"es\"},{\"@type\":\"Organization\",\"@id\":\"https:\\\/\\\/osepmendoza.com.ar\\\/web\\\/#organization\",\"name\":\"OSEP - Obra Social de Empleados P\u00fablicos de Mendoza\",\"url\":\"https:\\\/\\\/osepmendoza.com.ar\\\/web\\\/\",\"logo\":{\"@type\":\"ImageObject\",\"inLanguage\":\"es\",\"@id\":\"https:\\\/\\\/osepmendoza.com.ar\\\/web\\\/#\\\/schema\\\/logo\\\/image\\\/\",\"url\":\"https:\\\/\\\/osepmendoza.com.ar\\\/web\\\/wp-content\\\/uploads\\\/2020\\\/04\\\/lkTM9T9z.jpg\",\"contentUrl\":\"https:\\\/\\\/osepmendoza.com.ar\\\/web\\\/wp-content\\\/uploads\\\/2020\\\/04\\\/lkTM9T9z.jpg\",\"width\":334,\"height\":334,\"caption\":\"OSEP - Obra Social de Empleados P\u00fablicos de Mendoza\"},\"image\":{\"@id\":\"https:\\\/\\\/osepmendoza.com.ar\\\/web\\\/#\\\/schema\\\/logo\\\/image\\\/\"},\"sameAs\":[\"https:\\\/\\\/www.facebook.com\\\/OSEP.MendozaArg\\\/\",\"https:\\\/\\\/x.com\\\/OsepMza\",\"https:\\\/\\\/www.instagram.com\\\/osep.mendoza\\\/\",\"https:\\\/\\\/www.youtube.com\\\/user\\\/osepvideos\"]}]}<\/script>\n<!-- \/ Yoast SEO plugin. -->","yoast_head_json":{"title":"Riesgo Cardiometab\u00f3lico - TEST DE FINDRISK - OSEP Mendoza","robots":{"index":"index","follow":"follow","max-snippet":"max-snippet:-1","max-image-preview":"max-image-preview:large","max-video-preview":"max-video-preview:-1"},"canonical":"https:\/\/osepmendoza.com.ar\/web\/test-de-findrisk\/","og_locale":"es_ES","og_type":"article","og_title":"Riesgo Cardiometab\u00f3lico - TEST DE FINDRISK - OSEP Mendoza","og_description":"&nbsp; La patolog\u00eda cardiovascular es la principal causa de muerte,...","og_url":"https:\/\/osepmendoza.com.ar\/web\/test-de-findrisk\/","og_site_name":"OSEP Mendoza","article_publisher":"https:\/\/www.facebook.com\/OSEP.MendozaArg\/","article_modified_time":"2021-09-01T15:05:17+00:00","og_image":[{"url":"https:\/\/osepmendoza.com.ar\/web\/wp-content\/uploads\/2021\/08\/portada_test.jpeg","type":"","width":"","height":""}],"twitter_card":"summary_large_image","twitter_site":"@OsepMza","twitter_misc":{"Tiempo de lectura":"2 minutos"},"schema":{"@context":"https:\/\/schema.org","@graph":[{"@type":"WebPage","@id":"https:\/\/osepmendoza.com.ar\/web\/test-de-findrisk\/","url":"https:\/\/osepmendoza.com.ar\/web\/test-de-findrisk\/","name":"Riesgo Cardiometab\u00f3lico - TEST DE FINDRISK - OSEP Mendoza","isPartOf":{"@id":"https:\/\/osepmendoza.com.ar\/web\/#website"},"primaryImageOfPage":{"@id":"https:\/\/osepmendoza.com.ar\/web\/test-de-findrisk\/#primaryimage"},"image":{"@id":"https:\/\/osepmendoza.com.ar\/web\/test-de-findrisk\/#primaryimage"},"thumbnailUrl":"https:\/\/osepmendoza.com.ar\/web\/wp-content\/uploads\/2021\/08\/portada_test.jpeg","datePublished":"2021-08-03T15:39:47+00:00","dateModified":"2021-09-01T15:05:17+00:00","breadcrumb":{"@id":"https:\/\/osepmendoza.com.ar\/web\/test-de-findrisk\/#breadcrumb"},"inLanguage":"es","potentialAction":[{"@type":"ReadAction","target":["https:\/\/osepmendoza.com.ar\/web\/test-de-findrisk\/"]}]},{"@type":"ImageObject","inLanguage":"es","@id":"https:\/\/osepmendoza.com.ar\/web\/test-de-findrisk\/#primaryimage","url":"https:\/\/osepmendoza.com.ar\/web\/wp-content\/uploads\/2021\/08\/portada_test.jpeg","contentUrl":"https:\/\/osepmendoza.com.ar\/web\/wp-content\/uploads\/2021\/08\/portada_test.jpeg","width":1280,"height":467},{"@type":"BreadcrumbList","@id":"https:\/\/osepmendoza.com.ar\/web\/test-de-findrisk\/#breadcrumb","itemListElement":[{"@type":"ListItem","position":1,"name":"Portada","item":"https:\/\/osepmendoza.com.ar\/web\/"},{"@type":"ListItem","position":2,"name":"Riesgo Cardiometab\u00f3lico &#8211; TEST DE FINDRISK"}]},{"@type":"WebSite","@id":"https:\/\/osepmendoza.com.ar\/web\/#website","url":"https:\/\/osepmendoza.com.ar\/web\/","name":"OSEP Mendoza","description":"Obra Social de los Empleados P\u00fablicos de Mendoza","publisher":{"@id":"https:\/\/osepmendoza.com.ar\/web\/#organization"},"potentialAction":[{"@type":"SearchAction","target":{"@type":"EntryPoint","urlTemplate":"https:\/\/osepmendoza.com.ar\/web\/?s={search_term_string}"},"query-input":{"@type":"PropertyValueSpecification","valueRequired":true,"valueName":"search_term_string"}}],"inLanguage":"es"},{"@type":"Organization","@id":"https:\/\/osepmendoza.com.ar\/web\/#organization","name":"OSEP - Obra Social de Empleados P\u00fablicos de Mendoza","url":"https:\/\/osepmendoza.com.ar\/web\/","logo":{"@type":"ImageObject","inLanguage":"es","@id":"https:\/\/osepmendoza.com.ar\/web\/#\/schema\/logo\/image\/","url":"https:\/\/osepmendoza.com.ar\/web\/wp-content\/uploads\/2020\/04\/lkTM9T9z.jpg","contentUrl":"https:\/\/osepmendoza.com.ar\/web\/wp-content\/uploads\/2020\/04\/lkTM9T9z.jpg","width":334,"height":334,"caption":"OSEP - Obra Social de Empleados P\u00fablicos de Mendoza"},"image":{"@id":"https:\/\/osepmendoza.com.ar\/web\/#\/schema\/logo\/image\/"},"sameAs":["https:\/\/www.facebook.com\/OSEP.MendozaArg\/","https:\/\/x.com\/OsepMza","https:\/\/www.instagram.com\/osep.mendoza\/","https:\/\/www.youtube.com\/user\/osepvideos"]}]}},"amp_enabled":true,"_links":{"self":[{"href":"https:\/\/osepmendoza.com.ar\/web\/wp-json\/wp\/v2\/pages\/43979","targetHints":{"allow":["GET"]}}],"collection":[{"href":"https:\/\/osepmendoza.com.ar\/web\/wp-json\/wp\/v2\/pages"}],"about":[{"href":"https:\/\/osepmendoza.com.ar\/web\/wp-json\/wp\/v2\/types\/page"}],"author":[{"embeddable":true,"href":"https:\/\/osepmendoza.com.ar\/web\/wp-json\/wp\/v2\/users\/14"}],"replies":[{"embeddable":true,"href":"https:\/\/osepmendoza.com.ar\/web\/wp-json\/wp\/v2\/comments?post=43979"}],"version-history":[{"count":31,"href":"https:\/\/osepmendoza.com.ar\/web\/wp-json\/wp\/v2\/pages\/43979\/revisions"}],"predecessor-version":[{"id":51700,"href":"https:\/\/osepmendoza.com.ar\/web\/wp-json\/wp\/v2\/pages\/43979\/revisions\/51700"}],"wp:attachment":[{"href":"https:\/\/osepmendoza.com.ar\/web\/wp-json\/wp\/v2\/media?parent=43979"}],"curies":[{"name":"wp","href":"https:\/\/api.w.org\/{rel}","templated":true}]}}