{"id":43462,"date":"2021-04-07T13:14:27","date_gmt":"2021-04-07T16:14:27","guid":{"rendered":"https:\/\/osepmendoza.com.ar\/web\/?page_id=43462"},"modified":"2021-04-15T11:02:34","modified_gmt":"2021-04-15T14:02:34","slug":"prestadores-de-odontologia-san-rafael","status":"publish","type":"page","link":"https:\/\/osepmendoza.com.ar\/web\/prestadores-de-odontologia-san-rafael\/","title":{"rendered":"Prestadores de odontolog\u00eda &#8211; San Rafael"},"content":{"rendered":"<h2>C\u00edrculo Odontol\u00f3gico de San Rafael<\/h2>\n<div style=\"overflow-x: auto;\">\n<table border=\"0\" cellspacing=\"0\">\n<colgroup width=\"246\"><\/colgroup>\n<colgroup width=\"151\"><\/colgroup>\n<colgroup width=\"266\"><\/colgroup>\n<colgroup width=\"264\"><\/colgroup>\n<colgroup width=\"157\"><\/colgroup>\n<tbody>\n<tr>\n<td align=\"center\" valign=\"bottom\" height=\"20\">\n<h4>APELLIDO Y NOMBRE<\/h4>\n<\/td>\n<td align=\"center\" valign=\"bottom\">\n<h4>MAT. PROV.<\/h4>\n<\/td>\n<td align=\"center\" valign=\"bottom\">\n<h4>ESPECIALISTA<\/h4>\n<\/td>\n<td align=\"center\" valign=\"bottom\">\n<h4>DOMICILIO CONSULTORIO<\/h4>\n<\/td>\n<td align=\"center\" valign=\"bottom\">\n<h4>TEL\u00c9FONO<\/h4>\n<\/td>\n<\/tr>\n<tr>\n<td align=\"left\" valign=\"middle\" height=\"20\">Alba, Vanina del Carmen<\/td>\n<td align=\"center\" valign=\"middle\">2715<\/td>\n<td align=\"left\" valign=\"middle\">Odontolog\u00eda General<\/td>\n<td align=\"left\" valign=\"middle\">C\u00f3rdoba 98<\/td>\n<td align=\"center\" valign=\"middle\">4423452<\/td>\n<\/tr>\n<tr>\n<td align=\"left\" valign=\"middle\" height=\"20\">Azucena, Jean Daniel<\/td>\n<td align=\"center\" valign=\"middle\">2545<\/td>\n<td align=\"left\" valign=\"middle\">Odontolog\u00eda General<\/td>\n<td align=\"left\" valign=\"middle\">Castelli 579<\/td>\n<td align=\"center\" valign=\"middle\">4447755<\/td>\n<\/tr>\n<tr>\n<td align=\"left\" valign=\"middle\" height=\"20\">Baldi, Mar\u00eda Eugenia<\/td>\n<td align=\"center\" valign=\"middle\">1622<\/td>\n<td align=\"left\" valign=\"middle\">Od. Gral. &#8211; Odontopediatr\u00eda<\/td>\n<td align=\"left\" valign=\"middle\">Olascoaga 364<\/td>\n<td align=\"center\" valign=\"middle\">4430365<\/td>\n<\/tr>\n<tr>\n<td align=\"left\" valign=\"middle\" height=\"20\">Barahona, Roxana<\/td>\n<td align=\"center\" valign=\"middle\">3102<\/td>\n<td align=\"left\" valign=\"middle\">Odontolog\u00eda General<\/td>\n<td align=\"left\" valign=\"middle\">Telles Meneses 346<\/td>\n<td align=\"center\" valign=\"middle\">154358478<\/td>\n<\/tr>\n<tr>\n<td align=\"left\" valign=\"middle\" height=\"20\">Bittar, Sonia Yamila<\/td>\n<td align=\"center\" valign=\"middle\">2946<\/td>\n<td align=\"left\" valign=\"middle\">Odontolog\u00eda General<\/td>\n<td align=\"left\" valign=\"top\">Guti\u00e9rrez 391<\/td>\n<td align=\"center\" valign=\"top\">4430584<\/td>\n<\/tr>\n<tr>\n<td align=\"left\" valign=\"middle\" height=\"20\">Carmona, Adriana Mabel<\/td>\n<td align=\"center\" valign=\"middle\">2504<\/td>\n<td align=\"left\" valign=\"middle\">Odontolog\u00eda General<\/td>\n<td align=\"left\" valign=\"middle\">Avda. H. Irigoyen 1020<\/td>\n<td align=\"center\" valign=\"middle\">4447934<\/td>\n<\/tr>\n<tr>\n<td align=\"left\" valign=\"middle\" height=\"20\">Casado, Adriana Vanina<\/td>\n<td align=\"center\" valign=\"middle\">2295<\/td>\n<td align=\"left\" valign=\"middle\">Odontolog\u00eda General<\/td>\n<td align=\"left\" valign=\"middle\">Illescas 268 &#8211; Malarg\u00fce<\/td>\n<td align=\"center\" valign=\"middle\">4472797\/\/4430348<\/td>\n<\/tr>\n<tr>\n<td align=\"left\" valign=\"middle\" height=\"20\">Cattai, Juan Pablo<\/td>\n<td align=\"center\" valign=\"middle\">1267<\/td>\n<td align=\"left\" valign=\"middle\">Od. Gral. &#8211; Endodoncia &#8211; Implantes<\/td>\n<td align=\"left\" valign=\"middle\">Corrientes 115<\/td>\n<td align=\"center\" valign=\"middle\">4421966<\/td>\n<\/tr>\n<tr>\n<td align=\"left\" valign=\"middle\" height=\"20\">Cejudo, Oscar Alberto<\/td>\n<td align=\"center\" valign=\"middle\">854<\/td>\n<td align=\"left\" valign=\"middle\">Odontolog\u00eda General<\/td>\n<td align=\"left\" valign=\"middle\">Avellaneda 250<\/td>\n<td align=\"center\" valign=\"middle\">4432999<\/td>\n<\/tr>\n<tr>\n<td align=\"left\" valign=\"middle\" height=\"20\">Centeno, Ricardo Jos\u00e9<\/td>\n<td align=\"center\" valign=\"middle\">1263<\/td>\n<td align=\"left\" valign=\"middle\">Od. Gral. &#8211; Endodoncia &#8211; Implantes<\/td>\n<td align=\"left\" valign=\"middle\">Corrientes 115<\/td>\n<td align=\"center\" valign=\"middle\">4421966<\/td>\n<\/tr>\n<tr>\n<td align=\"left\" valign=\"middle\" height=\"20\">Chavez Teran, Nathaly Carolina<\/td>\n<td align=\"center\" valign=\"middle\">3294<\/td>\n<td align=\"left\" valign=\"middle\">Odontolog\u00eda General<\/td>\n<td align=\"left\" valign=\"middle\">Av. El libertador 784<\/td>\n<td align=\"center\" valign=\"middle\">2604235426<\/td>\n<\/tr>\n<tr>\n<td align=\"left\" valign=\"middle\" height=\"20\">Cobos, Daiana<\/td>\n<td align=\"center\" valign=\"middle\">3325<\/td>\n<td align=\"left\" valign=\"middle\">Odontolog\u00eda General<\/td>\n<td align=\"left\" valign=\"middle\">Avda. H. Irigoyen 1020<\/td>\n<td align=\"center\" valign=\"middle\">4447934<\/td>\n<\/tr>\n<tr>\n<td align=\"left\" valign=\"middle\" height=\"20\">Estivill, Sofia<\/td>\n<td align=\"center\" valign=\"bottom\">2923<\/td>\n<td align=\"left\" valign=\"middle\">Odontolog\u00eda General<\/td>\n<td align=\"left\" valign=\"bottom\">Chile 568<\/td>\n<td align=\"center\" valign=\"middle\">260154682480<\/td>\n<\/tr>\n<tr>\n<td align=\"left\" valign=\"middle\" height=\"20\">Eztala, Cecilia<\/td>\n<td align=\"center\" valign=\"middle\">776<\/td>\n<td align=\"left\" valign=\"middle\">Od. Gral. &#8211; Ortodoncia<\/td>\n<td align=\"left\" valign=\"middle\">Bombal y Day<\/td>\n<td align=\"center\" valign=\"middle\">4430262<\/td>\n<\/tr>\n<tr>\n<td align=\"left\" valign=\"middle\" height=\"20\">Fagetti, Javier Am\u00e9rico<\/td>\n<td align=\"center\" valign=\"middle\">2604<\/td>\n<td align=\"left\" valign=\"middle\">Odontolog\u00eda General<\/td>\n<td align=\"left\" valign=\"middle\">Pierola 555 (Gral. Alvear)<\/td>\n<td align=\"center\" valign=\"middle\">2625422927<\/td>\n<\/tr>\n<tr>\n<td align=\"left\" valign=\"middle\" height=\"20\">Fornes, Carina Mariana<\/td>\n<td align=\"center\" valign=\"middle\">1193<\/td>\n<td align=\"left\" valign=\"middle\">Od. Gral. &#8211; Endodoncia<\/td>\n<td align=\"left\" valign=\"middle\">Guti\u00e9rrez 391<\/td>\n<td align=\"center\" valign=\"middle\">4430584<\/td>\n<\/tr>\n<tr>\n<td align=\"left\" valign=\"middle\" height=\"20\">Fernandez Cinthya Bel\u00e9n<\/td>\n<td align=\"center\" valign=\"middle\">3229<\/td>\n<td align=\"left\" valign=\"middle\">Od. General<\/td>\n<td align=\"left\" valign=\"middle\">Avda. H. Irigoyen 1020<\/td>\n<td align=\"center\" valign=\"middle\">4447934<\/td>\n<\/tr>\n<tr>\n<td align=\"left\" valign=\"middle\" height=\"20\">Gambaro, Adriana Bel\u00e9n<\/td>\n<td align=\"center\" valign=\"middle\">3032<\/td>\n<td align=\"left\" valign=\"middle\">Odontolog\u00eda General<\/td>\n<td align=\"left\" valign=\"middle\">Day 255<\/td>\n<td align=\"center\" valign=\"middle\">2615554435<\/td>\n<\/tr>\n<tr>\n<td align=\"left\" valign=\"middle\" height=\"20\">Gil Condori, Romina<\/td>\n<td align=\"center\" valign=\"middle\">3247<\/td>\n<td align=\"left\" valign=\"middle\">Odontolog\u00eda General<\/td>\n<td align=\"left\" valign=\"middle\">Chile 1496 esq. Espejo<\/td>\n<td align=\"center\" valign=\"middle\">4424357 &#8211; 4420452<\/td>\n<\/tr>\n<tr>\n<td align=\"left\" valign=\"middle\" height=\"20\">Gomez Metral, Paula<\/td>\n<td align=\"center\" valign=\"middle\">2772<\/td>\n<td align=\"left\" valign=\"middle\">Odontolog\u00eda General<\/td>\n<td align=\"left\" valign=\"middle\">Alsina y Pueyrred\u00f3n<\/td>\n<td align=\"center\" valign=\"middle\">2615076071<\/td>\n<\/tr>\n<tr>\n<td align=\"left\" valign=\"middle\" height=\"20\">Gutierrez Torres Mar\u00eda Eugenia<\/td>\n<td align=\"center\" valign=\"middle\">1863<\/td>\n<td align=\"left\" valign=\"middle\">Odontolog\u00eda General<\/td>\n<td align=\"left\" valign=\"middle\">Av. El libertador 784<\/td>\n<td align=\"center\" valign=\"middle\">4421599<\/td>\n<\/tr>\n<tr>\n<td align=\"left\" valign=\"middle\" height=\"20\">Larghi, Mar\u00eda Julia<\/td>\n<td align=\"center\" valign=\"middle\">3286<\/td>\n<td align=\"left\" valign=\"middle\">Odontolog\u00eda General<\/td>\n<td align=\"left\" valign=\"middle\">Avda. H. Irigoyen 1020<\/td>\n<td align=\"center\" valign=\"middle\">2604447934<\/td>\n<\/tr>\n<tr>\n<td align=\"left\" valign=\"middle\" height=\"20\">Lorefice, Pablo David<\/td>\n<td align=\"center\" valign=\"middle\">1894<\/td>\n<td align=\"left\" valign=\"middle\">Od. Gral. &#8211; Implantes<\/td>\n<td align=\"left\" valign=\"middle\">Per\u00fa 850<\/td>\n<td align=\"center\" valign=\"middle\">4426244<\/td>\n<\/tr>\n<tr>\n<td align=\"left\" valign=\"middle\" height=\"20\">Morganti, Ornella Gianina<\/td>\n<td align=\"center\" valign=\"middle\">3181<\/td>\n<td align=\"left\" valign=\"middle\">Odontolog\u00eda General<\/td>\n<td align=\"left\" valign=\"middle\">Olascoaga 202<\/td>\n<td align=\"center\" valign=\"middle\">154588320<\/td>\n<\/tr>\n<tr>\n<td align=\"left\" valign=\"middle\" height=\"20\">Mostaf\u00e1, Alejandra Yamila<\/td>\n<td align=\"center\" valign=\"middle\">2035<\/td>\n<td align=\"left\" valign=\"middle\">Odontolog\u00eda General<\/td>\n<td align=\"left\" valign=\"middle\">Chile 1496 esq. Espejo<\/td>\n<td align=\"center\" valign=\"middle\">4424357 &#8211; 4420452<\/td>\n<\/tr>\n<tr>\n<td align=\"left\" valign=\"middle\" height=\"20\">Murcia, Eduardo Andr\u00e9s<\/td>\n<td align=\"center\" valign=\"middle\">3096<\/td>\n<td align=\"left\" valign=\"middle\">Odontolog\u00eda General<\/td>\n<td align=\"left\" valign=\"middle\">Los Franceses 586<\/td>\n<td align=\"center\" valign=\"middle\">2616977000<\/td>\n<\/tr>\n<tr>\n<td align=\"left\" valign=\"middle\" height=\"20\">Muschella, Mar\u00eda Soledad<\/td>\n<td align=\"center\" valign=\"middle\">2565<\/td>\n<td align=\"left\" valign=\"middle\">Odontolog\u00eda General<\/td>\n<td align=\"left\" valign=\"middle\">Las Heras 160<\/td>\n<td align=\"center\" valign=\"middle\">4428136<\/td>\n<\/tr>\n<tr>\n<td align=\"left\" valign=\"middle\" height=\"19\">Novoa, Leandro Ezequiel<\/td>\n<td align=\"center\" valign=\"middle\">3295<\/td>\n<td align=\"left\" valign=\"middle\">Odontolog\u00eda General<\/td>\n<td align=\"left\" valign=\"middle\">Av. El libertador 784<\/td>\n<td align=\"center\" valign=\"middle\">2604235426<\/td>\n<\/tr>\n<tr>\n<td align=\"left\" valign=\"middle\" height=\"19\">Ojeda, Cynthia<\/td>\n<td align=\"center\" valign=\"middle\">3110<\/td>\n<td align=\"left\" valign=\"middle\">Odontolog\u00eda General<\/td>\n<td align=\"left\" valign=\"middle\">Guti\u00e9rrez 391<\/td>\n<td align=\"center\" valign=\"middle\">4430584<\/td>\n<\/tr>\n<tr>\n<td align=\"left\" valign=\"middle\" height=\"20\">Oliver, Jos\u00e9 Luis<\/td>\n<td align=\"center\" valign=\"middle\">1186<\/td>\n<td align=\"left\" valign=\"middle\">Odontolog\u00eda General<\/td>\n<td align=\"left\" valign=\"middle\">Bombal 60 &#8211; planta baja<\/td>\n<td align=\"center\" valign=\"middle\">4430294<\/td>\n<\/tr>\n<tr>\n<td align=\"left\" valign=\"middle\" height=\"20\">Ortego, Maira Anah\u00ed<\/td>\n<td align=\"center\" valign=\"middle\">2729<\/td>\n<td align=\"left\" valign=\"middle\">Odontolog\u00eda General<\/td>\n<td align=\"left\" valign=\"middle\">Buenos Aires y Alsina<\/td>\n<td align=\"center\" valign=\"middle\">2604585226<\/td>\n<\/tr>\n<tr>\n<td align=\"left\" valign=\"middle\" height=\"20\">Pastor, Sof\u00eda<\/td>\n<td align=\"center\" valign=\"middle\">2438<\/td>\n<td align=\"left\" valign=\"middle\">Odontolog\u00eda General<\/td>\n<td align=\"left\" valign=\"middle\">Bombal 456<\/td>\n<td align=\"center\" valign=\"middle\">260385922<\/td>\n<\/tr>\n<tr>\n<td align=\"left\" valign=\"middle\" height=\"20\">Picchi, Marcela<\/td>\n<td align=\"center\" valign=\"middle\">1902<\/td>\n<td align=\"left\" valign=\"middle\">Odontolog\u00eda General<\/td>\n<td align=\"left\" valign=\"middle\">Almafuerte 267<\/td>\n<td align=\"center\" valign=\"middle\">4424460<\/td>\n<\/tr>\n<tr>\n<td align=\"left\" valign=\"middle\" height=\"20\">Poblete, Adri\u00e1n Jos\u00e9 Antonio<\/td>\n<td align=\"center\" valign=\"middle\">1707<\/td>\n<td align=\"left\" valign=\"middle\">Odontolog\u00eda General<\/td>\n<td align=\"left\" valign=\"middle\">Bernardo de Irigoyen 658<\/td>\n<td align=\"center\" valign=\"middle\">4422966<\/td>\n<\/tr>\n<tr>\n<td align=\"left\" valign=\"middle\" height=\"20\">Quintano, Silvana Carina<\/td>\n<td align=\"center\" valign=\"middle\">966<\/td>\n<td align=\"left\" valign=\"middle\">Od. Gral. &#8211; Ortodoncia<\/td>\n<td align=\"left\" valign=\"middle\">Av. Moreno 568<\/td>\n<td align=\"center\" valign=\"middle\">4431760<\/td>\n<\/tr>\n<tr>\n<td align=\"left\" valign=\"middle\" height=\"20\">Quiroga, Mar\u00eda Isabel<\/td>\n<td align=\"center\" valign=\"middle\">1925<\/td>\n<td align=\"left\" valign=\"middle\">Odontolog\u00eda General<\/td>\n<td align=\"left\" valign=\"middle\">Avellaneda 250<\/td>\n<td align=\"center\" valign=\"middle\">4432999<\/td>\n<\/tr>\n<tr>\n<td align=\"left\" valign=\"middle\" height=\"20\">Rosacher, Luis Norberto<\/td>\n<td align=\"center\" valign=\"middle\">2044<\/td>\n<td align=\"left\" valign=\"middle\">Odontolog\u00eda General<\/td>\n<td align=\"left\" valign=\"middle\">Buenos Aires 39<\/td>\n<td align=\"center\" valign=\"middle\">4421565<\/td>\n<\/tr>\n<tr>\n<td align=\"left\" valign=\"middle\" height=\"20\">Sat, Maria Carolina<\/td>\n<td align=\"center\" valign=\"middle\">2964<\/td>\n<td align=\"left\" valign=\"middle\">Odontolog\u00eda General<\/td>\n<td align=\"left\" valign=\"middle\">Avellaneda 427<\/td>\n<td align=\"center\" valign=\"middle\">2604483322<\/td>\n<\/tr>\n<tr>\n<td align=\"left\" valign=\"middle\" height=\"20\">Sat, Mariana Rita<\/td>\n<td align=\"center\" valign=\"middle\">2439<\/td>\n<td align=\"left\" valign=\"middle\">Odontolog\u00eda General<\/td>\n<td align=\"left\" valign=\"middle\">Libertad 590<\/td>\n<td align=\"center\" valign=\"middle\">4445392<\/td>\n<\/tr>\n<tr>\n<td align=\"left\" valign=\"middle\" height=\"20\">Sibantos, Mar\u00eda Cecilia<\/td>\n<td align=\"center\" valign=\"middle\">1842<\/td>\n<td align=\"left\" valign=\"middle\">Od. Gral. &#8211; Ortodoncia<\/td>\n<td align=\"left\" valign=\"middle\">Corrientes 10 &#8211; Of. 4 &#8211; 2\u00b0 Piso<\/td>\n<td align=\"center\" valign=\"middle\">2604386902<\/td>\n<\/tr>\n<tr>\n<td align=\"left\" valign=\"middle\" height=\"20\">Sosa Pons, Emiliano Jos\u00e9<\/td>\n<td align=\"center\" valign=\"middle\">3002<\/td>\n<td align=\"left\" valign=\"middle\">Odontolog\u00eda General<\/td>\n<td align=\"left\" valign=\"middle\">Bombal 328<\/td>\n<td align=\"center\" valign=\"middle\">4424155<\/td>\n<\/tr>\n<tr>\n<td align=\"left\" valign=\"middle\" height=\"20\">Tos\u00edn, Horacio<\/td>\n<td align=\"center\" valign=\"middle\">1684<\/td>\n<td align=\"left\" valign=\"middle\">Od. Gral. &#8211; Endodoncia &#8211; Implantes<\/td>\n<td align=\"left\" valign=\"middle\">Chile 266 &#8211; Av El Libertador 784<\/td>\n<td align=\"center\" valign=\"middle\">4425408<\/td>\n<\/tr>\n<tr>\n<td align=\"left\" valign=\"middle\" height=\"20\">Tos\u00edn, Rodolfo<\/td>\n<td align=\"center\" valign=\"middle\">2200<\/td>\n<td align=\"left\" valign=\"middle\">Od. Gral. &#8211; Ortodoncia<\/td>\n<td align=\"left\" valign=\"middle\">Chile 266 &#8211; Av El Libertador 784<\/td>\n<td align=\"center\" valign=\"middle\">4425408<\/td>\n<\/tr>\n<tr>\n<td align=\"left\" valign=\"middle\" height=\"20\">Valetti, Maricel Zulema<\/td>\n<td align=\"center\" valign=\"middle\">853<\/td>\n<td align=\"left\" valign=\"middle\">Od. Gral.-Odontopediatr\u00eda &#8211; Ortodoncia<\/td>\n<td align=\"left\" valign=\"middle\">Avellaneda 250<\/td>\n<td align=\"center\" valign=\"middle\">4432999<\/td>\n<\/tr>\n<tr>\n<td align=\"left\" valign=\"middle\" height=\"20\">Zamora, Alejandro<\/td>\n<td align=\"center\" valign=\"middle\">2989<\/td>\n<td align=\"left\" valign=\"middle\">Odontolog\u00eda General<\/td>\n<td align=\"left\" valign=\"middle\">Avellaneda 427<\/td>\n<td align=\"center\" valign=\"middle\">2616406333<\/td>\n<\/tr>\n<tr>\n<td align=\"left\" valign=\"middle\" height=\"20\">Zavattieri, Nicol\u00e1s<\/td>\n<td align=\"center\" valign=\"middle\">2290<\/td>\n<td align=\"left\" valign=\"middle\">Odontolog\u00eda General<\/td>\n<td align=\"left\" valign=\"bottom\">Corrientes 115<\/td>\n<td align=\"center\" valign=\"bottom\">4421966<\/td>\n<\/tr>\n<\/tbody>\n<\/table>\n<p><\/p>\n","protected":false},"excerpt":{"rendered":"<p>C\u00edrculo Odontol\u00f3gico de San Rafael APELLIDO Y NOMBRE MAT. PROV&#8230;.<\/p>\n","protected":false},"author":6,"featured_media":0,"parent":0,"menu_order":14,"comment_status":"closed","ping_status":"closed","template":"","meta":{"_acf_changed":false,"inline_featured_image":false,"_exactmetrics_skip_tracking":false,"_exactmetrics_sitenote_active":false,"_exactmetrics_sitenote_note":"","_exactmetrics_sitenote_category":0,"footnotes":""},"class_list":["post-43462","page","type-page","status-publish","hentry"],"acf":[],"yoast_head":"<!-- This site is optimized with the Yoast SEO plugin v27.3 - https:\/\/yoast.com\/product\/yoast-seo-wordpress\/ -->\n<title>Prestadores de odontolog\u00eda - San Rafael - OSEP Mendoza<\/title>\n<meta name=\"robots\" content=\"index, follow, max-snippet:-1, max-image-preview:large, max-video-preview:-1\" \/>\n<link rel=\"canonical\" href=\"https:\/\/osepmendoza.com.ar\/web\/prestadores-de-odontologia-san-rafael\/\" \/>\n<meta property=\"og:locale\" content=\"es_ES\" \/>\n<meta property=\"og:type\" content=\"article\" \/>\n<meta property=\"og:title\" content=\"Prestadores de odontolog\u00eda - San Rafael - OSEP Mendoza\" \/>\n<meta property=\"og:description\" content=\"C\u00edrculo Odontol\u00f3gico de San Rafael APELLIDO Y NOMBRE MAT. PROV....\" \/>\n<meta property=\"og:url\" content=\"https:\/\/osepmendoza.com.ar\/web\/prestadores-de-odontologia-san-rafael\/\" \/>\n<meta property=\"og:site_name\" content=\"OSEP Mendoza\" \/>\n<meta property=\"article:publisher\" content=\"https:\/\/www.facebook.com\/OSEP.MendozaArg\/\" \/>\n<meta property=\"article:modified_time\" content=\"2021-04-15T14:02:34+00:00\" \/>\n<meta name=\"twitter:card\" content=\"summary_large_image\" \/>\n<meta name=\"twitter:site\" content=\"@OsepMza\" \/>\n<meta name=\"twitter:label1\" content=\"Tiempo de lectura\" \/>\n\t<meta name=\"twitter:data1\" content=\"3 minutos\" \/>\n<script type=\"application\/ld+json\" class=\"yoast-schema-graph\">{\"@context\":\"https:\\\/\\\/schema.org\",\"@graph\":[{\"@type\":\"WebPage\",\"@id\":\"https:\\\/\\\/osepmendoza.com.ar\\\/web\\\/prestadores-de-odontologia-san-rafael\\\/\",\"url\":\"https:\\\/\\\/osepmendoza.com.ar\\\/web\\\/prestadores-de-odontologia-san-rafael\\\/\",\"name\":\"Prestadores de odontolog\u00eda - San Rafael - OSEP Mendoza\",\"isPartOf\":{\"@id\":\"https:\\\/\\\/osepmendoza.com.ar\\\/web\\\/#website\"},\"datePublished\":\"2021-04-07T16:14:27+00:00\",\"dateModified\":\"2021-04-15T14:02:34+00:00\",\"breadcrumb\":{\"@id\":\"https:\\\/\\\/osepmendoza.com.ar\\\/web\\\/prestadores-de-odontologia-san-rafael\\\/#breadcrumb\"},\"inLanguage\":\"es\",\"potentialAction\":[{\"@type\":\"ReadAction\",\"target\":[\"https:\\\/\\\/osepmendoza.com.ar\\\/web\\\/prestadores-de-odontologia-san-rafael\\\/\"]}]},{\"@type\":\"BreadcrumbList\",\"@id\":\"https:\\\/\\\/osepmendoza.com.ar\\\/web\\\/prestadores-de-odontologia-san-rafael\\\/#breadcrumb\",\"itemListElement\":[{\"@type\":\"ListItem\",\"position\":1,\"name\":\"Portada\",\"item\":\"https:\\\/\\\/osepmendoza.com.ar\\\/web\\\/\"},{\"@type\":\"ListItem\",\"position\":2,\"name\":\"Prestadores de odontolog\u00eda &#8211; San Rafael\"}]},{\"@type\":\"WebSite\",\"@id\":\"https:\\\/\\\/osepmendoza.com.ar\\\/web\\\/#website\",\"url\":\"https:\\\/\\\/osepmendoza.com.ar\\\/web\\\/\",\"name\":\"OSEP Mendoza\",\"description\":\"Obra Social de los Empleados P\u00fablicos de Mendoza\",\"publisher\":{\"@id\":\"https:\\\/\\\/osepmendoza.com.ar\\\/web\\\/#organization\"},\"potentialAction\":[{\"@type\":\"SearchAction\",\"target\":{\"@type\":\"EntryPoint\",\"urlTemplate\":\"https:\\\/\\\/osepmendoza.com.ar\\\/web\\\/?s={search_term_string}\"},\"query-input\":{\"@type\":\"PropertyValueSpecification\",\"valueRequired\":true,\"valueName\":\"search_term_string\"}}],\"inLanguage\":\"es\"},{\"@type\":\"Organization\",\"@id\":\"https:\\\/\\\/osepmendoza.com.ar\\\/web\\\/#organization\",\"name\":\"OSEP - Obra Social de Empleados P\u00fablicos de Mendoza\",\"url\":\"https:\\\/\\\/osepmendoza.com.ar\\\/web\\\/\",\"logo\":{\"@type\":\"ImageObject\",\"inLanguage\":\"es\",\"@id\":\"https:\\\/\\\/osepmendoza.com.ar\\\/web\\\/#\\\/schema\\\/logo\\\/image\\\/\",\"url\":\"https:\\\/\\\/osepmendoza.com.ar\\\/web\\\/wp-content\\\/uploads\\\/2020\\\/04\\\/lkTM9T9z.jpg\",\"contentUrl\":\"https:\\\/\\\/osepmendoza.com.ar\\\/web\\\/wp-content\\\/uploads\\\/2020\\\/04\\\/lkTM9T9z.jpg\",\"width\":334,\"height\":334,\"caption\":\"OSEP - Obra Social de Empleados P\u00fablicos de Mendoza\"},\"image\":{\"@id\":\"https:\\\/\\\/osepmendoza.com.ar\\\/web\\\/#\\\/schema\\\/logo\\\/image\\\/\"},\"sameAs\":[\"https:\\\/\\\/www.facebook.com\\\/OSEP.MendozaArg\\\/\",\"https:\\\/\\\/x.com\\\/OsepMza\",\"https:\\\/\\\/www.instagram.com\\\/osep.mendoza\\\/\",\"https:\\\/\\\/www.youtube.com\\\/user\\\/osepvideos\"]}]}<\/script>\n<!-- \/ Yoast SEO plugin. -->","yoast_head_json":{"title":"Prestadores de odontolog\u00eda - San Rafael - OSEP Mendoza","robots":{"index":"index","follow":"follow","max-snippet":"max-snippet:-1","max-image-preview":"max-image-preview:large","max-video-preview":"max-video-preview:-1"},"canonical":"https:\/\/osepmendoza.com.ar\/web\/prestadores-de-odontologia-san-rafael\/","og_locale":"es_ES","og_type":"article","og_title":"Prestadores de odontolog\u00eda - San Rafael - OSEP Mendoza","og_description":"C\u00edrculo Odontol\u00f3gico de San Rafael APELLIDO Y NOMBRE MAT. PROV....","og_url":"https:\/\/osepmendoza.com.ar\/web\/prestadores-de-odontologia-san-rafael\/","og_site_name":"OSEP Mendoza","article_publisher":"https:\/\/www.facebook.com\/OSEP.MendozaArg\/","article_modified_time":"2021-04-15T14:02:34+00:00","twitter_card":"summary_large_image","twitter_site":"@OsepMza","twitter_misc":{"Tiempo de lectura":"3 minutos"},"schema":{"@context":"https:\/\/schema.org","@graph":[{"@type":"WebPage","@id":"https:\/\/osepmendoza.com.ar\/web\/prestadores-de-odontologia-san-rafael\/","url":"https:\/\/osepmendoza.com.ar\/web\/prestadores-de-odontologia-san-rafael\/","name":"Prestadores de odontolog\u00eda - San Rafael - OSEP Mendoza","isPartOf":{"@id":"https:\/\/osepmendoza.com.ar\/web\/#website"},"datePublished":"2021-04-07T16:14:27+00:00","dateModified":"2021-04-15T14:02:34+00:00","breadcrumb":{"@id":"https:\/\/osepmendoza.com.ar\/web\/prestadores-de-odontologia-san-rafael\/#breadcrumb"},"inLanguage":"es","potentialAction":[{"@type":"ReadAction","target":["https:\/\/osepmendoza.com.ar\/web\/prestadores-de-odontologia-san-rafael\/"]}]},{"@type":"BreadcrumbList","@id":"https:\/\/osepmendoza.com.ar\/web\/prestadores-de-odontologia-san-rafael\/#breadcrumb","itemListElement":[{"@type":"ListItem","position":1,"name":"Portada","item":"https:\/\/osepmendoza.com.ar\/web\/"},{"@type":"ListItem","position":2,"name":"Prestadores de odontolog\u00eda &#8211; San Rafael"}]},{"@type":"WebSite","@id":"https:\/\/osepmendoza.com.ar\/web\/#website","url":"https:\/\/osepmendoza.com.ar\/web\/","name":"OSEP Mendoza","description":"Obra Social de los Empleados P\u00fablicos de Mendoza","publisher":{"@id":"https:\/\/osepmendoza.com.ar\/web\/#organization"},"potentialAction":[{"@type":"SearchAction","target":{"@type":"EntryPoint","urlTemplate":"https:\/\/osepmendoza.com.ar\/web\/?s={search_term_string}"},"query-input":{"@type":"PropertyValueSpecification","valueRequired":true,"valueName":"search_term_string"}}],"inLanguage":"es"},{"@type":"Organization","@id":"https:\/\/osepmendoza.com.ar\/web\/#organization","name":"OSEP - Obra Social de Empleados P\u00fablicos de Mendoza","url":"https:\/\/osepmendoza.com.ar\/web\/","logo":{"@type":"ImageObject","inLanguage":"es","@id":"https:\/\/osepmendoza.com.ar\/web\/#\/schema\/logo\/image\/","url":"https:\/\/osepmendoza.com.ar\/web\/wp-content\/uploads\/2020\/04\/lkTM9T9z.jpg","contentUrl":"https:\/\/osepmendoza.com.ar\/web\/wp-content\/uploads\/2020\/04\/lkTM9T9z.jpg","width":334,"height":334,"caption":"OSEP - Obra Social de Empleados P\u00fablicos de Mendoza"},"image":{"@id":"https:\/\/osepmendoza.com.ar\/web\/#\/schema\/logo\/image\/"},"sameAs":["https:\/\/www.facebook.com\/OSEP.MendozaArg\/","https:\/\/x.com\/OsepMza","https:\/\/www.instagram.com\/osep.mendoza\/","https:\/\/www.youtube.com\/user\/osepvideos"]}]}},"amp_enabled":true,"_links":{"self":[{"href":"https:\/\/osepmendoza.com.ar\/web\/wp-json\/wp\/v2\/pages\/43462","targetHints":{"allow":["GET"]}}],"collection":[{"href":"https:\/\/osepmendoza.com.ar\/web\/wp-json\/wp\/v2\/pages"}],"about":[{"href":"https:\/\/osepmendoza.com.ar\/web\/wp-json\/wp\/v2\/types\/page"}],"author":[{"embeddable":true,"href":"https:\/\/osepmendoza.com.ar\/web\/wp-json\/wp\/v2\/users\/6"}],"replies":[{"embeddable":true,"href":"https:\/\/osepmendoza.com.ar\/web\/wp-json\/wp\/v2\/comments?post=43462"}],"version-history":[{"count":5,"href":"https:\/\/osepmendoza.com.ar\/web\/wp-json\/wp\/v2\/pages\/43462\/revisions"}],"predecessor-version":[{"id":43537,"href":"https:\/\/osepmendoza.com.ar\/web\/wp-json\/wp\/v2\/pages\/43462\/revisions\/43537"}],"wp:attachment":[{"href":"https:\/\/osepmendoza.com.ar\/web\/wp-json\/wp\/v2\/media?parent=43462"}],"curies":[{"name":"wp","href":"https:\/\/api.w.org\/{rel}","templated":true}]}}