{"id":41855,"date":"2020-05-12T16:25:11","date_gmt":"2020-05-12T16:25:11","guid":{"rendered":"http:\/\/34.67.86.69\/?page_id=639"},"modified":"2023-06-28T09:55:51","modified_gmt":"2023-06-28T12:55:51","slug":"tramites-y-consultas-2","status":"publish","type":"page","link":"https:\/\/osepmendoza.com.ar\/web\/tramites-y-consultas-2\/","title":{"rendered":"Tr\u00e1mites y Consultas"},"content":{"rendered":"<section class=\"sh-section sh-section-827082db83664970c10192a21ca3210b fw-main-row sh-section-visibility-everywhere\">\r\n\t\r\n\t\r\n\t<div class=\"sh-section-container container\">\r\n\t\t\t<\/div>\r\n<\/section>\r\n\r\n<section class=\"sh-section sh-section-3ada0692a6cad8c9d8ce792998bcaff7 fw-main-row sh-section-visibility-everywhere\">\r\n\t\r\n\t\r\n\t<div class=\"sh-section-container container\">\r\n\t\t<div class=\"fw-row\">\n\t\r\n<div class=\"sh-column sh-column-c2deb5ad3cb86da669aad8e5d452a2a2 fw-col-xs-12\" >\r\n\r\n\t\r\n\t<div class=\"sh-column-wrapper\">\r\n\t\t\r\n<div id=\"text-block-cdb50640c535673f2567e5e9ec21080d\" class=\"sh-text-block\">\r\n\t<h2 style=\"text-align: center; margin-bottom: 15px;\"><span style=\"color: #746e80; font-size: 36px;\">Tr\u00e1mites y Consultas<\/span><\/h2><\/div>\r\n<div class=\"sh-output-html\">\r\n\t\n<a href=\"https:\/\/osepmendoza.com.ar\/web\/tramites-y-consultas-2\/afiliacion\/\"><div class=\"box-acceso\">\n<img decoding=\"async\" src=\"http:\/\/osepmendoza.com.ar\/web\/wp-content\/uploads\/2020\/05\/afil.svg\" alt=\"Afiliaciones\"\/>\n<h4>Afiliaciones<\/h4>\n<\/div><\/a>\n\n<a href=\"https:\/\/osepmendoza.com.ar\/web\/tramites-y-consultas-2\/autorizaciones\/\"><div class=\"box-acceso\">\n<img decoding=\"async\" src=\"https:\/\/osepmendoza.com.ar\/web\/wp-content\/uploads\/2020\/05\/ss7.svg\" alt=\"Autorizaciones\"\/>\n<h4>Autorizaciones<\/h4>\n<\/div><\/a>\n\n<a href=\"https:\/\/osepmendoza.com.ar\/web\/tramites-y-consultas-2\/credencial-osep\/\"><div class=\"box-acceso\">\n<img decoding=\"async\" src=\"http:\/\/osepmendoza.com.ar\/web\/wp-content\/uploads\/2020\/05\/credencial.svg\" alt=\"credencial\"\/>\n<h4>Credencial<\/h4>\n<\/div><\/a>\n\n<a href=\"https:\/\/osepmendoza.com.ar\/web\/tramites-y-consultas-2\/afiliado-en-transito\/\"><div class=\"box-acceso\">\n<img decoding=\"async\" src=\"http:\/\/osepmendoza.com.ar\/web\/wp-content\/uploads\/2020\/05\/viajes.svg\" alt=\"atenci\u00f3n\"\/>\n<h4>Atenci\u00f3n Fuera de \nla Provincia<\/h4>\n<\/div><\/a>\n\n<a href=\"https:\/\/osepmendoza.com.ar\/web\/tramites-y-consultas-2\/subsidios-y-reintegros\/\"><div class=\"box-acceso\">\n<img decoding=\"async\" src=\"http:\/\/osepmendoza.com.ar\/web\/wp-content\/uploads\/2020\/05\/moneda.svg\" alt=\"tramites\"\/>\n<h4>Subsidios y Reintegros<\/h4>\n<\/div><\/a>\n\n<a href=\"https:\/\/osepmendoza.com.ar\/web\/tramites-y-consultas-2\/seguimiento-de-expedientes\/\"><div class=\"box-acceso\">\n<img decoding=\"async\" src=\"http:\/\/osepmendoza.com.ar\/web\/wp-content\/uploads\/2020\/05\/expediente.svg\" alt=\"servicios\"\/>\n<h4>Seguimiento de Expedientes<\/h4>\n<\/div><\/a>\n\n<a href=\"https:\/\/osepmendoza.com.ar\/web\/receta-digital\/\"><div class=\"box-acceso\">\n<img decoding=\"async\" src=\"http:\/\/osepmendoza.com.ar\/web\/wp-content\/uploads\/2020\/05\/receta-icono.svg\" alt=\"tesoro\"\/>\n<h4>Receta Digital<\/h4>\n<\/div><\/a><\/div>\r\n\t<\/div>\r\n\r\n\r\n\t\t\r\n\r\n<\/div>\r\n<\/div>\n\n\t<\/div>\r\n<\/section>\r\n\r\n<section class=\"sh-section sh-section-11952b1bf63d0bb8f5d9c8c07533feb1 fw-main-row sh-section-visibility-everywhere\">\r\n\t\r\n\t\r\n\t<div class=\"sh-section-container container\">\r\n\t\t<div class=\"fw-row\">\n\t\r\n<div class=\"sh-column sh-column-2be6ee00392a834d777996ec3a118ea4 fw-col-xs-12 news\" >\r\n\r\n\t\r\n\t<div class=\"sh-column-wrapper\">\r\n\t\t\r\n<div id=\"text-block-bfba8583eadd64474dcfbcb52281ea4c\" class=\"sh-text-block\">\r\n\t<p><img loading=\"lazy\" decoding=\"async\" class=\"wp-image-429 aligncenter\" src=\"http:\/\/osepmendoza.com.ar\/web\/wp-content\/uploads\/2020\/05\/helposep.svg\" alt=\"ayuda\" width=\"84\" height=\"102\" \/><\/p><h2 style=\"text-align: center;\">\u00bfNecesit\u00e1s m\u00e1s ayuda?<\/h2><p style=\"text-align: center;\"><span style=\"font-size: 18px;\">Visit\u00e1 nuestra secci\u00f3n de ayuda, preguntas frecuentes y tutoriales.<\/span><\/p><\/div>\r\n\r\n<div id=\"button-7c36d47c3844da0be21e7c09caa338aa\" class=\"sh-button-container  sh-button-style-1\">\r\n\t<div class=\"sh-element-margin\">\r\n\t\t<a href=\"https:\/\/osepmendoza.com.ar\/ayuda\" target=\"_blank\" class=\"sh-button sh-button-medium \">\r\n\r\n\t\t\t\r\n\t\t\t\t\t\t\t<span class=\"sh-button-text\">\r\n\t\t\t\t\tM\u00e1s ayuda\t\t\t\t<\/span>\r\n\t\t\t\r\n\t\t\t\r\n\t\t<\/a>\r\n\t\t\t<\/div>\r\n<\/div>\r\n\t<\/div>\r\n\r\n\r\n\t\t\r\n\r\n<\/div>\r\n<\/div>\n\n\t<\/div>\r\n<\/section>\n","protected":false},"excerpt":{"rendered":"<p>Tr\u00e1mites y Consultas Afiliaciones Autorizaciones Credencial Atenci\u00f3n Fuera de la&#8230;<\/p>\n","protected":false},"author":14,"featured_media":0,"parent":0,"menu_order":63,"comment_status":"closed","ping_status":"closed","template":"","meta":{"_acf_changed":false,"inline_featured_image":false,"_exactmetrics_skip_tracking":false,"_exactmetrics_sitenote_active":false,"_exactmetrics_sitenote_note":"","_exactmetrics_sitenote_category":0,"footnotes":"","_links_to":"","_links_to_target":""},"class_list":["post-41855","page","type-page","status-publish","hentry"],"acf":[],"yoast_head":"<!-- This site is optimized with the Yoast SEO plugin v27.5 - https:\/\/yoast.com\/product\/yoast-seo-wordpress\/ -->\n<title>Tr\u00e1mites y Consultas - OSEP Mendoza<\/title>\n<meta name=\"robots\" content=\"index, follow, max-snippet:-1, max-image-preview:large, max-video-preview:-1\" \/>\n<link rel=\"canonical\" href=\"https:\/\/osepmendoza.com.ar\/web\/tramites-y-consultas-2\/\" \/>\n<meta property=\"og:locale\" content=\"es_ES\" \/>\n<meta property=\"og:type\" content=\"article\" \/>\n<meta property=\"og:title\" content=\"Tr\u00e1mites y Consultas - OSEP Mendoza\" \/>\n<meta property=\"og:description\" content=\"Tr\u00e1mites y Consultas Afiliaciones Autorizaciones Credencial Atenci\u00f3n Fuera de la...\" \/>\n<meta property=\"og:url\" content=\"https:\/\/osepmendoza.com.ar\/web\/tramites-y-consultas-2\/\" \/>\n<meta property=\"og:site_name\" content=\"OSEP Mendoza\" \/>\n<meta property=\"article:publisher\" content=\"https:\/\/www.facebook.com\/OSEP.MendozaArg\/\" \/>\n<meta property=\"article:modified_time\" content=\"2023-06-28T12:55:51+00:00\" \/>\n<meta property=\"og:image\" content=\"http:\/\/osepmendoza.com.ar\/web\/wp-content\/uploads\/2020\/05\/afil.svg\" \/>\n<meta name=\"twitter:card\" content=\"summary_large_image\" \/>\n<meta name=\"twitter:site\" content=\"@OsepMza\" \/>\n<script type=\"application\/ld+json\" class=\"yoast-schema-graph\">{\"@context\":\"https:\\\/\\\/schema.org\",\"@graph\":[{\"@type\":\"WebPage\",\"@id\":\"https:\\\/\\\/osepmendoza.com.ar\\\/web\\\/tramites-y-consultas-2\\\/\",\"url\":\"https:\\\/\\\/osepmendoza.com.ar\\\/web\\\/tramites-y-consultas-2\\\/\",\"name\":\"Tr\u00e1mites y Consultas - OSEP Mendoza\",\"isPartOf\":{\"@id\":\"https:\\\/\\\/osepmendoza.com.ar\\\/web\\\/#website\"},\"primaryImageOfPage\":{\"@id\":\"https:\\\/\\\/osepmendoza.com.ar\\\/web\\\/tramites-y-consultas-2\\\/#primaryimage\"},\"image\":{\"@id\":\"https:\\\/\\\/osepmendoza.com.ar\\\/web\\\/tramites-y-consultas-2\\\/#primaryimage\"},\"thumbnailUrl\":\"http:\\\/\\\/osepmendoza.com.ar\\\/web\\\/wp-content\\\/uploads\\\/2020\\\/05\\\/afil.svg\",\"datePublished\":\"2020-05-12T16:25:11+00:00\",\"dateModified\":\"2023-06-28T12:55:51+00:00\",\"breadcrumb\":{\"@id\":\"https:\\\/\\\/osepmendoza.com.ar\\\/web\\\/tramites-y-consultas-2\\\/#breadcrumb\"},\"inLanguage\":\"es\",\"potentialAction\":[{\"@type\":\"ReadAction\",\"target\":[\"https:\\\/\\\/osepmendoza.com.ar\\\/web\\\/tramites-y-consultas-2\\\/\"]}]},{\"@type\":\"ImageObject\",\"inLanguage\":\"es\",\"@id\":\"https:\\\/\\\/osepmendoza.com.ar\\\/web\\\/tramites-y-consultas-2\\\/#primaryimage\",\"url\":\"https:\\\/\\\/osepmendoza.com.ar\\\/web\\\/wp-content\\\/uploads\\\/2020\\\/05\\\/afil.svg\",\"contentUrl\":\"https:\\\/\\\/osepmendoza.com.ar\\\/web\\\/wp-content\\\/uploads\\\/2020\\\/05\\\/afil.svg\",\"width\":113,\"height\":78},{\"@type\":\"BreadcrumbList\",\"@id\":\"https:\\\/\\\/osepmendoza.com.ar\\\/web\\\/tramites-y-consultas-2\\\/#breadcrumb\",\"itemListElement\":[{\"@type\":\"ListItem\",\"position\":1,\"name\":\"Portada\",\"item\":\"https:\\\/\\\/osepmendoza.com.ar\\\/web\\\/\"},{\"@type\":\"ListItem\",\"position\":2,\"name\":\"Tr\u00e1mites y Consultas\"}]},{\"@type\":\"WebSite\",\"@id\":\"https:\\\/\\\/osepmendoza.com.ar\\\/web\\\/#website\",\"url\":\"https:\\\/\\\/osepmendoza.com.ar\\\/web\\\/\",\"name\":\"OSEP Mendoza\",\"description\":\"Obra Social de los Empleados P\u00fablicos de Mendoza\",\"publisher\":{\"@id\":\"https:\\\/\\\/osepmendoza.com.ar\\\/web\\\/#organization\"},\"potentialAction\":[{\"@type\":\"SearchAction\",\"target\":{\"@type\":\"EntryPoint\",\"urlTemplate\":\"https:\\\/\\\/osepmendoza.com.ar\\\/web\\\/?s={search_term_string}\"},\"query-input\":{\"@type\":\"PropertyValueSpecification\",\"valueRequired\":true,\"valueName\":\"search_term_string\"}}],\"inLanguage\":\"es\"},{\"@type\":\"Organization\",\"@id\":\"https:\\\/\\\/osepmendoza.com.ar\\\/web\\\/#organization\",\"name\":\"OSEP - Obra Social de Empleados P\u00fablicos de Mendoza\",\"url\":\"https:\\\/\\\/osepmendoza.com.ar\\\/web\\\/\",\"logo\":{\"@type\":\"ImageObject\",\"inLanguage\":\"es\",\"@id\":\"https:\\\/\\\/osepmendoza.com.ar\\\/web\\\/#\\\/schema\\\/logo\\\/image\\\/\",\"url\":\"https:\\\/\\\/osepmendoza.com.ar\\\/web\\\/wp-content\\\/uploads\\\/2020\\\/04\\\/lkTM9T9z.jpg\",\"contentUrl\":\"https:\\\/\\\/osepmendoza.com.ar\\\/web\\\/wp-content\\\/uploads\\\/2020\\\/04\\\/lkTM9T9z.jpg\",\"width\":334,\"height\":334,\"caption\":\"OSEP - Obra Social de Empleados P\u00fablicos de Mendoza\"},\"image\":{\"@id\":\"https:\\\/\\\/osepmendoza.com.ar\\\/web\\\/#\\\/schema\\\/logo\\\/image\\\/\"},\"sameAs\":[\"https:\\\/\\\/www.facebook.com\\\/OSEP.MendozaArg\\\/\",\"https:\\\/\\\/x.com\\\/OsepMza\",\"https:\\\/\\\/www.instagram.com\\\/osep.mendoza\\\/\",\"https:\\\/\\\/www.youtube.com\\\/user\\\/osepvideos\"]}]}<\/script>\n<!-- \/ Yoast SEO plugin. -->","yoast_head_json":{"title":"Tr\u00e1mites y Consultas - OSEP Mendoza","robots":{"index":"index","follow":"follow","max-snippet":"max-snippet:-1","max-image-preview":"max-image-preview:large","max-video-preview":"max-video-preview:-1"},"canonical":"https:\/\/osepmendoza.com.ar\/web\/tramites-y-consultas-2\/","og_locale":"es_ES","og_type":"article","og_title":"Tr\u00e1mites y Consultas - OSEP Mendoza","og_description":"Tr\u00e1mites y Consultas Afiliaciones Autorizaciones Credencial Atenci\u00f3n Fuera de la...","og_url":"https:\/\/osepmendoza.com.ar\/web\/tramites-y-consultas-2\/","og_site_name":"OSEP Mendoza","article_publisher":"https:\/\/www.facebook.com\/OSEP.MendozaArg\/","article_modified_time":"2023-06-28T12:55:51+00:00","og_image":[{"url":"http:\/\/osepmendoza.com.ar\/web\/wp-content\/uploads\/2020\/05\/afil.svg","type":"","width":"","height":""}],"twitter_card":"summary_large_image","twitter_site":"@OsepMza","schema":{"@context":"https:\/\/schema.org","@graph":[{"@type":"WebPage","@id":"https:\/\/osepmendoza.com.ar\/web\/tramites-y-consultas-2\/","url":"https:\/\/osepmendoza.com.ar\/web\/tramites-y-consultas-2\/","name":"Tr\u00e1mites y Consultas - OSEP Mendoza","isPartOf":{"@id":"https:\/\/osepmendoza.com.ar\/web\/#website"},"primaryImageOfPage":{"@id":"https:\/\/osepmendoza.com.ar\/web\/tramites-y-consultas-2\/#primaryimage"},"image":{"@id":"https:\/\/osepmendoza.com.ar\/web\/tramites-y-consultas-2\/#primaryimage"},"thumbnailUrl":"http:\/\/osepmendoza.com.ar\/web\/wp-content\/uploads\/2020\/05\/afil.svg","datePublished":"2020-05-12T16:25:11+00:00","dateModified":"2023-06-28T12:55:51+00:00","breadcrumb":{"@id":"https:\/\/osepmendoza.com.ar\/web\/tramites-y-consultas-2\/#breadcrumb"},"inLanguage":"es","potentialAction":[{"@type":"ReadAction","target":["https:\/\/osepmendoza.com.ar\/web\/tramites-y-consultas-2\/"]}]},{"@type":"ImageObject","inLanguage":"es","@id":"https:\/\/osepmendoza.com.ar\/web\/tramites-y-consultas-2\/#primaryimage","url":"https:\/\/osepmendoza.com.ar\/web\/wp-content\/uploads\/2020\/05\/afil.svg","contentUrl":"https:\/\/osepmendoza.com.ar\/web\/wp-content\/uploads\/2020\/05\/afil.svg","width":113,"height":78},{"@type":"BreadcrumbList","@id":"https:\/\/osepmendoza.com.ar\/web\/tramites-y-consultas-2\/#breadcrumb","itemListElement":[{"@type":"ListItem","position":1,"name":"Portada","item":"https:\/\/osepmendoza.com.ar\/web\/"},{"@type":"ListItem","position":2,"name":"Tr\u00e1mites y Consultas"}]},{"@type":"WebSite","@id":"https:\/\/osepmendoza.com.ar\/web\/#website","url":"https:\/\/osepmendoza.com.ar\/web\/","name":"OSEP Mendoza","description":"Obra Social de los Empleados P\u00fablicos de Mendoza","publisher":{"@id":"https:\/\/osepmendoza.com.ar\/web\/#organization"},"potentialAction":[{"@type":"SearchAction","target":{"@type":"EntryPoint","urlTemplate":"https:\/\/osepmendoza.com.ar\/web\/?s={search_term_string}"},"query-input":{"@type":"PropertyValueSpecification","valueRequired":true,"valueName":"search_term_string"}}],"inLanguage":"es"},{"@type":"Organization","@id":"https:\/\/osepmendoza.com.ar\/web\/#organization","name":"OSEP - Obra Social de Empleados P\u00fablicos de Mendoza","url":"https:\/\/osepmendoza.com.ar\/web\/","logo":{"@type":"ImageObject","inLanguage":"es","@id":"https:\/\/osepmendoza.com.ar\/web\/#\/schema\/logo\/image\/","url":"https:\/\/osepmendoza.com.ar\/web\/wp-content\/uploads\/2020\/04\/lkTM9T9z.jpg","contentUrl":"https:\/\/osepmendoza.com.ar\/web\/wp-content\/uploads\/2020\/04\/lkTM9T9z.jpg","width":334,"height":334,"caption":"OSEP - Obra Social de Empleados P\u00fablicos de Mendoza"},"image":{"@id":"https:\/\/osepmendoza.com.ar\/web\/#\/schema\/logo\/image\/"},"sameAs":["https:\/\/www.facebook.com\/OSEP.MendozaArg\/","https:\/\/x.com\/OsepMza","https:\/\/www.instagram.com\/osep.mendoza\/","https:\/\/www.youtube.com\/user\/osepvideos"]}]}},"amp_enabled":true,"_links":{"self":[{"href":"https:\/\/osepmendoza.com.ar\/web\/wp-json\/wp\/v2\/pages\/41855","targetHints":{"allow":["GET"]}}],"collection":[{"href":"https:\/\/osepmendoza.com.ar\/web\/wp-json\/wp\/v2\/pages"}],"about":[{"href":"https:\/\/osepmendoza.com.ar\/web\/wp-json\/wp\/v2\/types\/page"}],"author":[{"embeddable":true,"href":"https:\/\/osepmendoza.com.ar\/web\/wp-json\/wp\/v2\/users\/14"}],"replies":[{"embeddable":true,"href":"https:\/\/osepmendoza.com.ar\/web\/wp-json\/wp\/v2\/comments?post=41855"}],"version-history":[{"count":11,"href":"https:\/\/osepmendoza.com.ar\/web\/wp-json\/wp\/v2\/pages\/41855\/revisions"}],"predecessor-version":[{"id":50410,"href":"https:\/\/osepmendoza.com.ar\/web\/wp-json\/wp\/v2\/pages\/41855\/revisions\/50410"}],"wp:attachment":[{"href":"https:\/\/osepmendoza.com.ar\/web\/wp-json\/wp\/v2\/media?parent=41855"}],"curies":[{"name":"wp","href":"https:\/\/api.w.org\/{rel}","templated":true}]}}