{"id":41854,"date":"2020-05-12T13:29:04","date_gmt":"2020-05-12T13:29:04","guid":{"rendered":"http:\/\/34.67.86.69\/?page_id=585"},"modified":"2024-04-29T09:26:07","modified_gmt":"2024-04-29T12:26:07","slug":"telefonos-de-urgencias-y-emergencias","status":"publish","type":"page","link":"https:\/\/osepmendoza.com.ar\/web\/telefonos-y-centros-de-atencion\/telefonos-de-urgencias-y-emergencias\/","title":{"rendered":"Tel\u00e9fonos de Urgencias y Emergencias"},"content":{"rendered":"<section class=\"sh-section sh-section-827082db83664970c10192a21ca3210b fw-main-row sh-section-visibility-everywhere\">\r\n\t\r\n\t\r\n\t<div class=\"sh-section-container container\">\r\n\t\t\t<\/div>\r\n<\/section>\r\n\r\n<section class=\"sh-section sh-section-3ada0692a6cad8c9d8ce792998bcaff7 fw-main-row sh-section-visibility-everywhere\" id=\"col-accesos\">\r\n\t\r\n\t\r\n\t<div class=\"sh-section-container container\">\r\n\t\t<div class=\"fw-row\">\n\t\r\n<div class=\"sh-column sh-column-107674e4341b6c4d4a45669c0eaec7ba fw-col-xs-12\" >\r\n\r\n\t\r\n\t<div class=\"sh-column-wrapper\">\r\n\t\t\r\n<div id=\"text-block-28191f6aa4b2ca62c7247161ad89a6ec\" class=\"sh-text-block\">\r\n\t<h2 style=\"margin-bottom: 15px; text-align: center;\"><img loading=\"lazy\" decoding=\"async\" class=\"alignnone size-full wp-image-587\" src=\"http:\/\/osepmendoza.com.ar\/web\/wp-content\/uploads\/2020\/05\/ambulancia.svg\" alt=\"ambulancia\" width=\"60\" height=\"60\" \/><span style=\"color: #746e80; font-size: 30px;\"> Tel\u00e9fonos de Urgencias y Emergencias<\/span><\/h2><\/div>\r\n\t<\/div>\r\n\r\n\r\n\t\t\r\n\r\n<\/div>\r\n<\/div>\n\n<div class=\"fw-row\">\n\t\r\n<div class=\"sh-column sh-column-f5f3d6cd2d17c78b3fd9f1722a9d84c2 fw-col-xs-12 fw-col-sm-4\" >\r\n\r\n\t\r\n\t<div class=\"sh-column-wrapper\">\r\n\t\t\t<\/div>\r\n\r\n\r\n\t\t\r\n\r\n<\/div>\r\n\r\n<div class=\"sh-column sh-column-7a616464650dc56f8e17743ed9b9b3c1 fw-col-xs-12 fw-col-sm-4\" >\r\n\r\n\t\r\n\t<div class=\"sh-column-wrapper\">\r\n\t\t<div class=\"sh-output-html\">\r\n\t<a href=\"tel:08109990042\"><div class=\"box-acceso emergencias\">\n<img decoding=\"async\" src=\"http:\/\/osepmendoza.com.ar\/web\/wp-content\/uploads\/2020\/05\/tel.svg\" alt=\"app\"\/>\n<h4>Emergencias<\/h4>\n<span class=\"numero-emer\">0810 999 0042<\/span>\n<\/div><\/a><\/div>\r\n\r\n<div class=\"sh-empty-space\" id=\"empty-space-9c96b15e84ec175554eeb415dba8785b\"><\/div>\r\n<div class=\"sh-output-html\">\r\n\t<a href=\"tel:08109990042\"><div class=\"box-acceso emergencias emerdos\">\n<img decoding=\"async\" src=\"http:\/\/osepmendoza.com.ar\/web\/wp-content\/uploads\/2020\/05\/tel.svg\" alt=\"app\"\/>\n<h4>M\u00e9dico a domicilio<\/h4>\n<span class=\"numero-emer\">0810 999 0042<\/span> (Opci\u00f3n 2)\n<\/div><\/a><\/div>\r\n\r\n<div class=\"sh-empty-space\" id=\"empty-space-2cf83360bb3552b5480e737a215e65a7\"><\/div>\r\n<div class=\"sh-output-html\">\r\n\t<div class=\"box-acceso emergencias emerdos\">\n<img decoding=\"async\" src=\"http:\/\/osepmendoza.com.ar\/web\/wp-content\/uploads\/2020\/05\/tel.svg\" alt=\"app\"\/>\n<h4>Traslados sin m\u00e9dico<\/h4>\nEsta prestaci\u00f3n requiere autorizaci\u00f3n previa. Se puede gestionar con <a href=\"https:\/\/wa.me\/5492612058800?text=autorizaciones\">Alma.<\/a>\n<\/div><\/div>\r\n\t<\/div>\r\n\r\n\r\n\t\t\r\n\r\n<\/div>\r\n\r\n<div class=\"sh-column sh-column-7309f00e6882630624a6ecb7399b7b20 fw-col-xs-12 fw-col-sm-4\" >\r\n\r\n\t\r\n\t<div class=\"sh-column-wrapper\">\r\n\t\t\t<\/div>\r\n\r\n\r\n\t\t\r\n\r\n<\/div>\r\n<\/div>\n\n\t<\/div>\r\n<\/section>\r\n\r\n<section class=\"sh-section sh-section-11952b1bf63d0bb8f5d9c8c07533feb1 fw-main-row sh-section-visibility-everywhere\">\r\n\t\r\n\t\r\n\t<div class=\"sh-section-container container\">\r\n\t\t<div class=\"fw-row\">\n\t\r\n<div class=\"sh-column sh-column-2be6ee00392a834d777996ec3a118ea4 fw-col-xs-12 news\" >\r\n\r\n\t\r\n\t<div class=\"sh-column-wrapper\">\r\n\t\t\r\n<div id=\"text-block-bfba8583eadd64474dcfbcb52281ea4c\" class=\"sh-text-block\">\r\n\t<p><img loading=\"lazy\" decoding=\"async\" class=\"wp-image-429 aligncenter\" src=\"http:\/\/osepmendoza.com.ar\/web\/wp-content\/uploads\/2020\/05\/helposep.svg\" alt=\"ayuda\" width=\"84\" height=\"102\" \/><\/p><h2 style=\"text-align: center;\">\u00bfNecesit\u00e1s m\u00e1s ayuda?<\/h2><p style=\"text-align: center;\"><span style=\"font-size: 18px;\">Visit\u00e1 nuestra secci\u00f3n de ayuda, preguntas frecuentes y tutoriales.<\/span><\/p><\/div>\r\n\r\n<div id=\"button-c9aa4240d46fa009c60ba4a9e9074d4a\" class=\"sh-button-container  sh-button-style-1\">\r\n\t<div class=\"sh-element-margin\">\r\n\t\t<a href=\"https:\/\/osepmendoza.com.ar\/ayuda\" target=\"_blank\" class=\"sh-button sh-button-medium \">\r\n\r\n\t\t\t\r\n\t\t\t\t\t\t\t<span class=\"sh-button-text\">\r\n\t\t\t\t\tM\u00e1s ayuda\t\t\t\t<\/span>\r\n\t\t\t\r\n\t\t\t\r\n\t\t<\/a>\r\n\t\t\t<\/div>\r\n<\/div>\r\n\t<\/div>\r\n\r\n\r\n\t\t\r\n\r\n<\/div>\r\n<\/div>\n\n\t<\/div>\r\n<\/section>\n","protected":false},"excerpt":{"rendered":"<p>Tel\u00e9fonos de Urgencias y Emergencias Emergencias 0810 999 0042 M\u00e9dico&#8230;<\/p>\n","protected":false},"author":14,"featured_media":0,"parent":41853,"menu_order":64,"comment_status":"closed","ping_status":"closed","template":"","meta":{"_acf_changed":false,"inline_featured_image":false,"_exactmetrics_skip_tracking":false,"_exactmetrics_sitenote_active":false,"_exactmetrics_sitenote_note":"","_exactmetrics_sitenote_category":0,"footnotes":"","_links_to":"","_links_to_target":""},"class_list":["post-41854","page","type-page","status-publish","hentry"],"acf":[],"yoast_head":"<!-- This site is optimized with the Yoast SEO plugin v27.5 - https:\/\/yoast.com\/product\/yoast-seo-wordpress\/ -->\n<title>Tel\u00e9fonos de Urgencias y Emergencias - OSEP Mendoza<\/title>\n<meta name=\"robots\" content=\"index, follow, max-snippet:-1, max-image-preview:large, max-video-preview:-1\" \/>\n<link rel=\"canonical\" href=\"https:\/\/osepmendoza.com.ar\/web\/telefonos-y-centros-de-atencion\/telefonos-de-urgencias-y-emergencias\/\" \/>\n<meta property=\"og:locale\" content=\"es_ES\" \/>\n<meta property=\"og:type\" content=\"article\" \/>\n<meta property=\"og:title\" content=\"Tel\u00e9fonos de Urgencias y Emergencias - OSEP Mendoza\" \/>\n<meta property=\"og:description\" content=\"Tel\u00e9fonos de Urgencias y Emergencias Emergencias 0810 999 0042 M\u00e9dico...\" \/>\n<meta property=\"og:url\" content=\"https:\/\/osepmendoza.com.ar\/web\/telefonos-y-centros-de-atencion\/telefonos-de-urgencias-y-emergencias\/\" \/>\n<meta property=\"og:site_name\" content=\"OSEP Mendoza\" \/>\n<meta property=\"article:publisher\" content=\"https:\/\/www.facebook.com\/OSEP.MendozaArg\/\" \/>\n<meta property=\"article:modified_time\" content=\"2024-04-29T12:26:07+00:00\" \/>\n<meta property=\"og:image\" content=\"http:\/\/osepmendoza.com.ar\/web\/wp-content\/uploads\/2020\/05\/ambulancia.svg\" \/>\n<meta name=\"twitter:card\" content=\"summary_large_image\" \/>\n<meta name=\"twitter:site\" content=\"@OsepMza\" \/>\n<meta name=\"twitter:label1\" content=\"Tiempo de lectura\" \/>\n\t<meta name=\"twitter:data1\" content=\"2 minutos\" \/>\n<script type=\"application\/ld+json\" class=\"yoast-schema-graph\">{\"@context\":\"https:\\\/\\\/schema.org\",\"@graph\":[{\"@type\":\"WebPage\",\"@id\":\"https:\\\/\\\/osepmendoza.com.ar\\\/web\\\/telefonos-y-centros-de-atencion\\\/telefonos-de-urgencias-y-emergencias\\\/\",\"url\":\"https:\\\/\\\/osepmendoza.com.ar\\\/web\\\/telefonos-y-centros-de-atencion\\\/telefonos-de-urgencias-y-emergencias\\\/\",\"name\":\"Tel\u00e9fonos de Urgencias y Emergencias - OSEP Mendoza\",\"isPartOf\":{\"@id\":\"https:\\\/\\\/osepmendoza.com.ar\\\/web\\\/#website\"},\"primaryImageOfPage\":{\"@id\":\"https:\\\/\\\/osepmendoza.com.ar\\\/web\\\/telefonos-y-centros-de-atencion\\\/telefonos-de-urgencias-y-emergencias\\\/#primaryimage\"},\"image\":{\"@id\":\"https:\\\/\\\/osepmendoza.com.ar\\\/web\\\/telefonos-y-centros-de-atencion\\\/telefonos-de-urgencias-y-emergencias\\\/#primaryimage\"},\"thumbnailUrl\":\"http:\\\/\\\/osepmendoza.com.ar\\\/web\\\/wp-content\\\/uploads\\\/2020\\\/05\\\/ambulancia.svg\",\"datePublished\":\"2020-05-12T13:29:04+00:00\",\"dateModified\":\"2024-04-29T12:26:07+00:00\",\"breadcrumb\":{\"@id\":\"https:\\\/\\\/osepmendoza.com.ar\\\/web\\\/telefonos-y-centros-de-atencion\\\/telefonos-de-urgencias-y-emergencias\\\/#breadcrumb\"},\"inLanguage\":\"es\",\"potentialAction\":[{\"@type\":\"ReadAction\",\"target\":[\"https:\\\/\\\/osepmendoza.com.ar\\\/web\\\/telefonos-y-centros-de-atencion\\\/telefonos-de-urgencias-y-emergencias\\\/\"]}]},{\"@type\":\"ImageObject\",\"inLanguage\":\"es\",\"@id\":\"https:\\\/\\\/osepmendoza.com.ar\\\/web\\\/telefonos-y-centros-de-atencion\\\/telefonos-de-urgencias-y-emergencias\\\/#primaryimage\",\"url\":\"https:\\\/\\\/osepmendoza.com.ar\\\/web\\\/wp-content\\\/uploads\\\/2020\\\/05\\\/ambulancia.svg\",\"contentUrl\":\"https:\\\/\\\/osepmendoza.com.ar\\\/web\\\/wp-content\\\/uploads\\\/2020\\\/05\\\/ambulancia.svg\",\"width\":60,\"height\":60,\"caption\":\"ambulancia\"},{\"@type\":\"BreadcrumbList\",\"@id\":\"https:\\\/\\\/osepmendoza.com.ar\\\/web\\\/telefonos-y-centros-de-atencion\\\/telefonos-de-urgencias-y-emergencias\\\/#breadcrumb\",\"itemListElement\":[{\"@type\":\"ListItem\",\"position\":1,\"name\":\"Portada\",\"item\":\"https:\\\/\\\/osepmendoza.com.ar\\\/web\\\/\"},{\"@type\":\"ListItem\",\"position\":2,\"name\":\"Tel\u00e9fonos y Centros de Atenci\u00f3n\",\"item\":\"https:\\\/\\\/osepmendoza.com.ar\\\/web\\\/telefonos-y-centros-de-atencion\\\/\"},{\"@type\":\"ListItem\",\"position\":3,\"name\":\"Tel\u00e9fonos de Urgencias y Emergencias\"}]},{\"@type\":\"WebSite\",\"@id\":\"https:\\\/\\\/osepmendoza.com.ar\\\/web\\\/#website\",\"url\":\"https:\\\/\\\/osepmendoza.com.ar\\\/web\\\/\",\"name\":\"OSEP Mendoza\",\"description\":\"Obra Social de los Empleados P\u00fablicos de Mendoza\",\"publisher\":{\"@id\":\"https:\\\/\\\/osepmendoza.com.ar\\\/web\\\/#organization\"},\"potentialAction\":[{\"@type\":\"SearchAction\",\"target\":{\"@type\":\"EntryPoint\",\"urlTemplate\":\"https:\\\/\\\/osepmendoza.com.ar\\\/web\\\/?s={search_term_string}\"},\"query-input\":{\"@type\":\"PropertyValueSpecification\",\"valueRequired\":true,\"valueName\":\"search_term_string\"}}],\"inLanguage\":\"es\"},{\"@type\":\"Organization\",\"@id\":\"https:\\\/\\\/osepmendoza.com.ar\\\/web\\\/#organization\",\"name\":\"OSEP - Obra Social de Empleados P\u00fablicos de Mendoza\",\"url\":\"https:\\\/\\\/osepmendoza.com.ar\\\/web\\\/\",\"logo\":{\"@type\":\"ImageObject\",\"inLanguage\":\"es\",\"@id\":\"https:\\\/\\\/osepmendoza.com.ar\\\/web\\\/#\\\/schema\\\/logo\\\/image\\\/\",\"url\":\"https:\\\/\\\/osepmendoza.com.ar\\\/web\\\/wp-content\\\/uploads\\\/2020\\\/04\\\/lkTM9T9z.jpg\",\"contentUrl\":\"https:\\\/\\\/osepmendoza.com.ar\\\/web\\\/wp-content\\\/uploads\\\/2020\\\/04\\\/lkTM9T9z.jpg\",\"width\":334,\"height\":334,\"caption\":\"OSEP - Obra Social de Empleados P\u00fablicos de Mendoza\"},\"image\":{\"@id\":\"https:\\\/\\\/osepmendoza.com.ar\\\/web\\\/#\\\/schema\\\/logo\\\/image\\\/\"},\"sameAs\":[\"https:\\\/\\\/www.facebook.com\\\/OSEP.MendozaArg\\\/\",\"https:\\\/\\\/x.com\\\/OsepMza\",\"https:\\\/\\\/www.instagram.com\\\/osep.mendoza\\\/\",\"https:\\\/\\\/www.youtube.com\\\/user\\\/osepvideos\"]}]}<\/script>\n<!-- \/ Yoast SEO plugin. -->","yoast_head_json":{"title":"Tel\u00e9fonos de Urgencias y Emergencias - OSEP Mendoza","robots":{"index":"index","follow":"follow","max-snippet":"max-snippet:-1","max-image-preview":"max-image-preview:large","max-video-preview":"max-video-preview:-1"},"canonical":"https:\/\/osepmendoza.com.ar\/web\/telefonos-y-centros-de-atencion\/telefonos-de-urgencias-y-emergencias\/","og_locale":"es_ES","og_type":"article","og_title":"Tel\u00e9fonos de Urgencias y Emergencias - OSEP Mendoza","og_description":"Tel\u00e9fonos de Urgencias y Emergencias Emergencias 0810 999 0042 M\u00e9dico...","og_url":"https:\/\/osepmendoza.com.ar\/web\/telefonos-y-centros-de-atencion\/telefonos-de-urgencias-y-emergencias\/","og_site_name":"OSEP Mendoza","article_publisher":"https:\/\/www.facebook.com\/OSEP.MendozaArg\/","article_modified_time":"2024-04-29T12:26:07+00:00","og_image":[{"url":"http:\/\/osepmendoza.com.ar\/web\/wp-content\/uploads\/2020\/05\/ambulancia.svg","type":"","width":"","height":""}],"twitter_card":"summary_large_image","twitter_site":"@OsepMza","twitter_misc":{"Tiempo de lectura":"2 minutos"},"schema":{"@context":"https:\/\/schema.org","@graph":[{"@type":"WebPage","@id":"https:\/\/osepmendoza.com.ar\/web\/telefonos-y-centros-de-atencion\/telefonos-de-urgencias-y-emergencias\/","url":"https:\/\/osepmendoza.com.ar\/web\/telefonos-y-centros-de-atencion\/telefonos-de-urgencias-y-emergencias\/","name":"Tel\u00e9fonos de Urgencias y Emergencias - OSEP Mendoza","isPartOf":{"@id":"https:\/\/osepmendoza.com.ar\/web\/#website"},"primaryImageOfPage":{"@id":"https:\/\/osepmendoza.com.ar\/web\/telefonos-y-centros-de-atencion\/telefonos-de-urgencias-y-emergencias\/#primaryimage"},"image":{"@id":"https:\/\/osepmendoza.com.ar\/web\/telefonos-y-centros-de-atencion\/telefonos-de-urgencias-y-emergencias\/#primaryimage"},"thumbnailUrl":"http:\/\/osepmendoza.com.ar\/web\/wp-content\/uploads\/2020\/05\/ambulancia.svg","datePublished":"2020-05-12T13:29:04+00:00","dateModified":"2024-04-29T12:26:07+00:00","breadcrumb":{"@id":"https:\/\/osepmendoza.com.ar\/web\/telefonos-y-centros-de-atencion\/telefonos-de-urgencias-y-emergencias\/#breadcrumb"},"inLanguage":"es","potentialAction":[{"@type":"ReadAction","target":["https:\/\/osepmendoza.com.ar\/web\/telefonos-y-centros-de-atencion\/telefonos-de-urgencias-y-emergencias\/"]}]},{"@type":"ImageObject","inLanguage":"es","@id":"https:\/\/osepmendoza.com.ar\/web\/telefonos-y-centros-de-atencion\/telefonos-de-urgencias-y-emergencias\/#primaryimage","url":"https:\/\/osepmendoza.com.ar\/web\/wp-content\/uploads\/2020\/05\/ambulancia.svg","contentUrl":"https:\/\/osepmendoza.com.ar\/web\/wp-content\/uploads\/2020\/05\/ambulancia.svg","width":60,"height":60,"caption":"ambulancia"},{"@type":"BreadcrumbList","@id":"https:\/\/osepmendoza.com.ar\/web\/telefonos-y-centros-de-atencion\/telefonos-de-urgencias-y-emergencias\/#breadcrumb","itemListElement":[{"@type":"ListItem","position":1,"name":"Portada","item":"https:\/\/osepmendoza.com.ar\/web\/"},{"@type":"ListItem","position":2,"name":"Tel\u00e9fonos y Centros de Atenci\u00f3n","item":"https:\/\/osepmendoza.com.ar\/web\/telefonos-y-centros-de-atencion\/"},{"@type":"ListItem","position":3,"name":"Tel\u00e9fonos de Urgencias y Emergencias"}]},{"@type":"WebSite","@id":"https:\/\/osepmendoza.com.ar\/web\/#website","url":"https:\/\/osepmendoza.com.ar\/web\/","name":"OSEP Mendoza","description":"Obra Social de los Empleados P\u00fablicos de Mendoza","publisher":{"@id":"https:\/\/osepmendoza.com.ar\/web\/#organization"},"potentialAction":[{"@type":"SearchAction","target":{"@type":"EntryPoint","urlTemplate":"https:\/\/osepmendoza.com.ar\/web\/?s={search_term_string}"},"query-input":{"@type":"PropertyValueSpecification","valueRequired":true,"valueName":"search_term_string"}}],"inLanguage":"es"},{"@type":"Organization","@id":"https:\/\/osepmendoza.com.ar\/web\/#organization","name":"OSEP - Obra Social de Empleados P\u00fablicos de Mendoza","url":"https:\/\/osepmendoza.com.ar\/web\/","logo":{"@type":"ImageObject","inLanguage":"es","@id":"https:\/\/osepmendoza.com.ar\/web\/#\/schema\/logo\/image\/","url":"https:\/\/osepmendoza.com.ar\/web\/wp-content\/uploads\/2020\/04\/lkTM9T9z.jpg","contentUrl":"https:\/\/osepmendoza.com.ar\/web\/wp-content\/uploads\/2020\/04\/lkTM9T9z.jpg","width":334,"height":334,"caption":"OSEP - Obra Social de Empleados P\u00fablicos de Mendoza"},"image":{"@id":"https:\/\/osepmendoza.com.ar\/web\/#\/schema\/logo\/image\/"},"sameAs":["https:\/\/www.facebook.com\/OSEP.MendozaArg\/","https:\/\/x.com\/OsepMza","https:\/\/www.instagram.com\/osep.mendoza\/","https:\/\/www.youtube.com\/user\/osepvideos"]}]}},"amp_enabled":true,"_links":{"self":[{"href":"https:\/\/osepmendoza.com.ar\/web\/wp-json\/wp\/v2\/pages\/41854","targetHints":{"allow":["GET"]}}],"collection":[{"href":"https:\/\/osepmendoza.com.ar\/web\/wp-json\/wp\/v2\/pages"}],"about":[{"href":"https:\/\/osepmendoza.com.ar\/web\/wp-json\/wp\/v2\/types\/page"}],"author":[{"embeddable":true,"href":"https:\/\/osepmendoza.com.ar\/web\/wp-json\/wp\/v2\/users\/14"}],"replies":[{"embeddable":true,"href":"https:\/\/osepmendoza.com.ar\/web\/wp-json\/wp\/v2\/comments?post=41854"}],"version-history":[{"count":7,"href":"https:\/\/osepmendoza.com.ar\/web\/wp-json\/wp\/v2\/pages\/41854\/revisions"}],"predecessor-version":[{"id":53031,"href":"https:\/\/osepmendoza.com.ar\/web\/wp-json\/wp\/v2\/pages\/41854\/revisions\/53031"}],"up":[{"embeddable":true,"href":"https:\/\/osepmendoza.com.ar\/web\/wp-json\/wp\/v2\/pages\/41853"}],"wp:attachment":[{"href":"https:\/\/osepmendoza.com.ar\/web\/wp-json\/wp\/v2\/media?parent=41854"}],"curies":[{"name":"wp","href":"https:\/\/api.w.org\/{rel}","templated":true}]}}