{"id":1596,"date":"2020-06-03T23:55:39","date_gmt":"2020-06-03T23:55:39","guid":{"rendered":"http:\/\/34.67.86.69\/?page_id=1596"},"modified":"2024-11-05T15:59:56","modified_gmt":"2024-11-05T18:59:56","slug":"ser-celiaco","status":"publish","type":"page","link":"https:\/\/osepmendoza.com.ar\/web\/servicios-preventivos\/ser-celiaco\/","title":{"rendered":"Ser Cel\u00edaco"},"content":{"rendered":"<section class=\"sh-section sh-section-24a431f2542ef03acd45ae7c4ba5d9ca fw-main-row sh-section-visibility-everywhere\" id=\"top-programa\">\r\n\t\r\n\t\r\n\t<div class=\"sh-section-container container\">\r\n\t\t<div class=\"fw-row\">\n\t\r\n<div class=\"sh-column sh-column-107674e4341b6c4d4a45669c0eaec7ba fw-col-xs-12 fw-col-sm-6 sh-column-mobile-padding\" >\r\n\r\n\t\r\n\t<div class=\"sh-column-wrapper\">\r\n\t\t\r\n<div id=\"single-image-16d73e3513b30f64913c18025b6a42a1\" class=\"sh-single-image  \">\r\n\t<div class=\"sh-element-margin\">\r\n\t\t\r\n\t\t\r\n\t\t\t<div class=\"sh-single-image-container\">\r\n\t\t\t\t\t\t\t\t\t\t\t\t\t\t\t<a href=\"\/\/osepmendoza.com.ar\/web\/wp-content\/uploads\/2020\/04\/Texto-Ser-celiaco.png\" rel=\"lightbox\">\r\n\t\t\t\t\t\r\n\t\t\t\t\t\t\t\t\t\t\t\t\t<img decoding=\"async\" class=\"sh-image-url\" src=\"https:\/\/osepmendoza.com.ar\/web\/wp-content\/uploads\/2020\/04\/Texto-Ser-celiaco.png\" alt=\"Texto Ser cel\u00edaco\" \/>\r\n\t\t\t\t\t\t\t\t\t\t\t\t\t\r\n\t\t\t\t\t\t\t\t\t\t\t<\/a>\r\n\t\t\t\t\t\t\t\t\t\r\n\t\t\t\t\t\t\t<\/div>\r\n\r\n\t\t\r\n\t<\/div>\r\n<\/div>\r\n\t<\/div>\r\n\r\n\r\n\t\t\r\n\r\n<\/div>\r\n\r\n<div class=\"sh-column sh-column-13eae84beacb9ee6ef344934e8ab175f fw-col-xs-12 fw-col-sm-6 sh-column-mobile-padding\" >\r\n\r\n\t\r\n\t<div class=\"sh-column-wrapper\">\r\n\t\t\r\n<div id=\"single-image-1aa9c88c7b89e61f7cb935be775a0e73\" class=\"sh-single-image  \">\r\n\t<div class=\"sh-element-margin\">\r\n\t\t\r\n\t\t\r\n\t\t\t<div class=\"sh-single-image-container\">\r\n\t\t\t\t\t\t\t\t\t\t\t\t\t\t\t<a href=\"\/\/osepmendoza.com.ar\/web\/wp-content\/uploads\/2020\/04\/icono-celiacos-e1730739789778.png\" rel=\"lightbox\">\r\n\t\t\t\t\t\r\n\t\t\t\t\t\t\t\t\t\t\t\t\t<img decoding=\"async\" class=\"sh-image-url\" src=\"https:\/\/osepmendoza.com.ar\/web\/wp-content\/uploads\/2020\/04\/icono-celiacos-e1730739789778.png\" alt=\"\u00edcono cel\u00edacos\" \/>\r\n\t\t\t\t\t\t\t\t\t\t\t\t\t\r\n\t\t\t\t\t\t\t\t\t\t\t<\/a>\r\n\t\t\t\t\t\t\t\t\t\r\n\t\t\t\t\t\t\t<\/div>\r\n\r\n\t\t\r\n\t<\/div>\r\n<\/div>\r\n\t<\/div>\r\n\r\n\r\n\t\t\r\n\r\n<\/div>\r\n<\/div>\n\n\t<\/div>\r\n<\/section>\r\n\r\n<section class=\"sh-section sh-section-6063faa2f971d75905f61bf569e426a0 fw-main-row sh-section-visibility-everywhere\" id=\"descripcion\">\r\n\t\r\n\t\r\n\t<div class=\"sh-section-container container\">\r\n\t\t<div class=\"fw-row\">\n\t\r\n<div class=\"sh-column sh-column-10e18a593b11ea094bcf65ccb14a081f fw-col-xs-12 sh-column-mobile-padding\" >\r\n\r\n\t\r\n\t<div class=\"sh-column-wrapper\">\r\n\t\t\r\n<div id=\"text-block-cd3cdc6851dbed32d6bf9f61612091cd\" class=\"sh-text-block\">\r\n\t<h2>Descripci\u00f3n<\/h2><p>OSEP cuenta con un servicio para tratamiento y difusi\u00f3n de la celiaqu\u00eda para todos sus afiliados. Ser Cel\u00edaco fue creado en el 2005 y cabe destacar que realiza adem\u00e1s del seguimiento m\u00e9dico, apoyo y control nutricional y talleres para sus pacientes.<\/p><\/div>\r\n\t<\/div>\r\n\r\n\r\n\t\t\r\n\r\n<\/div>\r\n<\/div>\n\n\t<\/div>\r\n<\/section>\r\n\r\n<section class=\"sh-section sh-section-a4221746f5df692a99cfbb9ff53a787a fw-main-row sh-section-visibility-everywhere\" id=\"quees\">\r\n\t\r\n\t\r\n\t<div class=\"sh-section-container container\">\r\n\t\t<div class=\"fw-row\">\n\t\r\n<div class=\"sh-column sh-column-141f5da8146dc26d74d06aee6a4b60eb fw-col-xs-12 sh-column-mobile-padding\" >\r\n\r\n\t\r\n\t<div class=\"sh-column-wrapper\">\r\n\t\t\r\n<div id=\"divider-acfaff134637cb3db9033ec405a8d593\" class=\"sh-divider sh-divider-center sh-divider-content-none\">\r\n\t\t\t<div class=\"sh-divider-line\"><\/div>\r\n\t<\/div>\r\n\r\n<div id=\"text-block-69dda81d63ec809e5d67c1e7cb0ce43b\" class=\"sh-text-block\">\r\n\t<h2>\u00bfQu\u00e9 es la enfermedad cel\u00edaca?<\/h2><p><strong>Se trata de la intolerancia a las prote\u00ednas de los cereales como trigo, cebada, avena y centeno.<\/strong> Esa prote\u00edna se llama gluten y, lo que hace es alterar las mucosas del intestino, provocando una mala absorci\u00f3n de los nutrientes.<br \/>Es una patolog\u00eda autoinmune y tiene una gran predisposici\u00f3n gen\u00e9tica. Estad\u00edsticamente, la padece uno de cada 150 nacidos vivos.<br \/>Es muy importante su diagn\u00f3stico temprano para que sus s\u00edntomas no sean agresivos y no aparezcan otras enfermedades.<\/p><\/div>\r\n\t<\/div>\r\n\r\n\r\n\t\t\r\n\r\n<\/div>\r\n<\/div>\n\n\t<\/div>\r\n<\/section>\r\n\r\n<section class=\"sh-section sh-section-de8deb7b613b3375138a188505309c0b fw-main-row sh-section-visibility-everywhere\" id=\"sintomas\">\r\n\t\r\n\t\r\n\t<div class=\"sh-section-container container\">\r\n\t\t<div class=\"fw-row\">\n\t\r\n<div class=\"sh-column sh-column-ee6ec474bb75d8420dbb692e807d1095 fw-col-xs-12 sh-column-mobile-padding\" >\r\n\r\n\t\r\n\t<div class=\"sh-column-wrapper\">\r\n\t\t\r\n<div id=\"divider-d692b0301bee96014cd6028eab61a1a4\" class=\"sh-divider sh-divider-center sh-divider-content-none\">\r\n\t\t\t<div class=\"sh-divider-line\"><\/div>\r\n\t<\/div>\r\n\r\n<div id=\"text-block-f9b683175ea06348538615e96708649f\" class=\"sh-text-block\">\r\n\t<h2>Sus s\u00edntomas<\/h2><p>Una persona puede presentar s\u00edntomas cl\u00e1sicos, vivir una enfermedad asintom\u00e1tica o padecer solo una cefalea.<br \/><strong>Los s\u00edntomas en general son muy variados.<\/strong> Los cl\u00e1sicos son digestivos como distensi\u00f3n, inflamaci\u00f3n, dolor de abdomen, diarrea o constipaci\u00f3n.<\/p><\/div>\r\n\t<\/div>\r\n\r\n\r\n\t\t\r\n\r\n<\/div>\r\n<\/div>\n\n\t<\/div>\r\n<\/section>\r\n\r\n<section class=\"sh-section sh-section-a21d57d518cf094840890c019a2cb028 fw-main-row sh-section-visibility-everywhere\" id=\"tratamiento\">\r\n\t\r\n\t\r\n\t<div class=\"sh-section-container container\">\r\n\t\t<div class=\"fw-row\">\n\t\r\n<div class=\"sh-column sh-column-91c1057bdf8ce1e0127c448262e65905 fw-col-xs-12 sh-column-mobile-padding\" >\r\n\r\n\t\r\n\t<div class=\"sh-column-wrapper\">\r\n\t\t\r\n<div id=\"divider-aae3da514dbc0d7f23fce394cb23e2a3\" class=\"sh-divider sh-divider-center sh-divider-content-none\">\r\n\t\t\t<div class=\"sh-divider-line\"><\/div>\r\n\t<\/div>\r\n\r\n<div id=\"text-block-163e666096908acf14793a55463c6da9\" class=\"sh-text-block\">\r\n\t<h2>Acerca de su tratamiento<\/h2><p>No existe ning\u00fan tratamiento medicamentoso y el \u00fanico m\u00e9todo eficiente es la dieta libre de gluten, estricta y de por vida, que no admite ning\u00fan permitido. Respetarla es la \u00fanica manera que tiene el paciente de mejorar su calidad de vida y no enfermarse constantemente.<br \/>Para tener \u00e9xito con el tratamiento, es muy importante, adem\u00e1s, realizar constantemente los controles m\u00e9dicos peri\u00f3dicos ya que es una enfermedad que requiere mucha voluntad, tanto del paciente como de su entorno.<\/p><\/div>\r\n\t<\/div>\r\n\r\n\r\n\t\t\r\n\r\n<\/div>\r\n<\/div>\n\n\t<\/div>\r\n<\/section>\r\n\r\n<section class=\"sh-section sh-section-faa7d2fe9a77dfea03039e1ec9aea8ac fw-main-row sh-section-visibility-everywhere\" id=\"requisitos\">\r\n\t\r\n\t\r\n\t<div class=\"sh-section-container container\">\r\n\t\t<div class=\"fw-row\">\n\t\r\n<div class=\"sh-column sh-column-03725ba48a4dfbadbe339f56e2db17e4 fw-col-xs-12 sh-column-mobile-padding\" >\r\n\r\n\t\r\n\t<div class=\"sh-column-wrapper\">\r\n\t\t\r\n<div id=\"divider-e8b4d1c53cae23b95e0914b548c932a2\" class=\"sh-divider sh-divider-center sh-divider-content-none\">\r\n\t\t\t<div class=\"sh-divider-line\"><\/div>\r\n\t<\/div>\r\n\r\n<div id=\"text-block-50318327a108749a055bbec9b49fc981\" class=\"sh-text-block\">\r\n\t<h2>Requisitos para ingresar:<\/h2><ul><li><span style=\"font-size: 18px;\">Derivaci\u00f3n m\u00e9dica: Certificado con diagn\u00f3stico confirmado por m\u00e9dico gastroenter\u00f3logo<\/span><\/li><li><span style=\"font-size: 18px;\">Anatom\u00eda patol\u00f3gica (biopsia)<\/span><\/li><li><span style=\"font-size: 18px;\">An\u00e1lisis correspondientes que indiquen la enfermedad<\/span><\/li><\/ul><\/div>\r\n\t<\/div>\r\n\r\n\r\n\t\t\r\n\r\n<\/div>\r\n<\/div>\n\n\t<\/div>\r\n<\/section>\r\n\r\n<section class=\"sh-section sh-section-10ce2b5ceed72a7b90467e60130ca1b0 fw-main-row sh-section-visibility-everywhere\" id=\"masinfo\">\r\n\t\r\n\t\r\n\t<div class=\"sh-section-container container\">\r\n\t\t<div class=\"fw-row\">\n\t\r\n<div class=\"sh-column sh-column-55d275df429a2a75acc2252e2590b9a4 fw-col-xs-12 sh-column-mobile-padding\" >\r\n\r\n\t\r\n\t<div class=\"sh-column-wrapper\">\r\n\t\t\r\n<div id=\"divider-9c95b1aacc0b6d119c3519ff80e695c4\" class=\"sh-divider sh-divider-center sh-divider-content-none\">\r\n\t\t\t<div class=\"sh-divider-line\"><\/div>\r\n\t<\/div>\r\n\r\n<div id=\"text-block-31e10863bba1c4a1779dfa05b09fede8\" class=\"sh-text-block\">\r\n\t<h2>Para m\u00e1s informaci\u00f3n<\/h2><\/div>\r\n\r\n<ul class=\"sh-list sh-list-style4\" id=\"list-7afb1f718385fb6c3b958a9e548325e7\">\r\n\t\t\t<li class=\"sh-list-item\">\r\n\t\t\t<span class=\"sh-list-icon\">\r\n\t\t\t\t<i class=\"pe-7s-map-marker\"><\/i>\r\n\t\t\t<\/span>\r\n\t\t\t Edificio Xeltahuina, Salta 877, 1\u00ba Piso, Ciudad\t\t<\/li>\r\n\t<\/ul>\r\n\r\n<ul class=\"sh-list sh-list-style4\" id=\"list-a2451630e02f7b156c1ad9ddca731d97\">\r\n\t\t\t<li class=\"sh-list-item\">\r\n\t\t\t<span class=\"sh-list-icon\">\r\n\t\t\t\t<i class=\"icon-phone\"><\/i>\r\n\t\t\t<\/span>\r\n\t\t\tTel\u00e9fono: 3480407\t\t<\/li>\r\n\t<\/ul>\r\n\r\n<ul class=\"sh-list sh-list-style4\" id=\"list-c6d109e2309079de0362aca8da992be1\">\r\n\t\t\t<li class=\"sh-list-item\">\r\n\t\t\t<span class=\"sh-list-icon\">\r\n\t\t\t\t<i class=\"ti-alarm-clock\"><\/i>\r\n\t\t\t<\/span>\r\n\t\t\tHorarios de Atenci\u00f3n: lunes a viernes, de 10 a 14.\t\t<\/li>\r\n\t<\/ul>\r\n\r\n<ul class=\"sh-list sh-list-style4\" id=\"list-785e8fc8b42c6bf475e1ad2ad5ae9e9d\">\r\n\t\t\t<li class=\"sh-list-item\">\r\n\t\t\t<span class=\"sh-list-icon\">\r\n\t\t\t\t<i class=\"ti-email\"><\/i>\r\n\t\t\t<\/span>\r\n\t\t\tprograma_ser_celiaco@osep.mendoza.gov.ar\t\t<\/li>\r\n\t<\/ul>\r\n\t<\/div>\r\n\r\n\r\n\t\t\r\n\r\n<\/div>\r\n<\/div>\n\n\t<\/div>\r\n<\/section>\r\n\r\n<section class=\"sh-section sh-section-11952b1bf63d0bb8f5d9c8c07533feb1 fw-main-row sh-section-visibility-everywhere\">\r\n\t\r\n\t\r\n\t<div class=\"sh-section-container container\">\r\n\t\t<div class=\"fw-row\">\n\t\r\n<div class=\"sh-column sh-column-2be6ee00392a834d777996ec3a118ea4 fw-col-xs-12 news\" >\r\n\r\n\t\r\n\t<div class=\"sh-column-wrapper\">\r\n\t\t\r\n<div id=\"text-block-bfba8583eadd64474dcfbcb52281ea4c\" class=\"sh-text-block\">\r\n\t<p><img loading=\"lazy\" decoding=\"async\" class=\"wp-image-429 aligncenter\" src=\"http:\/\/osepmendoza.com.ar\/web\/wp-content\/uploads\/2020\/05\/helposep.svg\" alt=\"ayuda\" width=\"84\" height=\"102\" \/><\/p><h2 style=\"text-align: center;\">\u00bfNecesit\u00e1s ayuda?<\/h2><p style=\"text-align: center;\"><span style=\"font-size: 18px;\">Visit\u00e1 nuestra secci\u00f3n de ayuda, preguntas frecuentes y tutoriales.<\/span><\/p><\/div>\r\n\r\n<div id=\"button-d58cabb351e586141cedd9bce175896e\" class=\"sh-button-container  sh-button-style-1\">\r\n\t<div class=\"sh-element-margin\">\r\n\t\t<a href=\"https:\/\/osepmendoza.com.ar\/ayuda\" target=\"_blank\" class=\"sh-button sh-button-medium \">\r\n\r\n\t\t\t\r\n\t\t\t\t\t\t\t<span class=\"sh-button-text\">\r\n\t\t\t\t\tM\u00e1s ayuda\t\t\t\t<\/span>\r\n\t\t\t\r\n\t\t\t\r\n\t\t<\/a>\r\n\t\t\t<\/div>\r\n<\/div>\r\n\t<\/div>\r\n\r\n\r\n\t\t\r\n\r\n<\/div>\r\n<\/div>\n\n\t<\/div>\r\n<\/section>\n","protected":false},"excerpt":{"rendered":"<p>Descripci\u00f3nOSEP cuenta con un servicio para tratamiento y difusi\u00f3n de&#8230;<\/p>\n","protected":false},"author":14,"featured_media":0,"parent":1318,"menu_order":32,"comment_status":"closed","ping_status":"closed","template":"","meta":{"_acf_changed":false,"inline_featured_image":false,"_exactmetrics_skip_tracking":false,"_exactmetrics_sitenote_active":false,"_exactmetrics_sitenote_note":"","_exactmetrics_sitenote_category":0,"footnotes":"","_links_to":"","_links_to_target":""},"class_list":["post-1596","page","type-page","status-publish","hentry"],"acf":[],"yoast_head":"<!-- This site is optimized with the Yoast SEO plugin v27.4 - https:\/\/yoast.com\/product\/yoast-seo-wordpress\/ -->\n<title>Ser Cel\u00edaco - OSEP Mendoza<\/title>\n<meta name=\"robots\" content=\"index, follow, max-snippet:-1, max-image-preview:large, max-video-preview:-1\" \/>\n<link rel=\"canonical\" href=\"https:\/\/osepmendoza.com.ar\/web\/servicios-preventivos\/ser-celiaco\/\" \/>\n<meta property=\"og:locale\" content=\"es_ES\" \/>\n<meta property=\"og:type\" content=\"article\" \/>\n<meta property=\"og:title\" content=\"Ser Cel\u00edaco - OSEP Mendoza\" \/>\n<meta property=\"og:description\" content=\"Descripci\u00f3nOSEP cuenta con un servicio para tratamiento y difusi\u00f3n de...\" \/>\n<meta property=\"og:url\" content=\"https:\/\/osepmendoza.com.ar\/web\/servicios-preventivos\/ser-celiaco\/\" \/>\n<meta property=\"og:site_name\" content=\"OSEP Mendoza\" \/>\n<meta property=\"article:publisher\" content=\"https:\/\/www.facebook.com\/OSEP.MendozaArg\/\" \/>\n<meta property=\"article:modified_time\" content=\"2024-11-05T18:59:56+00:00\" \/>\n<meta property=\"og:image\" content=\"https:\/\/osepmendoza.com.ar\/web\/wp-content\/uploads\/2020\/04\/Texto-Ser-celiaco.png\" \/>\n<meta name=\"twitter:card\" content=\"summary_large_image\" \/>\n<meta name=\"twitter:site\" content=\"@OsepMza\" \/>\n<meta name=\"twitter:label1\" content=\"Tiempo de lectura\" \/>\n\t<meta name=\"twitter:data1\" content=\"2 minutos\" \/>\n<script type=\"application\/ld+json\" class=\"yoast-schema-graph\">{\"@context\":\"https:\\\/\\\/schema.org\",\"@graph\":[{\"@type\":\"WebPage\",\"@id\":\"https:\\\/\\\/osepmendoza.com.ar\\\/web\\\/servicios-preventivos\\\/ser-celiaco\\\/\",\"url\":\"https:\\\/\\\/osepmendoza.com.ar\\\/web\\\/servicios-preventivos\\\/ser-celiaco\\\/\",\"name\":\"Ser Cel\u00edaco - OSEP Mendoza\",\"isPartOf\":{\"@id\":\"https:\\\/\\\/osepmendoza.com.ar\\\/web\\\/#website\"},\"primaryImageOfPage\":{\"@id\":\"https:\\\/\\\/osepmendoza.com.ar\\\/web\\\/servicios-preventivos\\\/ser-celiaco\\\/#primaryimage\"},\"image\":{\"@id\":\"https:\\\/\\\/osepmendoza.com.ar\\\/web\\\/servicios-preventivos\\\/ser-celiaco\\\/#primaryimage\"},\"thumbnailUrl\":\"https:\\\/\\\/osepmendoza.com.ar\\\/web\\\/wp-content\\\/uploads\\\/2020\\\/04\\\/Texto-Ser-celiaco.png\",\"datePublished\":\"2020-06-03T23:55:39+00:00\",\"dateModified\":\"2024-11-05T18:59:56+00:00\",\"breadcrumb\":{\"@id\":\"https:\\\/\\\/osepmendoza.com.ar\\\/web\\\/servicios-preventivos\\\/ser-celiaco\\\/#breadcrumb\"},\"inLanguage\":\"es\",\"potentialAction\":[{\"@type\":\"ReadAction\",\"target\":[\"https:\\\/\\\/osepmendoza.com.ar\\\/web\\\/servicios-preventivos\\\/ser-celiaco\\\/\"]}]},{\"@type\":\"ImageObject\",\"inLanguage\":\"es\",\"@id\":\"https:\\\/\\\/osepmendoza.com.ar\\\/web\\\/servicios-preventivos\\\/ser-celiaco\\\/#primaryimage\",\"url\":\"https:\\\/\\\/osepmendoza.com.ar\\\/web\\\/wp-content\\\/uploads\\\/2020\\\/04\\\/Texto-Ser-celiaco.png\",\"contentUrl\":\"https:\\\/\\\/osepmendoza.com.ar\\\/web\\\/wp-content\\\/uploads\\\/2020\\\/04\\\/Texto-Ser-celiaco.png\",\"width\":878,\"height\":260},{\"@type\":\"BreadcrumbList\",\"@id\":\"https:\\\/\\\/osepmendoza.com.ar\\\/web\\\/servicios-preventivos\\\/ser-celiaco\\\/#breadcrumb\",\"itemListElement\":[{\"@type\":\"ListItem\",\"position\":1,\"name\":\"Portada\",\"item\":\"https:\\\/\\\/osepmendoza.com.ar\\\/web\\\/\"},{\"@type\":\"ListItem\",\"position\":2,\"name\":\"Servicios Preventivos\",\"item\":\"https:\\\/\\\/osepmendoza.com.ar\\\/web\\\/servicios-preventivos\\\/\"},{\"@type\":\"ListItem\",\"position\":3,\"name\":\"Ser Cel\u00edaco\"}]},{\"@type\":\"WebSite\",\"@id\":\"https:\\\/\\\/osepmendoza.com.ar\\\/web\\\/#website\",\"url\":\"https:\\\/\\\/osepmendoza.com.ar\\\/web\\\/\",\"name\":\"OSEP Mendoza\",\"description\":\"Obra Social de los Empleados P\u00fablicos de Mendoza\",\"publisher\":{\"@id\":\"https:\\\/\\\/osepmendoza.com.ar\\\/web\\\/#organization\"},\"potentialAction\":[{\"@type\":\"SearchAction\",\"target\":{\"@type\":\"EntryPoint\",\"urlTemplate\":\"https:\\\/\\\/osepmendoza.com.ar\\\/web\\\/?s={search_term_string}\"},\"query-input\":{\"@type\":\"PropertyValueSpecification\",\"valueRequired\":true,\"valueName\":\"search_term_string\"}}],\"inLanguage\":\"es\"},{\"@type\":\"Organization\",\"@id\":\"https:\\\/\\\/osepmendoza.com.ar\\\/web\\\/#organization\",\"name\":\"OSEP - Obra Social de Empleados P\u00fablicos de Mendoza\",\"url\":\"https:\\\/\\\/osepmendoza.com.ar\\\/web\\\/\",\"logo\":{\"@type\":\"ImageObject\",\"inLanguage\":\"es\",\"@id\":\"https:\\\/\\\/osepmendoza.com.ar\\\/web\\\/#\\\/schema\\\/logo\\\/image\\\/\",\"url\":\"https:\\\/\\\/osepmendoza.com.ar\\\/web\\\/wp-content\\\/uploads\\\/2020\\\/04\\\/lkTM9T9z.jpg\",\"contentUrl\":\"https:\\\/\\\/osepmendoza.com.ar\\\/web\\\/wp-content\\\/uploads\\\/2020\\\/04\\\/lkTM9T9z.jpg\",\"width\":334,\"height\":334,\"caption\":\"OSEP - Obra Social de Empleados P\u00fablicos de Mendoza\"},\"image\":{\"@id\":\"https:\\\/\\\/osepmendoza.com.ar\\\/web\\\/#\\\/schema\\\/logo\\\/image\\\/\"},\"sameAs\":[\"https:\\\/\\\/www.facebook.com\\\/OSEP.MendozaArg\\\/\",\"https:\\\/\\\/x.com\\\/OsepMza\",\"https:\\\/\\\/www.instagram.com\\\/osep.mendoza\\\/\",\"https:\\\/\\\/www.youtube.com\\\/user\\\/osepvideos\"]}]}<\/script>\n<!-- \/ Yoast SEO plugin. -->","yoast_head_json":{"title":"Ser Cel\u00edaco - OSEP Mendoza","robots":{"index":"index","follow":"follow","max-snippet":"max-snippet:-1","max-image-preview":"max-image-preview:large","max-video-preview":"max-video-preview:-1"},"canonical":"https:\/\/osepmendoza.com.ar\/web\/servicios-preventivos\/ser-celiaco\/","og_locale":"es_ES","og_type":"article","og_title":"Ser Cel\u00edaco - OSEP Mendoza","og_description":"Descripci\u00f3nOSEP cuenta con un servicio para tratamiento y difusi\u00f3n de...","og_url":"https:\/\/osepmendoza.com.ar\/web\/servicios-preventivos\/ser-celiaco\/","og_site_name":"OSEP Mendoza","article_publisher":"https:\/\/www.facebook.com\/OSEP.MendozaArg\/","article_modified_time":"2024-11-05T18:59:56+00:00","og_image":[{"url":"https:\/\/osepmendoza.com.ar\/web\/wp-content\/uploads\/2020\/04\/Texto-Ser-celiaco.png","type":"","width":"","height":""}],"twitter_card":"summary_large_image","twitter_site":"@OsepMza","twitter_misc":{"Tiempo de lectura":"2 minutos"},"schema":{"@context":"https:\/\/schema.org","@graph":[{"@type":"WebPage","@id":"https:\/\/osepmendoza.com.ar\/web\/servicios-preventivos\/ser-celiaco\/","url":"https:\/\/osepmendoza.com.ar\/web\/servicios-preventivos\/ser-celiaco\/","name":"Ser Cel\u00edaco - OSEP Mendoza","isPartOf":{"@id":"https:\/\/osepmendoza.com.ar\/web\/#website"},"primaryImageOfPage":{"@id":"https:\/\/osepmendoza.com.ar\/web\/servicios-preventivos\/ser-celiaco\/#primaryimage"},"image":{"@id":"https:\/\/osepmendoza.com.ar\/web\/servicios-preventivos\/ser-celiaco\/#primaryimage"},"thumbnailUrl":"https:\/\/osepmendoza.com.ar\/web\/wp-content\/uploads\/2020\/04\/Texto-Ser-celiaco.png","datePublished":"2020-06-03T23:55:39+00:00","dateModified":"2024-11-05T18:59:56+00:00","breadcrumb":{"@id":"https:\/\/osepmendoza.com.ar\/web\/servicios-preventivos\/ser-celiaco\/#breadcrumb"},"inLanguage":"es","potentialAction":[{"@type":"ReadAction","target":["https:\/\/osepmendoza.com.ar\/web\/servicios-preventivos\/ser-celiaco\/"]}]},{"@type":"ImageObject","inLanguage":"es","@id":"https:\/\/osepmendoza.com.ar\/web\/servicios-preventivos\/ser-celiaco\/#primaryimage","url":"https:\/\/osepmendoza.com.ar\/web\/wp-content\/uploads\/2020\/04\/Texto-Ser-celiaco.png","contentUrl":"https:\/\/osepmendoza.com.ar\/web\/wp-content\/uploads\/2020\/04\/Texto-Ser-celiaco.png","width":878,"height":260},{"@type":"BreadcrumbList","@id":"https:\/\/osepmendoza.com.ar\/web\/servicios-preventivos\/ser-celiaco\/#breadcrumb","itemListElement":[{"@type":"ListItem","position":1,"name":"Portada","item":"https:\/\/osepmendoza.com.ar\/web\/"},{"@type":"ListItem","position":2,"name":"Servicios Preventivos","item":"https:\/\/osepmendoza.com.ar\/web\/servicios-preventivos\/"},{"@type":"ListItem","position":3,"name":"Ser Cel\u00edaco"}]},{"@type":"WebSite","@id":"https:\/\/osepmendoza.com.ar\/web\/#website","url":"https:\/\/osepmendoza.com.ar\/web\/","name":"OSEP Mendoza","description":"Obra Social de los Empleados P\u00fablicos de Mendoza","publisher":{"@id":"https:\/\/osepmendoza.com.ar\/web\/#organization"},"potentialAction":[{"@type":"SearchAction","target":{"@type":"EntryPoint","urlTemplate":"https:\/\/osepmendoza.com.ar\/web\/?s={search_term_string}"},"query-input":{"@type":"PropertyValueSpecification","valueRequired":true,"valueName":"search_term_string"}}],"inLanguage":"es"},{"@type":"Organization","@id":"https:\/\/osepmendoza.com.ar\/web\/#organization","name":"OSEP - Obra Social de Empleados P\u00fablicos de Mendoza","url":"https:\/\/osepmendoza.com.ar\/web\/","logo":{"@type":"ImageObject","inLanguage":"es","@id":"https:\/\/osepmendoza.com.ar\/web\/#\/schema\/logo\/image\/","url":"https:\/\/osepmendoza.com.ar\/web\/wp-content\/uploads\/2020\/04\/lkTM9T9z.jpg","contentUrl":"https:\/\/osepmendoza.com.ar\/web\/wp-content\/uploads\/2020\/04\/lkTM9T9z.jpg","width":334,"height":334,"caption":"OSEP - Obra Social de Empleados P\u00fablicos de Mendoza"},"image":{"@id":"https:\/\/osepmendoza.com.ar\/web\/#\/schema\/logo\/image\/"},"sameAs":["https:\/\/www.facebook.com\/OSEP.MendozaArg\/","https:\/\/x.com\/OsepMza","https:\/\/www.instagram.com\/osep.mendoza\/","https:\/\/www.youtube.com\/user\/osepvideos"]}]}},"amp_enabled":true,"_links":{"self":[{"href":"https:\/\/osepmendoza.com.ar\/web\/wp-json\/wp\/v2\/pages\/1596","targetHints":{"allow":["GET"]}}],"collection":[{"href":"https:\/\/osepmendoza.com.ar\/web\/wp-json\/wp\/v2\/pages"}],"about":[{"href":"https:\/\/osepmendoza.com.ar\/web\/wp-json\/wp\/v2\/types\/page"}],"author":[{"embeddable":true,"href":"https:\/\/osepmendoza.com.ar\/web\/wp-json\/wp\/v2\/users\/14"}],"replies":[{"embeddable":true,"href":"https:\/\/osepmendoza.com.ar\/web\/wp-json\/wp\/v2\/comments?post=1596"}],"version-history":[{"count":20,"href":"https:\/\/osepmendoza.com.ar\/web\/wp-json\/wp\/v2\/pages\/1596\/revisions"}],"predecessor-version":[{"id":55721,"href":"https:\/\/osepmendoza.com.ar\/web\/wp-json\/wp\/v2\/pages\/1596\/revisions\/55721"}],"up":[{"embeddable":true,"href":"https:\/\/osepmendoza.com.ar\/web\/wp-json\/wp\/v2\/pages\/1318"}],"wp:attachment":[{"href":"https:\/\/osepmendoza.com.ar\/web\/wp-json\/wp\/v2\/media?parent=1596"}],"curies":[{"name":"wp","href":"https:\/\/api.w.org\/{rel}","templated":true}]}}