{"id":1172,"date":"2020-05-19T14:19:08","date_gmt":"2020-05-19T14:19:08","guid":{"rendered":"http:\/\/34.67.86.69\/?page_id=1172"},"modified":"2026-01-27T08:31:39","modified_gmt":"2026-01-27T11:31:39","slug":"planes-especiales","status":"publish","type":"page","link":"https:\/\/osepmendoza.com.ar\/web\/servicios\/planes-especiales\/","title":{"rendered":"Planes Especiales"},"content":{"rendered":"<section class=\"sh-section sh-section-827082db83664970c10192a21ca3210b fw-main-row sh-section-visibility-everywhere\">\r\n\t\r\n\t\r\n\t<div class=\"sh-section-container container\">\r\n\t\t\t<\/div>\r\n<\/section>\r\n\r\n<section class=\"sh-section sh-section-24a431f2542ef03acd45ae7c4ba5d9ca fw-main-row sh-section-visibility-everywhere\">\r\n\t\r\n\t\r\n\t<div class=\"sh-section-container container\">\r\n\t\t<div class=\"fw-row\">\n\t\r\n<div class=\"sh-column sh-column-107674e4341b6c4d4a45669c0eaec7ba fw-col-xs-12\" >\r\n\r\n\t\r\n\t<div class=\"sh-column-wrapper\">\r\n\t\t\r\n<div id=\"text-block-28191f6aa4b2ca62c7247161ad89a6ec\" class=\"sh-text-block\">\r\n\t<h2 style=\"margin-bottom: 15px; text-align: center;\"><span style=\"color: #746e80; font-size: 30px;\"><img loading=\"lazy\" decoding=\"async\" class=\"alignnone size-full wp-image-453\" src=\"http:\/\/osepmendoza.com.ar\/web\/wp-content\/uploads\/2020\/05\/tt2.svg\" alt=\"Planes Especiales icono\" width=\"64\" height=\"64\" \/> Planes Especiales<\/span><\/h2><\/div>\r\n\r\n<div id=\"divider-4e7f2ab55400a3fa88177f673fe59939\" class=\"sh-divider sh-divider-center sh-divider-content-none\">\r\n\t\t\t<div class=\"sh-divider-line\"><\/div>\r\n\t<\/div>\r\n\t<\/div>\r\n\r\n\r\n\t\t\r\n\r\n<\/div>\r\n<\/div>\n\n\t<\/div>\r\n<\/section>\r\n\r\n<section class=\"sh-section sh-section-9942d1e38d22dff98a19e57a8d241026 fw-main-row sh-section-visibility-everywhere\">\r\n\t\r\n\t\r\n\t<div class=\"sh-section-container container\">\r\n\t\t<div class=\"fw-row\">\n\t\r\n<div class=\"sh-column sh-column-0542a8e380b186b08b185b6a304f199f fw-col-xs-12 sh-column-mobile-padding\" >\r\n\r\n\t\r\n\t<div class=\"sh-column-wrapper\">\r\n\t\t\r\n<div id=\"text-block-6cc07702e12339f6ce149c24f6325326\" class=\"sh-text-block\">\r\n\t<h2>Requerimientos de Acceso a Planes Especiales<\/h2><\/div>\r\n\r\n<div id=\"text-block-c782f76c7c37353582db7c52c362b24a\" class=\"sh-text-block\">\r\n\t<h3>Pasos a seguir<\/h3><div class=\"numerodos\">1<\/div><p>Todo tr\u00e1mite se realizar\u00e1 en el <strong>sector de Planes Especiales<\/strong>, en donde se asesorar\u00e1 al afiliado, sobre la posibilidad de ser incorporado en alg\u00fan Plan. Ser\u00e1n incluidos todos los tratamientos con medicaci\u00f3n que por ley les corresponde el 100% de cobertura y dem\u00e1s tratamientos que no tengan alg\u00fan criterio de exclusi\u00f3n. En caso de ser as\u00ed se da por finalizado el tr\u00e1mite.<\/p><div class=\"numerodos\">2<\/div><p><strong>Retiro de Formularios<\/strong><\/p><ul><li style=\"list-style-type: none;\"><ul><li>Historia Cl\u00ednica.<\/li><li>Planilla Farmacolog\u00eda. <a href=\"https:\/\/osepmendoza.com.ar\/web\/servicios\/formularios\/\" target=\"_blank\" rel=\"noopener\">Descargar planilla.<\/a><\/li><li>Copia de ex\u00e1menes complementarios requerimientos e indicados en la planilla de solicitud de admisi\u00f3n<\/li><\/ul><\/li><\/ul><p>.<\/p><\/div>\r\n\r\n<div id=\"text-block-0d9c7c27bc076fa73aa15c6a9ddc9532\" class=\"sh-text-block\">\r\n\t<div class=\"numerodos\">3<\/div><p><strong>Documentaci\u00f3n necesaria<\/strong><\/p><\/div>\r\n\r\n<div id=\"text-block-e853bbf9922bf127917e111cc0891270\" class=\"sh-text-block\">\r\n\t<div class=\"wptb-container-legacy\" data-table-id=\"41987\">\n    <table class=\"wptb-preview-table wptb-element-main-table_setting-1137\" data-reconstraction=\"1\" style=\"border: 0px solid rgb(255, 255, 255);\" data-wptb-table-tds-sum-max-width=\"130\" data-wptb-cells-width-auto-count=\"1\" data-wptb-adaptive-table=\"0\" data-table-columns=\"0\"><tbody><tr class=\"wptb-row\" style=\"background-color: rgb(204, 186, 216);\"><td class=\"wptb-cell\" style=\"border-width: 1px; border-color: rgb(255, 255, 255);\" data-wptb-css-td-auto-width=\"true\"><div class=\"wptb-text-container wptb-ph-element wptb-element-text-1\" style=\"font-size: 18px; color: rgb(119, 37, 131);\"><div class=\"\" style=\"position: relative;\"><p class=\"\"><strong>Documentaci\u00f3n a presentar<\/strong><\/p><\/div><\/div><\/td><\/tr><tr class=\"wptb-row\"><td class=\"wptb-cell\" style=\"border-width: 1px; border-color: rgb(255, 255, 255);\" data-wptb-css-td-auto-width=\"true\"><div class=\"wptb-list-container wptb-ph-element wptb-element-list-1\"><ul>            <li class=\"wptb-in-element\">                <div class=\"wptb-list-item-content\" style=\"position: relative;\"><p data-list-style-type-index=\"1.\">Las planillas debidamente llenadas por el afiliado y m\u00e9dico tratante (seg\u00fan corresponda)<br><\/p><\/div>            <\/li>            <li class=\"wptb-in-element\">                <div class=\"wptb-list-item-content\" style=\"position: relative;\"><p data-list-style-type-index=\"2.\">Copias de informes de los Ex\u00e1menes complementarios<br><\/p><\/div>            <\/li><li class=\"wptb-in-element\">                <div class=\"wptb-list-item-content\" style=\"position: relative;\"><p data-list-style-type-index=\"3.\">Copia del bono de sueldo del titular<\/p><\/div>            <\/li><li class=\"wptb-in-element\">                <div class=\"wptb-list-item-content\" style=\"position: relative;\"><p data-list-style-type-index=\"4.\">Copia del DNI del titular (1\u00b0 y 2\u00b0 hoja)<\/p><\/div>            <\/li><li class=\"wptb-in-element\">                <div class=\"wptb-list-item-content\" style=\"position: relative;\"><p data-list-style-type-index=\"5.\">Copia&nbsp;de carnet del afiliado\/paciente<\/p><\/div>            <\/li>                    <\/ul><\/div><\/td><\/tr><\/tbody><\/table>\n<\/div><\/div>\r\n\r\n<div id=\"text-block-450a6e5eda26175b0ea749795fb27af6\" class=\"sh-text-block\">\r\n\t<div class=\"numerodos\">4<\/div><p> <strong>Verificaci\u00f3n de Afiliaciones y Carencias.<\/strong><\/p><div class=\"numerodos\">5<\/div><p> Toda la documentaci\u00f3n presentada ser\u00e1 motivo de un <strong>proceso de auditor\u00eda Farmacol\u00f3gica y M\u00e9dica<\/strong>, que dar\u00e1 como resultado: la autorizaci\u00f3n del o los medicamentos incluidos en el Plan autorizado.<\/p><div class=\"numerodos\">6<\/div><p> \u00danicamente se autorizar\u00e1 la medicaci\u00f3n correspondiente a enfermedad principal y alteraciones consecuencias de enfermedad principal.<\/p><div class=\"numerodos\">7<\/div><p> En caso que la Auditoria de Planes Especiales lo considere oportuno, se solicitar\u00e1 una Evaluaci\u00f3n por Profesionales Especializados, en concepto de segunda opini\u00f3n m\u00e9dica.<\/p><\/div>\r\n\t<\/div>\r\n\r\n\r\n\t\t\r\n\r\n<\/div>\r\n<\/div>\n\n\t<\/div>\r\n<\/section>\r\n\r\n<section class=\"sh-section sh-section-11952b1bf63d0bb8f5d9c8c07533feb1 fw-main-row sh-section-visibility-everywhere\">\r\n\t\r\n\t\r\n\t<div class=\"sh-section-container container\">\r\n\t\t<div class=\"fw-row\">\n\t\r\n<div class=\"sh-column sh-column-2be6ee00392a834d777996ec3a118ea4 fw-col-xs-12 news\" >\r\n\r\n\t\r\n\t<div class=\"sh-column-wrapper\">\r\n\t\t\r\n<div id=\"text-block-bfba8583eadd64474dcfbcb52281ea4c\" class=\"sh-text-block\">\r\n\t<p><img loading=\"lazy\" decoding=\"async\" class=\"wp-image-429 aligncenter\" src=\"http:\/\/osepmendoza.com.ar\/web\/wp-content\/uploads\/2020\/05\/helposep.svg\" alt=\"ayuda\" width=\"84\" height=\"102\" \/><\/p><h2 style=\"text-align: center;\">\u00bfNecesit\u00e1s ayuda?<\/h2><p style=\"text-align: center;\"><span style=\"font-size: 18px;\">Visit\u00e1 nuestra secci\u00f3n de ayuda, preguntas frecuentes y tutoriales.<\/span><\/p><\/div>\r\n\r\n<div id=\"button-c9aa4240d46fa009c60ba4a9e9074d4a\" class=\"sh-button-container  sh-button-style-1\">\r\n\t<div class=\"sh-element-margin\">\r\n\t\t<a href=\"https:\/\/osepmendoza.com.ar\/ayuda\" target=\"_blank\" class=\"sh-button sh-button-medium \">\r\n\r\n\t\t\t\r\n\t\t\t\t\t\t\t<span class=\"sh-button-text\">\r\n\t\t\t\t\tM\u00e1s ayuda\t\t\t\t<\/span>\r\n\t\t\t\r\n\t\t\t\r\n\t\t<\/a>\r\n\t\t\t<\/div>\r\n<\/div>\r\n\t<\/div>\r\n\r\n\r\n\t\t\r\n\r\n<\/div>\r\n<\/div>\n\n\t<\/div>\r\n<\/section>\n","protected":false},"excerpt":{"rendered":"<p>Planes Especiales Requerimientos de Acceso a Planes Especiales Pasos a&#8230;<\/p>\n","protected":false},"author":14,"featured_media":0,"parent":1054,"menu_order":47,"comment_status":"closed","ping_status":"closed","template":"","meta":{"_acf_changed":false,"inline_featured_image":false,"_exactmetrics_skip_tracking":false,"_exactmetrics_sitenote_active":false,"_exactmetrics_sitenote_note":"","_exactmetrics_sitenote_category":0,"footnotes":"","_links_to":"","_links_to_target":""},"class_list":["post-1172","page","type-page","status-publish","hentry"],"acf":[],"yoast_head":"<!-- This site is optimized with the Yoast SEO plugin v27.5 - https:\/\/yoast.com\/product\/yoast-seo-wordpress\/ -->\n<title>Planes Especiales - OSEP Mendoza<\/title>\n<meta name=\"robots\" content=\"index, follow, max-snippet:-1, max-image-preview:large, max-video-preview:-1\" \/>\n<link rel=\"canonical\" href=\"https:\/\/osepmendoza.com.ar\/web\/servicios\/planes-especiales\/\" \/>\n<meta property=\"og:locale\" content=\"es_ES\" \/>\n<meta property=\"og:type\" content=\"article\" \/>\n<meta property=\"og:title\" content=\"Planes Especiales - OSEP Mendoza\" \/>\n<meta property=\"og:description\" content=\"Planes Especiales Requerimientos de Acceso a Planes Especiales Pasos a...\" \/>\n<meta property=\"og:url\" content=\"https:\/\/osepmendoza.com.ar\/web\/servicios\/planes-especiales\/\" \/>\n<meta property=\"og:site_name\" content=\"OSEP Mendoza\" \/>\n<meta property=\"article:publisher\" content=\"https:\/\/www.facebook.com\/OSEP.MendozaArg\/\" \/>\n<meta property=\"article:modified_time\" content=\"2026-01-27T11:31:39+00:00\" \/>\n<meta property=\"og:image\" content=\"https:\/\/osepmendoza.com.ar\/web\/wp-content\/uploads\/2018\/12\/francia2.jpg\" \/>\n\t<meta property=\"og:image:width\" content=\"411\" \/>\n\t<meta property=\"og:image:height\" content=\"310\" \/>\n\t<meta property=\"og:image:type\" content=\"image\/jpeg\" \/>\n<meta name=\"twitter:card\" content=\"summary_large_image\" \/>\n<meta name=\"twitter:site\" content=\"@OsepMza\" \/>\n<meta name=\"twitter:label1\" content=\"Tiempo de lectura\" \/>\n\t<meta name=\"twitter:data1\" content=\"2 minutos\" \/>\n<script type=\"application\/ld+json\" class=\"yoast-schema-graph\">{\"@context\":\"https:\\\/\\\/schema.org\",\"@graph\":[{\"@type\":\"WebPage\",\"@id\":\"https:\\\/\\\/osepmendoza.com.ar\\\/web\\\/servicios\\\/planes-especiales\\\/\",\"url\":\"https:\\\/\\\/osepmendoza.com.ar\\\/web\\\/servicios\\\/planes-especiales\\\/\",\"name\":\"Planes Especiales - OSEP Mendoza\",\"isPartOf\":{\"@id\":\"https:\\\/\\\/osepmendoza.com.ar\\\/web\\\/#website\"},\"primaryImageOfPage\":{\"@id\":\"https:\\\/\\\/osepmendoza.com.ar\\\/web\\\/servicios\\\/planes-especiales\\\/#primaryimage\"},\"image\":{\"@id\":\"https:\\\/\\\/osepmendoza.com.ar\\\/web\\\/servicios\\\/planes-especiales\\\/#primaryimage\"},\"thumbnailUrl\":\"http:\\\/\\\/osepmendoza.com.ar\\\/web\\\/wp-content\\\/uploads\\\/2020\\\/05\\\/tt2.svg\",\"datePublished\":\"2020-05-19T14:19:08+00:00\",\"dateModified\":\"2026-01-27T11:31:39+00:00\",\"breadcrumb\":{\"@id\":\"https:\\\/\\\/osepmendoza.com.ar\\\/web\\\/servicios\\\/planes-especiales\\\/#breadcrumb\"},\"inLanguage\":\"es\",\"potentialAction\":[{\"@type\":\"ReadAction\",\"target\":[\"https:\\\/\\\/osepmendoza.com.ar\\\/web\\\/servicios\\\/planes-especiales\\\/\"]}]},{\"@type\":\"ImageObject\",\"inLanguage\":\"es\",\"@id\":\"https:\\\/\\\/osepmendoza.com.ar\\\/web\\\/servicios\\\/planes-especiales\\\/#primaryimage\",\"url\":\"https:\\\/\\\/osepmendoza.com.ar\\\/web\\\/wp-content\\\/uploads\\\/2020\\\/05\\\/tt2.svg\",\"contentUrl\":\"https:\\\/\\\/osepmendoza.com.ar\\\/web\\\/wp-content\\\/uploads\\\/2020\\\/05\\\/tt2.svg\",\"width\":85,\"height\":85},{\"@type\":\"BreadcrumbList\",\"@id\":\"https:\\\/\\\/osepmendoza.com.ar\\\/web\\\/servicios\\\/planes-especiales\\\/#breadcrumb\",\"itemListElement\":[{\"@type\":\"ListItem\",\"position\":1,\"name\":\"Portada\",\"item\":\"https:\\\/\\\/osepmendoza.com.ar\\\/web\\\/\"},{\"@type\":\"ListItem\",\"position\":2,\"name\":\"Servicios\",\"item\":\"https:\\\/\\\/osepmendoza.com.ar\\\/web\\\/servicios\\\/\"},{\"@type\":\"ListItem\",\"position\":3,\"name\":\"Planes Especiales\"}]},{\"@type\":\"WebSite\",\"@id\":\"https:\\\/\\\/osepmendoza.com.ar\\\/web\\\/#website\",\"url\":\"https:\\\/\\\/osepmendoza.com.ar\\\/web\\\/\",\"name\":\"OSEP Mendoza\",\"description\":\"Obra Social de los Empleados P\u00fablicos de Mendoza\",\"publisher\":{\"@id\":\"https:\\\/\\\/osepmendoza.com.ar\\\/web\\\/#organization\"},\"potentialAction\":[{\"@type\":\"SearchAction\",\"target\":{\"@type\":\"EntryPoint\",\"urlTemplate\":\"https:\\\/\\\/osepmendoza.com.ar\\\/web\\\/?s={search_term_string}\"},\"query-input\":{\"@type\":\"PropertyValueSpecification\",\"valueRequired\":true,\"valueName\":\"search_term_string\"}}],\"inLanguage\":\"es\"},{\"@type\":\"Organization\",\"@id\":\"https:\\\/\\\/osepmendoza.com.ar\\\/web\\\/#organization\",\"name\":\"OSEP - Obra Social de Empleados P\u00fablicos de Mendoza\",\"url\":\"https:\\\/\\\/osepmendoza.com.ar\\\/web\\\/\",\"logo\":{\"@type\":\"ImageObject\",\"inLanguage\":\"es\",\"@id\":\"https:\\\/\\\/osepmendoza.com.ar\\\/web\\\/#\\\/schema\\\/logo\\\/image\\\/\",\"url\":\"https:\\\/\\\/osepmendoza.com.ar\\\/web\\\/wp-content\\\/uploads\\\/2020\\\/04\\\/lkTM9T9z.jpg\",\"contentUrl\":\"https:\\\/\\\/osepmendoza.com.ar\\\/web\\\/wp-content\\\/uploads\\\/2020\\\/04\\\/lkTM9T9z.jpg\",\"width\":334,\"height\":334,\"caption\":\"OSEP - Obra Social de Empleados P\u00fablicos de Mendoza\"},\"image\":{\"@id\":\"https:\\\/\\\/osepmendoza.com.ar\\\/web\\\/#\\\/schema\\\/logo\\\/image\\\/\"},\"sameAs\":[\"https:\\\/\\\/www.facebook.com\\\/OSEP.MendozaArg\\\/\",\"https:\\\/\\\/x.com\\\/OsepMza\",\"https:\\\/\\\/www.instagram.com\\\/osep.mendoza\\\/\",\"https:\\\/\\\/www.youtube.com\\\/user\\\/osepvideos\"]}]}<\/script>\n<!-- \/ Yoast SEO plugin. -->","yoast_head_json":{"title":"Planes Especiales - OSEP Mendoza","robots":{"index":"index","follow":"follow","max-snippet":"max-snippet:-1","max-image-preview":"max-image-preview:large","max-video-preview":"max-video-preview:-1"},"canonical":"https:\/\/osepmendoza.com.ar\/web\/servicios\/planes-especiales\/","og_locale":"es_ES","og_type":"article","og_title":"Planes Especiales - OSEP Mendoza","og_description":"Planes Especiales Requerimientos de Acceso a Planes Especiales Pasos a...","og_url":"https:\/\/osepmendoza.com.ar\/web\/servicios\/planes-especiales\/","og_site_name":"OSEP Mendoza","article_publisher":"https:\/\/www.facebook.com\/OSEP.MendozaArg\/","article_modified_time":"2026-01-27T11:31:39+00:00","og_image":[{"width":411,"height":310,"url":"https:\/\/osepmendoza.com.ar\/web\/wp-content\/uploads\/2018\/12\/francia2.jpg","type":"image\/jpeg"}],"twitter_card":"summary_large_image","twitter_site":"@OsepMza","twitter_misc":{"Tiempo de lectura":"2 minutos"},"schema":{"@context":"https:\/\/schema.org","@graph":[{"@type":"WebPage","@id":"https:\/\/osepmendoza.com.ar\/web\/servicios\/planes-especiales\/","url":"https:\/\/osepmendoza.com.ar\/web\/servicios\/planes-especiales\/","name":"Planes Especiales - OSEP Mendoza","isPartOf":{"@id":"https:\/\/osepmendoza.com.ar\/web\/#website"},"primaryImageOfPage":{"@id":"https:\/\/osepmendoza.com.ar\/web\/servicios\/planes-especiales\/#primaryimage"},"image":{"@id":"https:\/\/osepmendoza.com.ar\/web\/servicios\/planes-especiales\/#primaryimage"},"thumbnailUrl":"http:\/\/osepmendoza.com.ar\/web\/wp-content\/uploads\/2020\/05\/tt2.svg","datePublished":"2020-05-19T14:19:08+00:00","dateModified":"2026-01-27T11:31:39+00:00","breadcrumb":{"@id":"https:\/\/osepmendoza.com.ar\/web\/servicios\/planes-especiales\/#breadcrumb"},"inLanguage":"es","potentialAction":[{"@type":"ReadAction","target":["https:\/\/osepmendoza.com.ar\/web\/servicios\/planes-especiales\/"]}]},{"@type":"ImageObject","inLanguage":"es","@id":"https:\/\/osepmendoza.com.ar\/web\/servicios\/planes-especiales\/#primaryimage","url":"https:\/\/osepmendoza.com.ar\/web\/wp-content\/uploads\/2020\/05\/tt2.svg","contentUrl":"https:\/\/osepmendoza.com.ar\/web\/wp-content\/uploads\/2020\/05\/tt2.svg","width":85,"height":85},{"@type":"BreadcrumbList","@id":"https:\/\/osepmendoza.com.ar\/web\/servicios\/planes-especiales\/#breadcrumb","itemListElement":[{"@type":"ListItem","position":1,"name":"Portada","item":"https:\/\/osepmendoza.com.ar\/web\/"},{"@type":"ListItem","position":2,"name":"Servicios","item":"https:\/\/osepmendoza.com.ar\/web\/servicios\/"},{"@type":"ListItem","position":3,"name":"Planes Especiales"}]},{"@type":"WebSite","@id":"https:\/\/osepmendoza.com.ar\/web\/#website","url":"https:\/\/osepmendoza.com.ar\/web\/","name":"OSEP Mendoza","description":"Obra Social de los Empleados P\u00fablicos de Mendoza","publisher":{"@id":"https:\/\/osepmendoza.com.ar\/web\/#organization"},"potentialAction":[{"@type":"SearchAction","target":{"@type":"EntryPoint","urlTemplate":"https:\/\/osepmendoza.com.ar\/web\/?s={search_term_string}"},"query-input":{"@type":"PropertyValueSpecification","valueRequired":true,"valueName":"search_term_string"}}],"inLanguage":"es"},{"@type":"Organization","@id":"https:\/\/osepmendoza.com.ar\/web\/#organization","name":"OSEP - Obra Social de Empleados P\u00fablicos de Mendoza","url":"https:\/\/osepmendoza.com.ar\/web\/","logo":{"@type":"ImageObject","inLanguage":"es","@id":"https:\/\/osepmendoza.com.ar\/web\/#\/schema\/logo\/image\/","url":"https:\/\/osepmendoza.com.ar\/web\/wp-content\/uploads\/2020\/04\/lkTM9T9z.jpg","contentUrl":"https:\/\/osepmendoza.com.ar\/web\/wp-content\/uploads\/2020\/04\/lkTM9T9z.jpg","width":334,"height":334,"caption":"OSEP - Obra Social de Empleados P\u00fablicos de Mendoza"},"image":{"@id":"https:\/\/osepmendoza.com.ar\/web\/#\/schema\/logo\/image\/"},"sameAs":["https:\/\/www.facebook.com\/OSEP.MendozaArg\/","https:\/\/x.com\/OsepMza","https:\/\/www.instagram.com\/osep.mendoza\/","https:\/\/www.youtube.com\/user\/osepvideos"]}]}},"amp_enabled":true,"_links":{"self":[{"href":"https:\/\/osepmendoza.com.ar\/web\/wp-json\/wp\/v2\/pages\/1172","targetHints":{"allow":["GET"]}}],"collection":[{"href":"https:\/\/osepmendoza.com.ar\/web\/wp-json\/wp\/v2\/pages"}],"about":[{"href":"https:\/\/osepmendoza.com.ar\/web\/wp-json\/wp\/v2\/types\/page"}],"author":[{"embeddable":true,"href":"https:\/\/osepmendoza.com.ar\/web\/wp-json\/wp\/v2\/users\/14"}],"replies":[{"embeddable":true,"href":"https:\/\/osepmendoza.com.ar\/web\/wp-json\/wp\/v2\/comments?post=1172"}],"version-history":[{"count":8,"href":"https:\/\/osepmendoza.com.ar\/web\/wp-json\/wp\/v2\/pages\/1172\/revisions"}],"predecessor-version":[{"id":59967,"href":"https:\/\/osepmendoza.com.ar\/web\/wp-json\/wp\/v2\/pages\/1172\/revisions\/59967"}],"up":[{"embeddable":true,"href":"https:\/\/osepmendoza.com.ar\/web\/wp-json\/wp\/v2\/pages\/1054"}],"wp:attachment":[{"href":"https:\/\/osepmendoza.com.ar\/web\/wp-json\/wp\/v2\/media?parent=1172"}],"curies":[{"name":"wp","href":"https:\/\/api.w.org\/{rel}","templated":true}]}}