{"id":1026,"date":"2020-05-15T14:53:29","date_gmt":"2020-05-15T14:53:29","guid":{"rendered":"http:\/\/34.67.86.69\/?page_id=1026"},"modified":"2025-06-30T09:40:50","modified_gmt":"2025-06-30T12:40:50","slug":"subsidios-y-reintegros","status":"publish","type":"page","link":"https:\/\/osepmendoza.com.ar\/web\/tramites-y-consultas-2\/subsidios-y-reintegros\/","title":{"rendered":"Subsidios y Reintegros"},"content":{"rendered":"<section class=\"sh-section sh-section-827082db83664970c10192a21ca3210b fw-main-row sh-section-visibility-everywhere\">\r\n\t\r\n\t\r\n\t<div class=\"sh-section-container container\">\r\n\t\t\t<\/div>\r\n<\/section>\r\n\r\n<section class=\"sh-section sh-section-24a431f2542ef03acd45ae7c4ba5d9ca fw-main-row sh-section-visibility-everywhere\">\r\n\t\r\n\t\r\n\t<div class=\"sh-section-container container\">\r\n\t\t<div class=\"fw-row\">\n\t\r\n<div class=\"sh-column sh-column-107674e4341b6c4d4a45669c0eaec7ba fw-col-xs-12\" >\r\n\r\n\t\r\n\t<div class=\"sh-column-wrapper\">\r\n\t\t\r\n<div id=\"text-block-28191f6aa4b2ca62c7247161ad89a6ec\" class=\"sh-text-block\">\r\n\t<h2 style=\"margin-bottom: 15px; text-align: center;\"><span style=\"color: #746e80; font-size: 30px;\"><img loading=\"lazy\" decoding=\"async\" class=\"alignnone size-full wp-image-453\" src=\"http:\/\/osepmendoza.com.ar\/web\/wp-content\/uploads\/2020\/05\/subsidio.svg\" alt=\"prestadores\" width=\"64\" height=\"64\" \/> Subsidios y Reintegros<\/span><\/h2><\/div>\r\n\r\n<div id=\"divider-4e7f2ab55400a3fa88177f673fe59939\" class=\"sh-divider sh-divider-center sh-divider-content-none\">\r\n\t\t\t<div class=\"sh-divider-line\"><\/div>\r\n\t<\/div>\r\n\t<\/div>\r\n\r\n\r\n\t\t\r\n\r\n<\/div>\r\n<\/div>\n\n<div class=\"fw-row\">\n\t\r\n<div class=\"sh-column sh-column-da6c8e62528ea303a2707cc5ace72f44 fw-col-xs-12 fw-col-sm-2\" >\r\n\r\n\t\r\n\t<div class=\"sh-column-wrapper\">\r\n\t\t\t<\/div>\r\n\r\n\r\n\t\t\r\n\r\n<\/div>\r\n\r\n<div class=\"sh-column sh-column-ddceadbf8b0455f1ac06a19636edd923 fw-col-xs-12 fw-col-sm-8\" >\r\n\r\n\t\r\n\t<div class=\"sh-column-wrapper\">\r\n\t\t\r\n<div id=\"text-block-49813f7b3d07cf18d833ced7a82199cd\" class=\"sh-text-block\">\r\n\t<p><span style=\"color: #ffffff;\"><span style=\"font-size: 18px;\"><strong>Importante: <\/strong><\/span> De acuerdo a la resoluci\u00f3n N\u00ba 900\/92 del honorable directorio de OSEP, el afiliado cuenta con un plazo de 60 d\u00edas corridos a partir de la fecha de emisi\u00f3n de la factura o recibo, sin excepci\u00f3n.<\/span><\/p><\/div>\r\n\t<\/div>\r\n\r\n\r\n\t\t\r\n\r\n<\/div>\r\n\r\n<div class=\"sh-column sh-column-7c7c97e303893cbdc36d41211516ff8c fw-col-xs-12 fw-col-sm-2\" >\r\n\r\n\t\r\n\t<div class=\"sh-column-wrapper\">\r\n\t\t\t<\/div>\r\n\r\n\r\n\t\t\r\n\r\n<\/div>\r\n<\/div>\n\n\t<\/div>\r\n<\/section>\r\n\r\n<section class=\"sh-section sh-section-3ada0692a6cad8c9d8ce792998bcaff7 fw-main-row sh-section-visibility-everywhere\">\r\n\t\r\n\t\r\n\t<div class=\"sh-section-container container\">\r\n\t\t<div class=\"fw-row\">\n\t\r\n<div class=\"sh-column sh-column-99191c2399b7e67ff7305c3847184bca fw-col-xs-12 fw-col-sm-6\" >\r\n\r\n\t\r\n\t<div class=\"sh-column-wrapper\">\r\n\t\t\r\n<div id=\"text-block-c0fec1ba49326de4562983b52c8105bc\" class=\"sh-text-block\">\r\n\t<h3><\/h3><h3 style=\"text-align: left;\">\u00bfD\u00f3nde y cu\u00e1ndo se realizan los reintegros?<\/h3><\/div>\r\n\t<\/div>\r\n\r\n\r\n\t\t\r\n\r\n<\/div>\r\n\r\n<div class=\"sh-column sh-column-cdbdee03bb78d8901175ffb5eec8e95f fw-col-xs-12 fw-col-sm-6\" >\r\n\r\n\t\r\n\t<div class=\"sh-column-wrapper\">\r\n\t\t\r\n<ul class=\"sh-list sh-list-style4\" id=\"list-07b6fcc017372511f3e383064d48e057\">\r\n\t\t\t<li class=\"sh-list-item\">\r\n\t\t\t<span class=\"sh-list-icon\">\r\n\t\t\t\t<i class=\"ti-alarm-clock\"><\/i>\r\n\t\t\t<\/span>\r\n\t\t\tD\u00edas lunes a viernes de 8:30 a 14:30\t\t<\/li>\r\n\t<\/ul>\r\n\r\n<ul class=\"sh-list sh-list-style4\" id=\"list-98a0b096aa13fd2027c260a720b11c9f\">\r\n\t\t\t<li class=\"sh-list-item\">\r\n\t\t\t<span class=\"sh-list-icon\">\r\n\t\t\t\t<i class=\"ti-location-pin\"><\/i>\r\n\t\t\t<\/span>\r\n\t\t\tLa l\u00ednea de caja del Departamento de Tesorer\u00eda de Direcci\u00f3n General.\t\t<\/li>\r\n\t<\/ul>\r\n\r\n<ul class=\"sh-list sh-list-style4\" id=\"list-f2df09ddafbe37ed03e26cf74292e994\">\r\n\t\t\t<li class=\"sh-list-item\">\r\n\t\t\t<span class=\"sh-list-icon\">\r\n\t\t\t\t<i class=\"icon-phone\"><\/i>\r\n\t\t\t<\/span>\r\n\t\t\tDepartamento de Reintegro Tel: 4615000 int. 5032\t\t<\/li>\r\n\t<\/ul>\r\n\t<\/div>\r\n\r\n\r\n\t\t\r\n\r\n<\/div>\r\n<\/div>\n\n\t<\/div>\r\n<\/section>\r\n\r\n<section class=\"sh-section sh-section-9942d1e38d22dff98a19e57a8d241026 fw-main-row sh-section-visibility-everywhere\">\r\n\t\r\n\t\r\n\t<div class=\"sh-section-container container\">\r\n\t\t<div class=\"fw-row\">\n\t\r\n<div class=\"sh-column sh-column-0542a8e380b186b08b185b6a304f199f fw-col-xs-12\" >\r\n\r\n\t\r\n\t<div class=\"sh-column-wrapper\">\r\n\t\t\r\n<div id=\"divider-217bbe757428681851a3454b34e0b6d7\" class=\"sh-divider sh-divider-center sh-divider-content-none\">\r\n\t\t\t<div class=\"sh-divider-line\"><\/div>\r\n\t<\/div>\r\n\r\n<div id=\"text-block-9002688319bbccca38c3e2ad0616dfc3\" class=\"sh-text-block\">\r\n\t<h3 style=\"text-align: left;\">Consideraciones<\/h3><p>Los comprobantes deber\u00e1n ser presentados en original de acuerdo con lo exigido por el honorable tribunal de cuentas de la provincia.<\/p><\/div>\r\n\r\n<div id=\"divider-5ac36e7e11c9de6947bc91865373bfa9\" class=\"sh-divider sh-divider-center sh-divider-content-none\">\r\n\t\t\t<div class=\"sh-divider-line\"><\/div>\r\n\t<\/div>\r\n\t<\/div>\r\n\r\n\r\n\t\t\r\n\r\n<\/div>\r\n<\/div>\n\n<div class=\"fw-row\">\n\t\r\n<div class=\"sh-column sh-column-7bfa1f3b06494fb61abb81892cf9fafe fw-col-xs-12\" >\r\n\r\n\t\r\n\t<div class=\"sh-column-wrapper\">\r\n\t\t\r\n<div id=\"text-block-30e502469d65a66b8c2d23846b68919d\" class=\"sh-text-block\">\r\n\t<div class=\"wptb-container-legacy\" data-table-id=\"41984\">\n    <table class=\"wptb-preview-table wptb-table-preview-head wptb-element-main-table_setting-1046\" data-reconstraction=\"1\" style=\"border: 2px solid rgb(96, 39, 96);\" data-wptb-table-tds-sum-max-width=\"394\" data-wptb-cells-width-auto-count=\"3\" data-wptb-adaptive-table=\"1\" data-table-columns=\"2\"><tbody><tr class=\"wptb-row\" style=\"background-color: rgb(250, 242, 255);\"><td class=\"wptb-cell\" style=\"border-width: 1px; border-color: rgb(96, 39, 96);\" data-wptb-css-td-auto-width=\"true\"><div class=\"wptb-text-container wptb-ph-element wptb-element-text-1\" style=\"color: rgb(96, 39, 96);\"><div class=\"\" style=\"position: relative;\"><p><strong>Subsidio\/reintegro<\/strong><\/p><\/div><\/div><\/td><td class=\"wptb-cell\" style=\"border-width: 1px; border-color: rgb(96, 39, 96);\" data-wptb-css-td-auto-width=\"true\"><div class=\"wptb-text-container wptb-ph-element wptb-element-text-2\" style=\"color: rgb(96, 39, 96);\"><div class=\"\" style=\"position: relative;\"><p><strong>Nota<\/strong><\/p><\/div><\/div><\/td><td class=\"wptb-cell\" style=\"border-width: 1px; border-color: rgb(96, 39, 96);\" data-wptb-css-td-auto-width=\"true\"><div class=\"wptb-text-container wptb-ph-element wptb-element-text-3\" style=\"color: rgb(96, 39, 96);\"><div class=\"\" style=\"position: relative;\"><p class=\"\"><strong>Requisito<\/strong><\/p><\/div><\/div><\/td><\/tr><tr class=\"wptb-row\"><td class=\"wptb-cell\" style=\"border-width: 1px; border-color: rgb(96, 39, 96);\" data-wptb-css-td-auto-width=\"true\"><div class=\"wptb-text-container wptb-ph-element wptb-element-text-4\" style=\"font-size: 18px;\"><div class=\"\" style=\"position: relative;\"><p class=\"\"><strong>Pa\u00f1ales Descartables<\/strong><\/p><\/div><\/div><\/td><td class=\"wptb-cell\" style=\"border-width: 1px; border-color: rgb(96, 39, 96);\" data-wptb-css-td-auto-width=\"true\"><div class=\"wptb-text-container wptb-ph-element wptb-element-text-6\"><div class=\"\" style=\"position: relative;\"><p>Previo haber iniciado el tr\u00e1mite en Planes Especiales.<\/p><\/div><\/div><\/td><td class=\"wptb-cell\" style=\"border-width: 1px; border-color: rgb(96, 39, 96);\" data-wptb-css-td-auto-width=\"true\"><div class=\"wptb-list-container wptb-ph-element wptb-element-list-1\"><ul>            <li class=\"wptb-in-element\">                <div class=\"wptb-list-item-content\" style=\"position: relative;\"><p data-list-style-type-index=\"1.\">Receta Oficial: original y copia.<\/p><\/div>            <\/li>            <li class=\"wptb-in-element\">                <div class=\"wptb-list-item-content\" style=\"position: relative;\"><p data-list-style-type-index=\"2.\">Factura (B o C) o ticket: original y copia, con nombre y n\u00ba de afiliado.<\/p><\/div>            <\/li>            <li class=\"wptb-in-element\">                <div class=\"wptb-list-item-content\" style=\"position: relative;\"><p data-list-style-type-index=\"3.\">\u00daltimo bono de sueldo: 2 copias.<\/p><\/div>            <\/li><li class=\"wptb-in-element\">                <div class=\"wptb-list-item-content\" style=\"position: relative;\"><p data-list-style-type-index=\"4.\">Carnet OSEP: 2 copias.<\/p><\/div>            <\/li>        <\/ul><\/div><\/td><\/tr><tr class=\"wptb-row\" style=\"background-color: rgb(244, 244, 244);\"><td class=\"wptb-cell\" style=\"border-width: 1px; border-color: rgb(96, 39, 96);\" data-wptb-css-td-auto-width=\"true\"><div class=\"wptb-text-container wptb-ph-element wptb-element-text-5\" style=\"font-size: 18px;\"><div class=\"\" style=\"position: relative;\"><p><strong>Cel\u00edacos<\/strong><\/p><\/div><\/div><\/td><td class=\"wptb-cell\" style=\"border-width: 1px; border-color: rgb(96, 39, 96);\" data-wptb-css-td-auto-width=\"true\"><div class=\"wptb-text-container wptb-ph-element wptb-element-text-7\"><div class=\"\" style=\"position: relative;\"><p>Inclu\u00eddos en el programa \u201cVivir como Cel\u00edaco\u201d.<\/p><\/div><\/div><\/td><td class=\"wptb-cell\" style=\"border-width: 1px; border-color: rgb(96, 39, 96);\" data-wptb-css-td-auto-width=\"true\"><div class=\"wptb-list-container wptb-ph-element wptb-element-list-2\"><ul>            <li class=\"wptb-in-element\">                <div class=\"wptb-list-item-content\" style=\"position: relative;\"><p data-list-style-type-index=\"1.\">Factura (B o C) o ticket: originales y copias firmados por el responsable del programa vivir como cel\u00edaco.<\/p><\/div>            <\/li>            <li class=\"wptb-in-element\">                <div class=\"wptb-list-item-content\" style=\"position: relative;\"><p data-list-style-type-index=\"2.\">La presentaci\u00f3n de estos comprobantes se realiza de modo bimestral.<\/p><\/div>            <\/li>                    <\/ul><\/div><\/td><\/tr><\/tbody><\/table>\n<\/div><\/div>\r\n\t<\/div>\r\n\r\n\r\n\t\t\r\n\r\n<\/div>\r\n<\/div>\n\n\t<\/div>\r\n<\/section>\r\n\r\n<section class=\"sh-section sh-section-11952b1bf63d0bb8f5d9c8c07533feb1 fw-main-row sh-section-visibility-everywhere\">\r\n\t\r\n\t\r\n\t<div class=\"sh-section-container container\">\r\n\t\t<div class=\"fw-row\">\n\t\r\n<div class=\"sh-column sh-column-2be6ee00392a834d777996ec3a118ea4 fw-col-xs-12 news\" >\r\n\r\n\t\r\n\t<div class=\"sh-column-wrapper\">\r\n\t\t\r\n<div id=\"text-block-bfba8583eadd64474dcfbcb52281ea4c\" class=\"sh-text-block\">\r\n\t<p><img loading=\"lazy\" decoding=\"async\" class=\"wp-image-429 aligncenter\" src=\"http:\/\/osepmendoza.com.ar\/web\/wp-content\/uploads\/2020\/05\/helposep.svg\" alt=\"ayuda\" width=\"84\" height=\"102\" \/><\/p><h2 style=\"text-align: center;\">\u00bfNecesit\u00e1s m\u00e1s ayuda?<\/h2><p style=\"text-align: center;\"><span style=\"font-size: 18px;\">Visit\u00e1 nuestra secci\u00f3n de ayuda, preguntas frecuentes y tutoriales.<\/span><\/p><\/div>\r\n\r\n<div id=\"button-c9aa4240d46fa009c60ba4a9e9074d4a\" class=\"sh-button-container  sh-button-style-1\">\r\n\t<div class=\"sh-element-margin\">\r\n\t\t<a href=\"https:\/\/osepmendoza.com.ar\/web\/ayuda\" target=\"_blank\" class=\"sh-button sh-button-medium \">\r\n\r\n\t\t\t\r\n\t\t\t\t\t\t\t<span class=\"sh-button-text\">\r\n\t\t\t\t\tM\u00e1s ayuda\t\t\t\t<\/span>\r\n\t\t\t\r\n\t\t\t\r\n\t\t<\/a>\r\n\t\t\t<\/div>\r\n<\/div>\r\n\t<\/div>\r\n\r\n\r\n\t\t\r\n\r\n<\/div>\r\n<\/div>\n\n\t<\/div>\r\n<\/section>\n","protected":false},"excerpt":{"rendered":"<p>Subsidios y Reintegros Importante: De acuerdo a la resoluci\u00f3n N\u00ba&#8230;<\/p>\n","protected":false},"author":14,"featured_media":0,"parent":41855,"menu_order":52,"comment_status":"closed","ping_status":"closed","template":"","meta":{"_acf_changed":false,"inline_featured_image":false,"_exactmetrics_skip_tracking":false,"_exactmetrics_sitenote_active":false,"_exactmetrics_sitenote_note":"","_exactmetrics_sitenote_category":0,"footnotes":""},"class_list":["post-1026","page","type-page","status-publish","hentry"],"acf":[],"yoast_head":"<!-- This site is optimized with the Yoast SEO plugin v27.3 - https:\/\/yoast.com\/product\/yoast-seo-wordpress\/ -->\n<title>Subsidios y Reintegros - OSEP Mendoza<\/title>\n<meta name=\"robots\" content=\"index, follow, max-snippet:-1, max-image-preview:large, max-video-preview:-1\" \/>\n<link rel=\"canonical\" href=\"https:\/\/osepmendoza.com.ar\/web\/tramites-y-consultas-2\/subsidios-y-reintegros\/\" \/>\n<meta property=\"og:locale\" content=\"es_ES\" \/>\n<meta property=\"og:type\" content=\"article\" \/>\n<meta property=\"og:title\" content=\"Subsidios y Reintegros - OSEP Mendoza\" \/>\n<meta property=\"og:description\" content=\"Subsidios y Reintegros Importante: De acuerdo a la resoluci\u00f3n N\u00ba...\" \/>\n<meta property=\"og:url\" content=\"https:\/\/osepmendoza.com.ar\/web\/tramites-y-consultas-2\/subsidios-y-reintegros\/\" \/>\n<meta property=\"og:site_name\" content=\"OSEP Mendoza\" \/>\n<meta property=\"article:publisher\" content=\"https:\/\/www.facebook.com\/OSEP.MendozaArg\/\" \/>\n<meta property=\"article:modified_time\" content=\"2025-06-30T12:40:50+00:00\" \/>\n<meta property=\"og:image\" content=\"https:\/\/osepmendoza.com.ar\/web\/wp-content\/uploads\/2018\/12\/francia2.jpg\" \/>\n\t<meta property=\"og:image:width\" content=\"411\" \/>\n\t<meta property=\"og:image:height\" content=\"310\" \/>\n\t<meta property=\"og:image:type\" content=\"image\/jpeg\" \/>\n<meta name=\"twitter:card\" content=\"summary_large_image\" \/>\n<meta name=\"twitter:site\" content=\"@OsepMza\" \/>\n<meta name=\"twitter:label1\" content=\"Tiempo de lectura\" \/>\n\t<meta name=\"twitter:data1\" content=\"2 minutos\" \/>\n<script type=\"application\/ld+json\" class=\"yoast-schema-graph\">{\"@context\":\"https:\\\/\\\/schema.org\",\"@graph\":[{\"@type\":\"WebPage\",\"@id\":\"https:\\\/\\\/osepmendoza.com.ar\\\/web\\\/tramites-y-consultas-2\\\/subsidios-y-reintegros\\\/\",\"url\":\"https:\\\/\\\/osepmendoza.com.ar\\\/web\\\/tramites-y-consultas-2\\\/subsidios-y-reintegros\\\/\",\"name\":\"Subsidios y Reintegros - OSEP Mendoza\",\"isPartOf\":{\"@id\":\"https:\\\/\\\/osepmendoza.com.ar\\\/web\\\/#website\"},\"primaryImageOfPage\":{\"@id\":\"https:\\\/\\\/osepmendoza.com.ar\\\/web\\\/tramites-y-consultas-2\\\/subsidios-y-reintegros\\\/#primaryimage\"},\"image\":{\"@id\":\"https:\\\/\\\/osepmendoza.com.ar\\\/web\\\/tramites-y-consultas-2\\\/subsidios-y-reintegros\\\/#primaryimage\"},\"thumbnailUrl\":\"http:\\\/\\\/osepmendoza.com.ar\\\/web\\\/wp-content\\\/uploads\\\/2020\\\/05\\\/subsidio.svg\",\"datePublished\":\"2020-05-15T14:53:29+00:00\",\"dateModified\":\"2025-06-30T12:40:50+00:00\",\"breadcrumb\":{\"@id\":\"https:\\\/\\\/osepmendoza.com.ar\\\/web\\\/tramites-y-consultas-2\\\/subsidios-y-reintegros\\\/#breadcrumb\"},\"inLanguage\":\"es\",\"potentialAction\":[{\"@type\":\"ReadAction\",\"target\":[\"https:\\\/\\\/osepmendoza.com.ar\\\/web\\\/tramites-y-consultas-2\\\/subsidios-y-reintegros\\\/\"]}]},{\"@type\":\"ImageObject\",\"inLanguage\":\"es\",\"@id\":\"https:\\\/\\\/osepmendoza.com.ar\\\/web\\\/tramites-y-consultas-2\\\/subsidios-y-reintegros\\\/#primaryimage\",\"url\":\"https:\\\/\\\/osepmendoza.com.ar\\\/web\\\/wp-content\\\/uploads\\\/2020\\\/05\\\/subsidio.svg\",\"contentUrl\":\"https:\\\/\\\/osepmendoza.com.ar\\\/web\\\/wp-content\\\/uploads\\\/2020\\\/05\\\/subsidio.svg\",\"width\":85,\"height\":85},{\"@type\":\"BreadcrumbList\",\"@id\":\"https:\\\/\\\/osepmendoza.com.ar\\\/web\\\/tramites-y-consultas-2\\\/subsidios-y-reintegros\\\/#breadcrumb\",\"itemListElement\":[{\"@type\":\"ListItem\",\"position\":1,\"name\":\"Portada\",\"item\":\"https:\\\/\\\/osepmendoza.com.ar\\\/web\\\/\"},{\"@type\":\"ListItem\",\"position\":2,\"name\":\"Tr\u00e1mites y Consultas\",\"item\":\"https:\\\/\\\/osepmendoza.com.ar\\\/web\\\/tramites-y-consultas-2\\\/\"},{\"@type\":\"ListItem\",\"position\":3,\"name\":\"Subsidios y Reintegros\"}]},{\"@type\":\"WebSite\",\"@id\":\"https:\\\/\\\/osepmendoza.com.ar\\\/web\\\/#website\",\"url\":\"https:\\\/\\\/osepmendoza.com.ar\\\/web\\\/\",\"name\":\"OSEP Mendoza\",\"description\":\"Obra Social de los Empleados P\u00fablicos de Mendoza\",\"publisher\":{\"@id\":\"https:\\\/\\\/osepmendoza.com.ar\\\/web\\\/#organization\"},\"potentialAction\":[{\"@type\":\"SearchAction\",\"target\":{\"@type\":\"EntryPoint\",\"urlTemplate\":\"https:\\\/\\\/osepmendoza.com.ar\\\/web\\\/?s={search_term_string}\"},\"query-input\":{\"@type\":\"PropertyValueSpecification\",\"valueRequired\":true,\"valueName\":\"search_term_string\"}}],\"inLanguage\":\"es\"},{\"@type\":\"Organization\",\"@id\":\"https:\\\/\\\/osepmendoza.com.ar\\\/web\\\/#organization\",\"name\":\"OSEP - Obra Social de Empleados P\u00fablicos de Mendoza\",\"url\":\"https:\\\/\\\/osepmendoza.com.ar\\\/web\\\/\",\"logo\":{\"@type\":\"ImageObject\",\"inLanguage\":\"es\",\"@id\":\"https:\\\/\\\/osepmendoza.com.ar\\\/web\\\/#\\\/schema\\\/logo\\\/image\\\/\",\"url\":\"https:\\\/\\\/osepmendoza.com.ar\\\/web\\\/wp-content\\\/uploads\\\/2020\\\/04\\\/lkTM9T9z.jpg\",\"contentUrl\":\"https:\\\/\\\/osepmendoza.com.ar\\\/web\\\/wp-content\\\/uploads\\\/2020\\\/04\\\/lkTM9T9z.jpg\",\"width\":334,\"height\":334,\"caption\":\"OSEP - Obra Social de Empleados P\u00fablicos de Mendoza\"},\"image\":{\"@id\":\"https:\\\/\\\/osepmendoza.com.ar\\\/web\\\/#\\\/schema\\\/logo\\\/image\\\/\"},\"sameAs\":[\"https:\\\/\\\/www.facebook.com\\\/OSEP.MendozaArg\\\/\",\"https:\\\/\\\/x.com\\\/OsepMza\",\"https:\\\/\\\/www.instagram.com\\\/osep.mendoza\\\/\",\"https:\\\/\\\/www.youtube.com\\\/user\\\/osepvideos\"]}]}<\/script>\n<!-- \/ Yoast SEO plugin. -->","yoast_head_json":{"title":"Subsidios y Reintegros - OSEP Mendoza","robots":{"index":"index","follow":"follow","max-snippet":"max-snippet:-1","max-image-preview":"max-image-preview:large","max-video-preview":"max-video-preview:-1"},"canonical":"https:\/\/osepmendoza.com.ar\/web\/tramites-y-consultas-2\/subsidios-y-reintegros\/","og_locale":"es_ES","og_type":"article","og_title":"Subsidios y Reintegros - OSEP Mendoza","og_description":"Subsidios y Reintegros Importante: De acuerdo a la resoluci\u00f3n N\u00ba...","og_url":"https:\/\/osepmendoza.com.ar\/web\/tramites-y-consultas-2\/subsidios-y-reintegros\/","og_site_name":"OSEP Mendoza","article_publisher":"https:\/\/www.facebook.com\/OSEP.MendozaArg\/","article_modified_time":"2025-06-30T12:40:50+00:00","og_image":[{"width":411,"height":310,"url":"https:\/\/osepmendoza.com.ar\/web\/wp-content\/uploads\/2018\/12\/francia2.jpg","type":"image\/jpeg"}],"twitter_card":"summary_large_image","twitter_site":"@OsepMza","twitter_misc":{"Tiempo de lectura":"2 minutos"},"schema":{"@context":"https:\/\/schema.org","@graph":[{"@type":"WebPage","@id":"https:\/\/osepmendoza.com.ar\/web\/tramites-y-consultas-2\/subsidios-y-reintegros\/","url":"https:\/\/osepmendoza.com.ar\/web\/tramites-y-consultas-2\/subsidios-y-reintegros\/","name":"Subsidios y Reintegros - OSEP Mendoza","isPartOf":{"@id":"https:\/\/osepmendoza.com.ar\/web\/#website"},"primaryImageOfPage":{"@id":"https:\/\/osepmendoza.com.ar\/web\/tramites-y-consultas-2\/subsidios-y-reintegros\/#primaryimage"},"image":{"@id":"https:\/\/osepmendoza.com.ar\/web\/tramites-y-consultas-2\/subsidios-y-reintegros\/#primaryimage"},"thumbnailUrl":"http:\/\/osepmendoza.com.ar\/web\/wp-content\/uploads\/2020\/05\/subsidio.svg","datePublished":"2020-05-15T14:53:29+00:00","dateModified":"2025-06-30T12:40:50+00:00","breadcrumb":{"@id":"https:\/\/osepmendoza.com.ar\/web\/tramites-y-consultas-2\/subsidios-y-reintegros\/#breadcrumb"},"inLanguage":"es","potentialAction":[{"@type":"ReadAction","target":["https:\/\/osepmendoza.com.ar\/web\/tramites-y-consultas-2\/subsidios-y-reintegros\/"]}]},{"@type":"ImageObject","inLanguage":"es","@id":"https:\/\/osepmendoza.com.ar\/web\/tramites-y-consultas-2\/subsidios-y-reintegros\/#primaryimage","url":"https:\/\/osepmendoza.com.ar\/web\/wp-content\/uploads\/2020\/05\/subsidio.svg","contentUrl":"https:\/\/osepmendoza.com.ar\/web\/wp-content\/uploads\/2020\/05\/subsidio.svg","width":85,"height":85},{"@type":"BreadcrumbList","@id":"https:\/\/osepmendoza.com.ar\/web\/tramites-y-consultas-2\/subsidios-y-reintegros\/#breadcrumb","itemListElement":[{"@type":"ListItem","position":1,"name":"Portada","item":"https:\/\/osepmendoza.com.ar\/web\/"},{"@type":"ListItem","position":2,"name":"Tr\u00e1mites y Consultas","item":"https:\/\/osepmendoza.com.ar\/web\/tramites-y-consultas-2\/"},{"@type":"ListItem","position":3,"name":"Subsidios y Reintegros"}]},{"@type":"WebSite","@id":"https:\/\/osepmendoza.com.ar\/web\/#website","url":"https:\/\/osepmendoza.com.ar\/web\/","name":"OSEP Mendoza","description":"Obra Social de los Empleados P\u00fablicos de Mendoza","publisher":{"@id":"https:\/\/osepmendoza.com.ar\/web\/#organization"},"potentialAction":[{"@type":"SearchAction","target":{"@type":"EntryPoint","urlTemplate":"https:\/\/osepmendoza.com.ar\/web\/?s={search_term_string}"},"query-input":{"@type":"PropertyValueSpecification","valueRequired":true,"valueName":"search_term_string"}}],"inLanguage":"es"},{"@type":"Organization","@id":"https:\/\/osepmendoza.com.ar\/web\/#organization","name":"OSEP - Obra Social de Empleados P\u00fablicos de Mendoza","url":"https:\/\/osepmendoza.com.ar\/web\/","logo":{"@type":"ImageObject","inLanguage":"es","@id":"https:\/\/osepmendoza.com.ar\/web\/#\/schema\/logo\/image\/","url":"https:\/\/osepmendoza.com.ar\/web\/wp-content\/uploads\/2020\/04\/lkTM9T9z.jpg","contentUrl":"https:\/\/osepmendoza.com.ar\/web\/wp-content\/uploads\/2020\/04\/lkTM9T9z.jpg","width":334,"height":334,"caption":"OSEP - Obra Social de Empleados P\u00fablicos de Mendoza"},"image":{"@id":"https:\/\/osepmendoza.com.ar\/web\/#\/schema\/logo\/image\/"},"sameAs":["https:\/\/www.facebook.com\/OSEP.MendozaArg\/","https:\/\/x.com\/OsepMza","https:\/\/www.instagram.com\/osep.mendoza\/","https:\/\/www.youtube.com\/user\/osepvideos"]}]}},"amp_enabled":true,"_links":{"self":[{"href":"https:\/\/osepmendoza.com.ar\/web\/wp-json\/wp\/v2\/pages\/1026","targetHints":{"allow":["GET"]}}],"collection":[{"href":"https:\/\/osepmendoza.com.ar\/web\/wp-json\/wp\/v2\/pages"}],"about":[{"href":"https:\/\/osepmendoza.com.ar\/web\/wp-json\/wp\/v2\/types\/page"}],"author":[{"embeddable":true,"href":"https:\/\/osepmendoza.com.ar\/web\/wp-json\/wp\/v2\/users\/14"}],"replies":[{"embeddable":true,"href":"https:\/\/osepmendoza.com.ar\/web\/wp-json\/wp\/v2\/comments?post=1026"}],"version-history":[{"count":4,"href":"https:\/\/osepmendoza.com.ar\/web\/wp-json\/wp\/v2\/pages\/1026\/revisions"}],"predecessor-version":[{"id":58279,"href":"https:\/\/osepmendoza.com.ar\/web\/wp-json\/wp\/v2\/pages\/1026\/revisions\/58279"}],"up":[{"embeddable":true,"href":"https:\/\/osepmendoza.com.ar\/web\/wp-json\/wp\/v2\/pages\/41855"}],"wp:attachment":[{"href":"https:\/\/osepmendoza.com.ar\/web\/wp-json\/wp\/v2\/media?parent=1026"}],"curies":[{"name":"wp","href":"https:\/\/api.w.org\/{rel}","templated":true}]}}